{"id":9929,"date":"2023-07-19T02:50:15","date_gmt":"2023-07-19T02:50:15","guid":{"rendered":"https:\/\/gymupstore.cl\/?post_type=product&#038;p=9929"},"modified":"2023-07-19T03:00:38","modified_gmt":"2023-07-19T03:00:38","slug":"cuphead-limited-edition-nsw","status":"publish","type":"product","link":"https:\/\/gymupstore.cl\/index.php\/producto\/cuphead-limited-edition-nsw\/","title":{"rendered":"Cuphead Limited Edition | NSW"},"content":{"rendered":"<div class=\"video-shortcode\"><iframe title=\"Cuphead - Tr\u00e1iler de presentaci\u00f3n (Nintendo Switch)\" width=\"1325\" height=\"745\" src=\"https:\/\/www.youtube.com\/embed\/GjZupy36_sM?feature=oembed\" frameborder=\"0\" allow=\"accelerometer; autoplay; clipboard-write; encrypted-media; gyroscope; picture-in-picture; web-share\" allowfullscreen><\/iframe><\/div>\n<p>Cuphead es un juego cl\u00e1sico de acci\u00f3n de disparos muy enfocado en batallas de jefes.<\/p>\n<p>Inspirado en las caricaturas de 1930, las im\u00e1genes y el audio se crearon de forma minuciosa con las mismas t\u00e9cnicas de la era, esto es, animaci\u00f3n tradicional a mano, fondos de marca de agua y grabaciones originales de jazz.<\/p>\n<p>\u00a1Juega como Cuphead o Mugman (en modo de un solo jugador o de operaci\u00f3n conjunta local) a medida que atraviesas mundos extra\u00f1os, aprende s\u00faper movimientos poderosos y descubre secretos ocultos mientras que intentas pagarle tu deuda al demonio!<\/p>\n","protected":false},"excerpt":{"rendered":"<p>Contenido de la Cuphead Limited Edition:<\/p>\n<ul>\n<li>Figura exclusiva de Ms. Chalice Fall Down<\/li>\n<li><i>Cuphead<\/i>\u00a0y el DLC\u00a0<i>Delicious Last Course<\/i><\/li>\n<li>6 Tarjetas coleccionables de Cuphead Funnies<\/li>\n<li>Tarjeta de miembro del Club Cuphead<\/li>\n<li>Arte interior exclusivo de Studio MDHR|<\/li>\n<\/ul>\n","protected":false},"featured_media":9930,"comment_status":"open","ping_status":"closed","template":"","meta":[],"location":[495],"product_cat":[15],"product_tag":[],"locations":[{"id":495,"name":"PMC","slug":"gymupstore-pmc","quantity":"1"}],"_links":{"self":[{"href":"https:\/\/gymupstore.cl\/index.php\/wp-json\/wp\/v2\/product\/9929"}],"collection":[{"href":"https:\/\/gymupstore.cl\/index.php\/wp-json\/wp\/v2\/product"}],"about":[{"href":"https:\/\/gymupstore.cl\/index.php\/wp-json\/wp\/v2\/types\/product"}],"replies":[{"embeddable":true,"href":"https:\/\/gymupstore.cl\/index.php\/wp-json\/wp\/v2\/comments?post=9929"}],"wp:featuredmedia":[{"embeddable":true,"href":"https:\/\/gymupstore.cl\/index.php\/wp-json\/wp\/v2\/media\/9930"}],"wp:attachment":[{"href":"https:\/\/gymupstore.cl\/index.php\/wp-json\/wp\/v2\/media?parent=9929"}],"wp:term":[{"taxonomy":"location","embeddable":true,"href":"https:\/\/gymupstore.cl\/index.php\/wp-json\/wp\/v2\/location?post=9929"},{"taxonomy":"product_cat","embeddable":true,"href":"https:\/\/gymupstore.cl\/index.php\/wp-json\/wp\/v2\/product_cat?post=9929"},{"taxonomy":"product_tag","embeddable":true,"href":"https:\/\/gymupstore.cl\/index.php\/wp-json\/wp\/v2\/product_tag?post=9929"}],"curies":[{"name":"wp","href":"https:\/\/api.w.org\/{rel}","templated":true}]}}