{"id":9923,"date":"2023-07-18T23:22:30","date_gmt":"2023-07-18T23:22:30","guid":{"rendered":"https:\/\/gymupstore.cl\/?post_type=product&#038;p=9923"},"modified":"2023-07-18T23:27:37","modified_gmt":"2023-07-18T23:27:37","slug":"diablo-iv-ps5","status":"publish","type":"product","link":"https:\/\/gymupstore.cl\/index.php\/producto\/diablo-iv-ps5\/","title":{"rendered":"Diablo IV | PS5"},"content":{"rendered":"<div class=\"video-shortcode\"><iframe title=\"Diablo IV | Launch Live Action Trailer\" width=\"1325\" height=\"745\" src=\"https:\/\/www.youtube.com\/embed\/fPQF-f2HZ8U?feature=oembed\" frameborder=\"0\" allow=\"accelerometer; autoplay; clipboard-write; encrypted-media; gyroscope; picture-in-picture; web-share\" allowfullscreen><\/iframe><\/div>\n<div class=\"note alert center\">ESTE JUEGO REQUIERE PLAYSTATION PLUS<\/div>\n<p><strong>Diablo IV: Regresa a la Oscuridad<\/strong><\/p>\n<p><strong>H\u00e9roes de santuario<\/strong><br \/>\nLos primeros tres campeones est\u00e1n listos para enfrentarse a los horrores innombrables que asolan esta tierra. Elige sabiamente, tu mundo depende de ello.<\/p>\n<ul>\n<li><strong>B\u00e1rbaro<\/strong>: El b\u00e1rbaro posee una fuerza sin igual y empu\u00f1a con maestr\u00eda todo tipo de armas, una para cada ocasi\u00f3n. Intimida al enemigo con sus gritos de batalla y sus machaques hacen temblar el suelo y env\u00edan por los aires a las hordas atacantes.<\/li>\n<li><strong>Hechicera<\/strong>: La hechicera otorga a los elementos la forma necesaria para garantizar la victoria, y puede lanzar devastadores rayos, empalar a sus enemigos con afiladas p\u00faas de hielo o provocar una lluvia de meteoritos llameantes.<\/li>\n<li><strong>Duida<\/strong>: El druida es un cambiaformas salvaje, capaz de convertirse r\u00e1pidamente en un enorme oso o en un temible hombre lobo para combatir junto a otras criaturas. Adem\u00e1s, controla el poder de la tierra, el viento y la tormenta, y puede desatar la c\u00f3lera de la naturaleza.<\/li>\n<\/ul>\n<p><strong>Abandona Toda esperanza<\/strong><br \/>\nUn sinf\u00edn de demonios que eliminar.Personalizaci\u00f3n exhaustiva con talentos, puntos de habilidad, runas y bot\u00edn legendario. Mazmorras aleatorias en un mundo abierto din\u00e1mico. Sobrevive y conquista la oscuridad&#8230; o sucumbe a las sombras.<\/p>\n<p><strong>Explora Santuario<\/strong><br \/>\nDescubre el mundo de Santuario a medida que luchas contra los Infiernos Abrasadores. \u00danete a otros aventureros, combate contra tropas demon\u00edacas y revela secretos perdidos.<\/p>\n<p><strong>Re\u00fanete con tu creadora<\/strong><br \/>\nUn ritual oscuro ha invocado a Lilith de vuelta a Santuario tras eones en el exilio. Su regreso trae consigo una era de oscuridad y miseria.<\/p>\n","protected":false},"excerpt":{"rendered":"<p>ESTE JUEGO REQUIERE PLAYSTATION PLUS Diablo IV: Regresa a la [&hellip;]<\/p>\n","protected":false},"featured_media":9925,"comment_status":"open","ping_status":"closed","template":"","meta":[],"location":[495],"product_cat":[526,519,596,496],"product_tag":[],"locations":[{"id":495,"name":"PMC","slug":"gymupstore-pmc","quantity":"1"}],"_links":{"self":[{"href":"https:\/\/gymupstore.cl\/index.php\/wp-json\/wp\/v2\/product\/9923"}],"collection":[{"href":"https:\/\/gymupstore.cl\/index.php\/wp-json\/wp\/v2\/product"}],"about":[{"href":"https:\/\/gymupstore.cl\/index.php\/wp-json\/wp\/v2\/types\/product"}],"replies":[{"embeddable":true,"href":"https:\/\/gymupstore.cl\/index.php\/wp-json\/wp\/v2\/comments?post=9923"}],"wp:featuredmedia":[{"embeddable":true,"href":"https:\/\/gymupstore.cl\/index.php\/wp-json\/wp\/v2\/media\/9925"}],"wp:attachment":[{"href":"https:\/\/gymupstore.cl\/index.php\/wp-json\/wp\/v2\/media?parent=9923"}],"wp:term":[{"taxonomy":"location","embeddable":true,"href":"https:\/\/gymupstore.cl\/index.php\/wp-json\/wp\/v2\/location?post=9923"},{"taxonomy":"product_cat","embeddable":true,"href":"https:\/\/gymupstore.cl\/index.php\/wp-json\/wp\/v2\/product_cat?post=9923"},{"taxonomy":"product_tag","embeddable":true,"href":"https:\/\/gymupstore.cl\/index.php\/wp-json\/wp\/v2\/product_tag?post=9923"}],"curies":[{"name":"wp","href":"https:\/\/api.w.org\/{rel}","templated":true}]}}