{"id":9829,"date":"2023-07-14T21:50:05","date_gmt":"2023-07-14T21:50:05","guid":{"rendered":"https:\/\/gymupstore.cl\/?post_type=product&#038;p=9829"},"modified":"2024-06-25T02:13:57","modified_gmt":"2024-06-25T05:13:57","slug":"estuche-nintendo-switch-variedades","status":"publish","type":"product","link":"https:\/\/gymupstore.cl\/index.php\/producto\/estuche-nintendo-switch-variedades\/","title":{"rendered":"Estuche Nintendo Switch | Variedades"},"content":{"rendered":"<p>Dise\u00f1ado espec\u00edficamente para Nintendo Switch para hacer que su consola sea m\u00e1s port\u00e1til a\u00fan. Dise\u00f1o \u00fanico de correa de mano, perfecto para llevar tu consola cuando est\u00e1s en movimiento. Est\u00e1 hecho de materiales ligeros y duraderos. La carcasa dura protege a Nintendo Switch de ca\u00eddas y ara\u00f1azos.<\/p>\n<p>GRAN ALMACENAMIENTO: un gran bolsillo de malla con cremallera proporciona un espacio de almacenamiento seguro para algunos accesorios peque\u00f1os de Nintendo Switch como cable de carga, Banco de energ\u00eda Delgado, auriculares y 2 Joy-Cons adicionales, m\u00e1s f\u00e1cil de cerrar y m\u00e1s f\u00e1cil de transportar. Tambi\u00e9n incorpora 10 ranuras para tarjetas de juego, lo que le permite llevar y cambiar sus juegos favoritos en cualquier momento y en cualquier lugar.<\/p>\n","protected":false},"excerpt":{"rendered":"<p>Dise\u00f1ado espec\u00edficamente para Nintendo Switch para hacer que su consola [&hellip;]<\/p>\n","protected":false},"featured_media":9837,"comment_status":"open","ping_status":"closed","template":"","meta":[],"location":[495],"product_cat":[609,523,517,596,496],"product_tag":[],"locations":[{"id":495,"name":"PMC","slug":"gymupstore-pmc","quantity":""}],"_links":{"self":[{"href":"https:\/\/gymupstore.cl\/index.php\/wp-json\/wp\/v2\/product\/9829"}],"collection":[{"href":"https:\/\/gymupstore.cl\/index.php\/wp-json\/wp\/v2\/product"}],"about":[{"href":"https:\/\/gymupstore.cl\/index.php\/wp-json\/wp\/v2\/types\/product"}],"replies":[{"embeddable":true,"href":"https:\/\/gymupstore.cl\/index.php\/wp-json\/wp\/v2\/comments?post=9829"}],"wp:featuredmedia":[{"embeddable":true,"href":"https:\/\/gymupstore.cl\/index.php\/wp-json\/wp\/v2\/media\/9837"}],"wp:attachment":[{"href":"https:\/\/gymupstore.cl\/index.php\/wp-json\/wp\/v2\/media?parent=9829"}],"wp:term":[{"taxonomy":"location","embeddable":true,"href":"https:\/\/gymupstore.cl\/index.php\/wp-json\/wp\/v2\/location?post=9829"},{"taxonomy":"product_cat","embeddable":true,"href":"https:\/\/gymupstore.cl\/index.php\/wp-json\/wp\/v2\/product_cat?post=9829"},{"taxonomy":"product_tag","embeddable":true,"href":"https:\/\/gymupstore.cl\/index.php\/wp-json\/wp\/v2\/product_tag?post=9829"}],"curies":[{"name":"wp","href":"https:\/\/api.w.org\/{rel}","templated":true}]}}