{"id":9820,"date":"2023-07-14T21:16:16","date_gmt":"2023-07-14T21:16:16","guid":{"rendered":"https:\/\/gymupstore.cl\/?post_type=product&#038;p=9820"},"modified":"2023-07-14T21:17:33","modified_gmt":"2023-07-14T21:17:33","slug":"botellon-22-lt-engomado-at-variedades","status":"publish","type":"product","link":"https:\/\/gymupstore.cl\/index.php\/producto\/botellon-22-lt-engomado-at-variedades\/","title":{"rendered":"Botell\u00f3n 2,2 lt Engomado AT | Variedades"},"content":{"rendered":"<p>Con una enorme capacidad de 2,2 litros, este bid\u00f3n es muy vers\u00e1til y perfecto para mantenerte hidratado durante cualquier actividad f\u00edsica, ya sea una larga sesi\u00f3n de gimnasio, o simplemente en el trabajo para evitar tener que realizar tantos viajes al grifo.<\/p>\n<p>Cuando los requerimientos exigen transportar l\u00edquidos en cantidades importantes, es imposible cargar con muchas botellas. Es por ello que un bid\u00f3n de un tama\u00f1o \u00f3ptimo, resistente y funcional te proporciona las ventajas de una fuente de hidrataci\u00f3n siempre a mano.<\/p>\n","protected":false},"excerpt":{"rendered":"<p>Con una enorme capacidad de 2,2 litros, este bid\u00f3n es [&hellip;]<\/p>\n","protected":false},"featured_media":9824,"comment_status":"open","ping_status":"closed","template":"","meta":[],"location":[495],"product_cat":[34,153,399],"product_tag":[],"locations":[{"id":495,"name":"PMC","slug":"gymupstore-pmc","quantity":""}],"_links":{"self":[{"href":"https:\/\/gymupstore.cl\/index.php\/wp-json\/wp\/v2\/product\/9820"}],"collection":[{"href":"https:\/\/gymupstore.cl\/index.php\/wp-json\/wp\/v2\/product"}],"about":[{"href":"https:\/\/gymupstore.cl\/index.php\/wp-json\/wp\/v2\/types\/product"}],"replies":[{"embeddable":true,"href":"https:\/\/gymupstore.cl\/index.php\/wp-json\/wp\/v2\/comments?post=9820"}],"wp:featuredmedia":[{"embeddable":true,"href":"https:\/\/gymupstore.cl\/index.php\/wp-json\/wp\/v2\/media\/9824"}],"wp:attachment":[{"href":"https:\/\/gymupstore.cl\/index.php\/wp-json\/wp\/v2\/media?parent=9820"}],"wp:term":[{"taxonomy":"location","embeddable":true,"href":"https:\/\/gymupstore.cl\/index.php\/wp-json\/wp\/v2\/location?post=9820"},{"taxonomy":"product_cat","embeddable":true,"href":"https:\/\/gymupstore.cl\/index.php\/wp-json\/wp\/v2\/product_cat?post=9820"},{"taxonomy":"product_tag","embeddable":true,"href":"https:\/\/gymupstore.cl\/index.php\/wp-json\/wp\/v2\/product_tag?post=9820"}],"curies":[{"name":"wp","href":"https:\/\/api.w.org\/{rel}","templated":true}]}}