{"id":9698,"date":"2023-07-05T04:53:37","date_gmt":"2023-07-05T04:53:37","guid":{"rendered":"https:\/\/gymupstore.cl\/?post_type=product&#038;p=9698"},"modified":"2025-01-14T16:32:46","modified_gmt":"2025-01-14T19:32:46","slug":"fifa-23-ps5","status":"publish","type":"product","link":"https:\/\/gymupstore.cl\/index.php\/producto\/fifa-23-ps5\/","title":{"rendered":"Fifa 23 | PS5"},"content":{"rendered":"<div class=\"video-shortcode\"><iframe title=\"FIFA 23 | Official Pro Clubs Deep Dive Trailer\" width=\"1325\" height=\"745\" src=\"https:\/\/www.youtube.com\/embed\/pq4aARyhXqc?feature=oembed\" frameborder=\"0\" allow=\"accelerometer; autoplay; clipboard-write; encrypted-media; gyroscope; picture-in-picture; web-share\" allowfullscreen><\/iframe><\/div>\n<p><em>Vive las m\u00e1ximas competencias del futbol internacional con la Copa Mundial de la FIFA Qatar 2022\u2122 y la Copa Mundial Femenina de la FIFA Australia y Nueva Zelanda 2023\u2122, que estar\u00e1n disponibles como actualizaciones de contenido posteriores al lanzamiento sin costo adicional. Mantente al pendiente para las novedades y la preparaci\u00f3n de cada torneo.<\/em><\/p>\n<p><strong>PRESENTAMOS EL FUTBOL DE CLUBES FEMENILES<\/strong><\/p>\n<p>Juega como equipos de clubes femeniles por primera vez en la historia de EA SPORTS FIFA, ya que la Barclays FA Women&#8217;s Super League y la Divisi\u00f3n 1 Arkema llegan a FIFA 23 al momento del lanzamiento. Adem\u00e1s, disfruta de HyperMotion2 con una captura de nueva generaci\u00f3n exclusiva que le da vida a los movimientos futbol\u00edsticos \u00fanicos y aut\u00e9nticos del juego femenil en FIFA 23. Brindaremos m\u00e1s detalles en el transcurso del verano.<\/p>\n<p><strong>TIRO POTENTE<\/strong><br \/>\nCon la nueva mec\u00e1nica de tiro basada en la habilidad que compara el riesgo con la recompensa, podr\u00e1s realizar los tiros m\u00e1s potentes e impresionantes. Crea espacio lejos de los defensores, elige tu lugar en la cancha y activa el tiro potente para darle m\u00e1s potencia y espectacularidad a tu remate.<\/p>\n<p><strong>JUGADAS DE T\u00c1CTICA FIJA REDISE\u00d1ADAS<\/strong><br \/>\nCon las t\u00e1cticas fijas redise\u00f1adas, tendr\u00e1s mayor control de los tiros libres, de los penales y de los tiros de esquina, ya que podr\u00e1s elegir d\u00f3nde pegarle al bal\u00f3n para definir la direcci\u00f3n, la trayectoria, el efecto y mucho m\u00e1s. Adem\u00e1s, actualizamos las posiciones de las c\u00e1maras en los tiros de esquina para reflejar mejor toda la emoci\u00f3n de la jugada.<\/p>\n<p><strong>F\u00cdSICA EN LA CANCHA<\/strong><br \/>\nGracias a la f\u00edsica actualizada de FIFA 23, ciertas interacciones en la cancha son m\u00e1s naturales y realistas.<\/p>\n<p><strong>F\u00cdSICA AVANZADA DE LOS IMPACTOS<\/strong><br \/>\nSolo para PlayStation\u00ae5, Xbox Series X|S, Stadia y PC<\/p>\n<p>Con la f\u00edsica avanzada de los impactos, las extremidades de los jugadores afectan de forma m\u00e1s natural el resultado de las jugadas cuando los defensores intentan interceptar un bal\u00f3n en FIFA 23. Las despejes y las intercepciones con el cuerpo de los defensores y de los porteros, incluidos los brazos, las piernas, las manos y los dedos, ahora permiten obtener resultados m\u00e1s realistas que est\u00e1n determinados por c\u00f3mo impacte el bal\u00f3n en su cuerpo, ya que, al absorber la potencia del tiro, los jugadores cambiar\u00e1n la trayectoria del bal\u00f3n y dar\u00e1n lugar a despejes m\u00e1s aut\u00e9nticos desde lo visual que se basar\u00e1n en la velocidad y en la potencia de cada remate.<\/p>\n<p><strong>F\u00cdSICA DE INTERACCI\u00d3N CON LA RED<\/strong><br \/>\nLa nueva f\u00edsica de la red reacciona al movimiento de los jugadores, ya que responde a sus extremidades y crea interacciones m\u00e1s naturales con la red cuando los jugadores corren, se deslizan o caen en la porter\u00eda.<\/p>\n<p><strong>PERCEPCI\u00d3N DEL JUGADOR<\/strong><br \/>\nEl nuevo sistema de predicci\u00f3n de colisiones mejora la percepci\u00f3n de los jugadores en la cancha, lo que les permite moverse de manera inteligente para evitar entradas y colisiones.<\/p>\n<p><strong>VARIEDAD FUTBOL\u00cdSTICA<\/strong><br \/>\nCon las nuevas animaciones y mec\u00e1nicas de FIFA 23, disfrutar\u00e1s de una variedad de situaciones m\u00e1s natural para acortar distancias con lo que sucede en el mundo real.<\/p>\n<p><strong>TIROS<\/strong><br \/>\nFIFA 23 incorpora distintas trayectorias de tiro, como tiros bajos, con efecto y de rebote, adem\u00e1s de palomitas.<\/p>\n<p><strong>DEFENSA<\/strong><br \/>\nCon las barridas fuertes, las entradas f\u00edsicas y las entradas de tal\u00f3n, tienes m\u00e1s variedad a la hora de defender.<\/p>\n<p><strong>PASES<\/strong><br \/>\nCon los nuevos tipos de pases, como los pases con el exterior del pie, los pases con la espalda, los pases de volea y las nuevas animaciones de despeje, tienes nuevas formas de conectar con tu equipo.<\/p>\n<p><strong>PERCEPCI\u00d3N T\u00c1CTICA DE LA IA<\/strong><br \/>\nCon las mejoras t\u00e1cticas, los rivales de la IA reaccionan mejor y responden t\u00e1cticamente a la situaci\u00f3n en la cancha, lo que incluye factores como el resultado, los minutos de juego y los jugadores disponibles en la banca para cambiar y actualizar la formaci\u00f3n y el estilo de juego a mitad del partido.<\/p>\n","protected":false},"excerpt":{"rendered":"<p>Vive las m\u00e1ximas competencias del futbol internacional con la Copa [&hellip;]<\/p>\n","protected":false},"featured_media":9702,"comment_status":"open","ping_status":"closed","template":"","meta":[],"location":[495],"product_cat":[526,519,596,496],"product_tag":[],"locations":[{"id":495,"name":"PMC","slug":"gymupstore-pmc","quantity":"0"}],"_links":{"self":[{"href":"https:\/\/gymupstore.cl\/index.php\/wp-json\/wp\/v2\/product\/9698"}],"collection":[{"href":"https:\/\/gymupstore.cl\/index.php\/wp-json\/wp\/v2\/product"}],"about":[{"href":"https:\/\/gymupstore.cl\/index.php\/wp-json\/wp\/v2\/types\/product"}],"replies":[{"embeddable":true,"href":"https:\/\/gymupstore.cl\/index.php\/wp-json\/wp\/v2\/comments?post=9698"}],"wp:featuredmedia":[{"embeddable":true,"href":"https:\/\/gymupstore.cl\/index.php\/wp-json\/wp\/v2\/media\/9702"}],"wp:attachment":[{"href":"https:\/\/gymupstore.cl\/index.php\/wp-json\/wp\/v2\/media?parent=9698"}],"wp:term":[{"taxonomy":"location","embeddable":true,"href":"https:\/\/gymupstore.cl\/index.php\/wp-json\/wp\/v2\/location?post=9698"},{"taxonomy":"product_cat","embeddable":true,"href":"https:\/\/gymupstore.cl\/index.php\/wp-json\/wp\/v2\/product_cat?post=9698"},{"taxonomy":"product_tag","embeddable":true,"href":"https:\/\/gymupstore.cl\/index.php\/wp-json\/wp\/v2\/product_tag?post=9698"}],"curies":[{"name":"wp","href":"https:\/\/api.w.org\/{rel}","templated":true}]}}