{"id":9697,"date":"2023-07-05T04:49:21","date_gmt":"2023-07-05T04:49:21","guid":{"rendered":"https:\/\/gymupstore.cl\/?post_type=product&#038;p=9697"},"modified":"2023-07-05T04:55:03","modified_gmt":"2023-07-05T04:55:03","slug":"fallen-legion-rise-to-glory-fallen-legion-revenants-deluxe-edition-ps5","status":"publish","type":"product","link":"https:\/\/gymupstore.cl\/index.php\/producto\/fallen-legion-rise-to-glory-fallen-legion-revenants-deluxe-edition-ps5\/","title":{"rendered":"Fallen Legion: Rise To Glory \/ Fallen Legion Revenants Deluxe Edition | PS5"},"content":{"rendered":"<p>La serie Fallen Legion hace su debut en PlayStation\u00ae5 y Xbox con Fallen Legion: Rise to Glory \/ Fallen Legion Revenants. En esta emocionante colecci\u00f3n, cada elecci\u00f3n que haga determina la vida o la muerte. \u00bfQu\u00e9 tipo de l\u00edder ser\u00e1s? \u00a1Con m\u00e1s de 20 finales diferentes e historias que se ramifican, no habr\u00e1 dos partidas iguales!<\/p>\n<div class=\"video-shortcode\"><iframe title=\"Fallen Legion: Rise to Glory \/ Fallen Legion Revenants - Launch Trailer | PS5 Games\" width=\"1325\" height=\"745\" src=\"https:\/\/www.youtube.com\/embed\/rduEeAjtCzQ?feature=oembed\" frameborder=\"0\" allow=\"accelerometer; autoplay; clipboard-write; encrypted-media; gyroscope; picture-in-picture; web-share\" allowfullscreen><\/iframe><\/div>\n<div class=\"product info detailed \">\n<div class=\"product data items \" role=\"tablist\">\n<div id=\"description\" class=\"data item content\" role=\"tabpanel\" data-role=\"content\" aria-labelledby=\"tab-label-description\" aria-hidden=\"false\">\n<div class=\"product attribute description\">\n<div class=\"value\">\n<p>Ponte a prueba con el combate en tiempo real y un nuevo sistema GRID (exclusivo de Fallen Legion Revenants) que ampl\u00eda tus opciones de estrategia. Adem\u00e1s, este lanzamiento presenta nuevos personajes, actores de voz que regresan, incluidos Joe Zieja y Erika Harlacher, \u00a1y nuevos escenarios de batalla de jefes! \u00a1Domina las habilidades de tus ejemplares para desbloquear nuevas habilidades y demostrar tus habilidades de lucha en este din\u00e1mico paquete doble de t\u00edtulos de acci\u00f3n<\/p>\n<\/div>\n<\/div>\n<\/div>\n<\/div>\n<\/div>\n<div data-retailrocket-markup-block=\"6101d55b97a5250a9008ef1d\" data-product-id=\"810023039310\">\n<div class=\"rr-widget rr-widget-6101d55b97a5250a9008ef1d rr-active\" data-algorithm=\"alternative\" data-algorithm-argument=\"810023039310\" data-template-param-header-text=\"PRODUCTOS SIMILARES\" data-template-param-number-of-items=\"25\" data-template-param-item-image-width=\"320\" data-template-param-item-image-height=\"320\" data-on-pre-render=\"retailrocket['weplay6101d55b97a5250a9008ef1d'].preRenderFn(this, data, renderFn)\" data-on-post-render=\"retailrocket['weplay6101d55b97a5250a9008ef1d'].postRenderFn(this)\" data-template-container-id=\"widget-template-6101d55b97a5250a9008ef1d\" data-s=\"6101d55b97a5250a9008ef1d\" data-widget-applied=\"true\" data-number-of-rendered-items=\"17\" data-rendered-items-ids=\"816819018590,883929797066,814290017873,711719549628,810086921133,662248926681,662248955943,662248926803,811122030086,810023039150,883929796625,662248926223,730865220465,711719553427,14633382723,40198003384,711719555742\"><\/div>\n<\/div>\n","protected":false},"excerpt":{"rendered":"<p>Fallen Legion: Rise to Glory\/Fallen Legion Revenants &#8211; Edici\u00f3n de lujo &#8211; PlayStation 5<br \/>\nLa Deluxe Edition incluye: Fall Legion: Rise to Glory\/Fallen Legion Revenants Game, Deluxe Digital Soundtrack (c\u00f3digo de descarga) y el minilibro de arte &#8220;Fallen Legion Compendium&#8221;<br \/>\nUna colecci\u00f3n ejemplar: valor 2 en 1, disponible para Xbox (\u00a1por primera vez!) y PS5<br \/>\nA Return to Glory: acci\u00f3n vertiginosa en tiempo real con una historia basada en elecciones y m\u00e1s de 20 finales diferentes y nuevo contenido de ep\u00edlogo<br \/>\nRevenants Reloaded: toneladas de contenido nuevo, incluido un nuevo sistema GRID que fomenta la estrategia en el juego y el combate, nuevos actores de voz, nuevos personajes y nuevas batallas contra jefes.<\/p>\n","protected":false},"featured_media":9700,"comment_status":"open","ping_status":"closed","template":"","meta":[],"location":[495],"product_cat":[526,519,596,496],"product_tag":[],"locations":[{"id":495,"name":"PMC","slug":"gymupstore-pmc","quantity":"1"}],"_links":{"self":[{"href":"https:\/\/gymupstore.cl\/index.php\/wp-json\/wp\/v2\/product\/9697"}],"collection":[{"href":"https:\/\/gymupstore.cl\/index.php\/wp-json\/wp\/v2\/product"}],"about":[{"href":"https:\/\/gymupstore.cl\/index.php\/wp-json\/wp\/v2\/types\/product"}],"replies":[{"embeddable":true,"href":"https:\/\/gymupstore.cl\/index.php\/wp-json\/wp\/v2\/comments?post=9697"}],"wp:featuredmedia":[{"embeddable":true,"href":"https:\/\/gymupstore.cl\/index.php\/wp-json\/wp\/v2\/media\/9700"}],"wp:attachment":[{"href":"https:\/\/gymupstore.cl\/index.php\/wp-json\/wp\/v2\/media?parent=9697"}],"wp:term":[{"taxonomy":"location","embeddable":true,"href":"https:\/\/gymupstore.cl\/index.php\/wp-json\/wp\/v2\/location?post=9697"},{"taxonomy":"product_cat","embeddable":true,"href":"https:\/\/gymupstore.cl\/index.php\/wp-json\/wp\/v2\/product_cat?post=9697"},{"taxonomy":"product_tag","embeddable":true,"href":"https:\/\/gymupstore.cl\/index.php\/wp-json\/wp\/v2\/product_tag?post=9697"}],"curies":[{"name":"wp","href":"https:\/\/api.w.org\/{rel}","templated":true}]}}