{"id":9696,"date":"2023-07-05T04:49:06","date_gmt":"2023-07-05T04:49:06","guid":{"rendered":"https:\/\/gymupstore.cl\/?post_type=product&#038;p=9696"},"modified":"2025-01-14T16:32:24","modified_gmt":"2025-01-14T19:32:24","slug":"dead-space-remake-ps5","status":"publish","type":"product","link":"https:\/\/gymupstore.cl\/index.php\/producto\/dead-space-remake-ps5\/","title":{"rendered":"Dead Space Remake | PS5"},"content":{"rendered":"<div class=\"video-shortcode\"><iframe title=\"Dead Space Official Launch Trailer | Humanity Ends Here\" width=\"1325\" height=\"745\" src=\"https:\/\/www.youtube.com\/embed\/ctQl9wa3ydE?feature=oembed\" frameborder=\"0\" allow=\"accelerometer; autoplay; clipboard-write; encrypted-media; gyroscope; picture-in-picture; web-share\" allowfullscreen><\/iframe><\/div>\n<p>Dead Space\u2122, el cl\u00e1sico de terror de ciencia ficci\u00f3n, regresa con una nueva versi\u00f3n totalmente renovada desde sus cimientos para ofrecer una experiencia m\u00e1s profunda y envolvente. Esta versi\u00f3n ofrece una fidelidad visual asombrosa, un sonido atmosf\u00e9rico intrigante y mejoras a la jugabilidad, adem\u00e1s de mantenerse fiel a la emocionante visi\u00f3n del juego original.<\/p>\n<p>Isaac Clarke, un ingeniero cualquiera, emprende una misi\u00f3n para reparar una enorme nave minera, la USG Ishimura, solo para descubrir que algo sali\u00f3 terriblemente mal. La tripulaci\u00f3n de la nave fue masacrada y la amada compa\u00f1era de Isaac, Nicole, se perdi\u00f3 en alg\u00fan lugar a bordo.<\/p>\n<p>Solo y usando \u00fanicamente sus herramientas y habilidades de ingenier\u00eda, Isaac se apresura a encontrar a Nicole mientras se devela la misteriosa pesadilla de lo que pas\u00f3 a bordo de la Ishimura. Atrapado con peligrosas criaturas llamadas necromorfos, Isaac se enfrenta a una batalla por su supervivencia, no solo contra los crecientes terrores de la nave, sino tambi\u00e9n contra su propia mente.<\/p>\n","protected":false},"excerpt":{"rendered":"<p>Dead Space\u2122, el cl\u00e1sico de terror de ciencia ficci\u00f3n, regresa [&hellip;]<\/p>\n","protected":false},"featured_media":9699,"comment_status":"open","ping_status":"closed","template":"","meta":[],"location":[495],"product_cat":[526,519,596,496],"product_tag":[],"locations":[{"id":495,"name":"PMC","slug":"gymupstore-pmc","quantity":"1"}],"_links":{"self":[{"href":"https:\/\/gymupstore.cl\/index.php\/wp-json\/wp\/v2\/product\/9696"}],"collection":[{"href":"https:\/\/gymupstore.cl\/index.php\/wp-json\/wp\/v2\/product"}],"about":[{"href":"https:\/\/gymupstore.cl\/index.php\/wp-json\/wp\/v2\/types\/product"}],"replies":[{"embeddable":true,"href":"https:\/\/gymupstore.cl\/index.php\/wp-json\/wp\/v2\/comments?post=9696"}],"wp:featuredmedia":[{"embeddable":true,"href":"https:\/\/gymupstore.cl\/index.php\/wp-json\/wp\/v2\/media\/9699"}],"wp:attachment":[{"href":"https:\/\/gymupstore.cl\/index.php\/wp-json\/wp\/v2\/media?parent=9696"}],"wp:term":[{"taxonomy":"location","embeddable":true,"href":"https:\/\/gymupstore.cl\/index.php\/wp-json\/wp\/v2\/location?post=9696"},{"taxonomy":"product_cat","embeddable":true,"href":"https:\/\/gymupstore.cl\/index.php\/wp-json\/wp\/v2\/product_cat?post=9696"},{"taxonomy":"product_tag","embeddable":true,"href":"https:\/\/gymupstore.cl\/index.php\/wp-json\/wp\/v2\/product_tag?post=9696"}],"curies":[{"name":"wp","href":"https:\/\/api.w.org\/{rel}","templated":true}]}}