{"id":9662,"date":"2023-07-01T23:16:46","date_gmt":"2023-07-02T02:16:46","guid":{"rendered":"https:\/\/gymupstore.cl\/?post_type=product&#038;p=9662"},"modified":"2025-07-07T22:16:40","modified_gmt":"2025-07-08T01:16:40","slug":"extra-strenght-glucosamine-chondrotin-collagen-msm-120-softgels","status":"publish","type":"product","link":"https:\/\/gymupstore.cl\/index.php\/producto\/extra-strenght-glucosamine-chondrotin-collagen-msm-120-softgels\/","title":{"rendered":"Extra Strenght Glucosamine Chondrotin Collagen &amp; MSM | 120 softgels"},"content":{"rendered":"<p>Nuestras c\u00e1psulas de glucosamina y sulfato de condroitina promueven el bienestar, la comodidad, la flexibilidad y la movilidad de las articulaciones.<\/p>\n<p>S\u00faper soporte para las articulaciones: nuestro complejo de glucosamina condroitina es un complejo completo con p\u00e9ptidos OptiMSM y col\u00e1geno adicionales para estimular no solo las articulaciones, sino tambi\u00e9n el cabello, la piel y las u\u00f1as.<\/p>\n<p>Vitaminas \u00f3seas y articulares: los suplementos para la salud \u00f3sea y articular para mujeres y hombres son clave para su comodidad. La glucosamina con condroitina es un suplemento diet\u00e9tico que ayuda a mantener las articulaciones en movimiento sin problemas al ayudar a apoyar la amortiguaci\u00f3n de las articulaciones.<\/p>\n<p>Estas c\u00e1psulas de glucosamina condroitina sin gluten no tienen colorantes sint\u00e9ticos ni sabores artificiales<\/p>\n<p>Nota del producto: La exposici\u00f3n al calor o la luz solar puede provocar la fusi\u00f3n\/da\u00f1o del producto, mantener en lugar seco.<\/p>\n<p>Uso sugerido: Tomar dos c\u00e1psulas al d\u00eda. O seg\u00fan las indicaciones de su proveedor de atenci\u00f3n m\u00e9dica. Solo uso para adultos.<\/p>\n<p>Vida \u00fatil: 2 a\u00f1os<\/p>\n<p>Descargo de responsabilidad legal: los suplementos diet\u00e9ticos no son medicamentos y no est\u00e1n destinados a diagnosticar, tratar, curar o prevenir ninguna enfermedad o condici\u00f3n de salud. No exceda la dosis diaria recomendada. Este producto no debe utilizarse como sustituto de una dieta variada y debe almacenarse fuera del alcance de los ni\u00f1os peque\u00f1os.<\/p>\n","protected":false},"excerpt":{"rendered":"<p>Nuestras c\u00e1psulas de glucosamina y sulfato de condroitina promueven el [&hellip;]<\/p>\n","protected":false},"featured_media":9666,"comment_status":"open","ping_status":"closed","template":"","meta":[],"location":[495],"product_cat":[622,32],"product_tag":[],"locations":[{"id":495,"name":"PMC","slug":"gymupstore-pmc","quantity":"3"}],"_links":{"self":[{"href":"https:\/\/gymupstore.cl\/index.php\/wp-json\/wp\/v2\/product\/9662"}],"collection":[{"href":"https:\/\/gymupstore.cl\/index.php\/wp-json\/wp\/v2\/product"}],"about":[{"href":"https:\/\/gymupstore.cl\/index.php\/wp-json\/wp\/v2\/types\/product"}],"replies":[{"embeddable":true,"href":"https:\/\/gymupstore.cl\/index.php\/wp-json\/wp\/v2\/comments?post=9662"}],"wp:featuredmedia":[{"embeddable":true,"href":"https:\/\/gymupstore.cl\/index.php\/wp-json\/wp\/v2\/media\/9666"}],"wp:attachment":[{"href":"https:\/\/gymupstore.cl\/index.php\/wp-json\/wp\/v2\/media?parent=9662"}],"wp:term":[{"taxonomy":"location","embeddable":true,"href":"https:\/\/gymupstore.cl\/index.php\/wp-json\/wp\/v2\/location?post=9662"},{"taxonomy":"product_cat","embeddable":true,"href":"https:\/\/gymupstore.cl\/index.php\/wp-json\/wp\/v2\/product_cat?post=9662"},{"taxonomy":"product_tag","embeddable":true,"href":"https:\/\/gymupstore.cl\/index.php\/wp-json\/wp\/v2\/product_tag?post=9662"}],"curies":[{"name":"wp","href":"https:\/\/api.w.org\/{rel}","templated":true}]}}