{"id":9655,"date":"2023-06-30T04:34:41","date_gmt":"2023-06-30T04:34:41","guid":{"rendered":"https:\/\/gymupstore.cl\/?post_type=product&#038;p=9655"},"modified":"2025-01-14T16:32:46","modified_gmt":"2025-01-14T19:32:46","slug":"assassins-creed-valhalla-ps5","status":"publish","type":"product","link":"https:\/\/gymupstore.cl\/index.php\/producto\/assassins-creed-valhalla-ps5\/","title":{"rendered":"Assassins Creed Valhalla | PS5"},"content":{"rendered":"<div class=\"video-shortcode\"><iframe title=\"Assassin&#039;s Creed: Valhalla - Tr\u00e1iler de Lanzamiento | Ubisoft LATAM\" width=\"1325\" height=\"745\" src=\"https:\/\/www.youtube.com\/embed\/4P3RLES9QaU?feature=oembed\" frameborder=\"0\" allow=\"accelerometer; autoplay; clipboard-write; encrypted-media; gyroscope; picture-in-picture; web-share\" allowfullscreen><\/iframe><\/div>\n<p><strong>CREA TU PROPIA LEYENDA VIKINGA<\/strong><\/p>\n<p>Convi\u00e9rtete en Eivor, un poderoso saqueador vikingo y lidera a tu clan desde las inclementes costas de Noruega a un nuevo hogar en medio de las exuberantes tierras de cultivo de la Inglaterra del siglo IX. Explora un hermoso y misterioso mundo abierto donde te enfrentar\u00e1s a brutales enemigos, saquear\u00e1s fortalezas, construir\u00e1s el nuevo asentamiento de tu clan y forjar\u00e1s alianzas para conseguir la gloria y obtener un lugar en el Valhalla.<\/p>\n<p>Inglaterra, en la \u00e9poca de los vikingos, es una naci\u00f3n fracturada llena de amos mezquinos y reinos en guerra. Debajo de todo el caos yace una tierra salvaje y llena de abundancia que espera a un nuevo conquistador. \u00bfSer\u00e1s t\u00fa?<\/p>\n<p><strong>CARACTER\u00cdSTICAS<\/strong><\/p>\n<p>LIDERA INVASIONES \u00c9PICAS<br \/>\nLidera a tu gente en asaltos masivos contra los ej\u00e9rcitos y fortalezas sajonas, y expande tu influencia m\u00e1s all\u00e1 de las fronteras de tu asentamiento. Dirige a una tripulaci\u00f3n de saqueadores y realiza r\u00e1pidos ataques sorpresa desde tu drakkar para reclamar las riquezas de tus enemigos para tu clan.<\/p>\n<p>COMBATE VISCERAL<br \/>\nDesata el despiadado estilo de lucha del guerrero vikingo usando hachas dobles, espadas e incluso escudos contra tus feroces e implacables enemigos. Elige tus t\u00e1cticas y desmiembra a tus oponentes en combates cuerpo a cuerpo, ll\u00e9nalos de flechas o ases\u00ednalos usando tu hoja oculta.<\/p>\n<p>ESCRIBE TU PROPIA SAGA VIKINGA<br \/>\nLas avanzadas mec\u00e1nicas RPG de Assassin&#8217;s Creed Valhalla te brindan nuevas formas para crecer como guerrero y como l\u00edder. Influye al mundo a tu alrededor mientras adquieres nuevas habilidades y equipo que se ajusten a tu estilo de juego. \u00c1brete camino por Inglaterra luchando en brutales batallas y liderando emocionantes incursiones o crea alianzas estrat\u00e9gicas y triunfa usando tu ingenio. Cada decisi\u00f3n que tomes en combate y en las conversaciones es un paso m\u00e1s en tu camino a la grandeza.<\/p>\n<p>HAZ CRECER TU ASENTAMIENTO<br \/>\nHaz crecer y personaliza tu propio asentamiento, reclutando nuevos miembros del clan y construyendo estructuras actualizables. Consigue mejores tropas construyendo cuarteles, mejora tus armas en la herrer\u00eda, descubre nuevas opciones de personalizaci\u00f3n con un sal\u00f3n de tatuajes y mucho m\u00e1s.<\/p>\n<p>COMPARTE TU MERCENARIO PERSONALIZADO<br \/>\nCrea y personaliza a tus propios mercenarios vikingos para compartirlos en l\u00ednea y hazte con el bot\u00edn al luchar junto a tus amigos en sus propias sagas. Recluta mercenarios creados por otros jugadores y aumenta el poder de tus fuerzas de ataque.<\/p>\n<p>UN MUNDO ABIERTO DE LA EDAD OSCURA<br \/>\nNavega a trav\u00e9s del g\u00e9lido mar del norte para descubrir y conquistar a los fracturados reinos de Inglaterra. Ad\u00e9ntrate en actividades tales como la caza, la pesca, los dados y los juegos de beber, o participa en competencias n\u00f3rdicas tradicionales como el flyting o, mejor conocido como el arte vikingo de acabar brutalmente con tus rivales mediante versos insultantes.<\/p>\n","protected":false},"excerpt":{"rendered":"<p>CREA TU PROPIA LEYENDA VIKINGA Convi\u00e9rtete en Eivor, un poderoso [&hellip;]<\/p>\n","protected":false},"featured_media":9656,"comment_status":"open","ping_status":"closed","template":"","meta":[],"location":[495],"product_cat":[526,519,596,496],"product_tag":[],"locations":[{"id":495,"name":"PMC","slug":"gymupstore-pmc","quantity":"1"}],"_links":{"self":[{"href":"https:\/\/gymupstore.cl\/index.php\/wp-json\/wp\/v2\/product\/9655"}],"collection":[{"href":"https:\/\/gymupstore.cl\/index.php\/wp-json\/wp\/v2\/product"}],"about":[{"href":"https:\/\/gymupstore.cl\/index.php\/wp-json\/wp\/v2\/types\/product"}],"replies":[{"embeddable":true,"href":"https:\/\/gymupstore.cl\/index.php\/wp-json\/wp\/v2\/comments?post=9655"}],"wp:featuredmedia":[{"embeddable":true,"href":"https:\/\/gymupstore.cl\/index.php\/wp-json\/wp\/v2\/media\/9656"}],"wp:attachment":[{"href":"https:\/\/gymupstore.cl\/index.php\/wp-json\/wp\/v2\/media?parent=9655"}],"wp:term":[{"taxonomy":"location","embeddable":true,"href":"https:\/\/gymupstore.cl\/index.php\/wp-json\/wp\/v2\/location?post=9655"},{"taxonomy":"product_cat","embeddable":true,"href":"https:\/\/gymupstore.cl\/index.php\/wp-json\/wp\/v2\/product_cat?post=9655"},{"taxonomy":"product_tag","embeddable":true,"href":"https:\/\/gymupstore.cl\/index.php\/wp-json\/wp\/v2\/product_tag?post=9655"}],"curies":[{"name":"wp","href":"https:\/\/api.w.org\/{rel}","templated":true}]}}