{"id":9648,"date":"2023-06-29T21:44:53","date_gmt":"2023-06-29T21:44:53","guid":{"rendered":"https:\/\/gymupstore.cl\/?post_type=product&#038;p=9648"},"modified":"2024-04-01T21:32:53","modified_gmt":"2024-04-02T00:32:53","slug":"mario-strikers-battle-league-nsw","status":"publish","type":"product","link":"https:\/\/gymupstore.cl\/index.php\/producto\/mario-strikers-battle-league-nsw\/","title":{"rendered":"Mario Strikers: Battle League | NSW"},"content":{"rendered":"<p><strong>\u00a1Todo vale en este campo de juego!<\/strong><\/p>\n<p>\u00a1La nueva entrega de la serie Mario Strikers est\u00e1 de camino a Nintendo Switch! Prep\u00e1rate para el strike, un juego de cinco contra cinco similar al f\u00fatbol en el que el ataque es la clave.<\/p>\n<p>Marca goles haciendo remates y pases al resto de compa\u00f1eros de equipo, y tampoco dudes en recurrir a entradas, objetos y tiros especiales devastadores. \u00c9chale el guante a cualquier orbe que veas en el terreno de juego y c\u00e1rgalo mientras los rivales est\u00e9n distra\u00eddos para ejecutar un hipertrallazo, un tiro especial con el que podr\u00e1s marcar dos tantos a la vez.<\/p>\n<p>Personaliza a tu equipo como prefieras gracias al equipamiento; este no solo cambia la apariencia de los personajes, sino tambi\u00e9n atributos como la velocidad, la fuerza y la precisi\u00f3n de los pases.<\/p>\n<p>Hasta ocho jugadores (cuatro por equipo) pueden competir entre s\u00ed en una \u00fanica consola Nintendo Switch*. Adem\u00e1s de los partidos individuales, el juego en l\u00ednea cuenta con el modo club Strikers**, que permite reunirse a 20 jugadores y competir para convertirse en el mejor club del mundo.<\/p>\n","protected":false},"excerpt":{"rendered":"<ul>\n<li>JUEGO ASIATICO<\/li>\n<li>COMPATIBLE CON TODAS LAS CONSOLAS NINTENDO SWITCH EN CHILE<\/li>\n<\/ul>\n","protected":false},"featured_media":9649,"comment_status":"open","ping_status":"closed","template":"","meta":[],"location":[495],"product_cat":[620,523,517,596,496],"product_tag":[],"locations":[{"id":495,"name":"PMC","slug":"gymupstore-pmc","quantity":"0"}],"_links":{"self":[{"href":"https:\/\/gymupstore.cl\/index.php\/wp-json\/wp\/v2\/product\/9648"}],"collection":[{"href":"https:\/\/gymupstore.cl\/index.php\/wp-json\/wp\/v2\/product"}],"about":[{"href":"https:\/\/gymupstore.cl\/index.php\/wp-json\/wp\/v2\/types\/product"}],"replies":[{"embeddable":true,"href":"https:\/\/gymupstore.cl\/index.php\/wp-json\/wp\/v2\/comments?post=9648"}],"wp:featuredmedia":[{"embeddable":true,"href":"https:\/\/gymupstore.cl\/index.php\/wp-json\/wp\/v2\/media\/9649"}],"wp:attachment":[{"href":"https:\/\/gymupstore.cl\/index.php\/wp-json\/wp\/v2\/media?parent=9648"}],"wp:term":[{"taxonomy":"location","embeddable":true,"href":"https:\/\/gymupstore.cl\/index.php\/wp-json\/wp\/v2\/location?post=9648"},{"taxonomy":"product_cat","embeddable":true,"href":"https:\/\/gymupstore.cl\/index.php\/wp-json\/wp\/v2\/product_cat?post=9648"},{"taxonomy":"product_tag","embeddable":true,"href":"https:\/\/gymupstore.cl\/index.php\/wp-json\/wp\/v2\/product_tag?post=9648"}],"curies":[{"name":"wp","href":"https:\/\/api.w.org\/{rel}","templated":true}]}}