{"id":9368,"date":"2023-05-29T18:59:31","date_gmt":"2023-05-29T18:59:31","guid":{"rendered":"https:\/\/gymupstore.cl\/?post_type=product&#038;p=9368"},"modified":"2023-11-10T17:41:29","modified_gmt":"2023-11-10T20:41:29","slug":"dragon-ball-super-06-ivrea-argentina","status":"publish","type":"product","link":"https:\/\/gymupstore.cl\/index.php\/producto\/dragon-ball-super-06-ivrea-argentina\/","title":{"rendered":"Dragon Ball Super 06 | Ivrea Argentina"},"content":{"rendered":"<p>\u00a1Por fin el manga de DRAGON BALL SUPER! Cuenta la historia que sigue al enfrentamiento contra Majin Boo. Goku y sus amigos deben enfrentarse a nuevas m\u00faltiples desaf\u00edos: desde un torneo contra representantes de otro universo hasta otro contra \u00a1todos los universos! Y tambi\u00e9n el regreso de Trunks del futuro y la amenaza de una versi\u00f3n malvada de Goku. Con personajes entra\u00f1ables que hacen su reaparici\u00f3n y nuevos personajes como el dios de la destrucci\u00f3n, Beerus. \u00a1M\u00e1s poderes! \u00a1M\u00e1s transformaciones! Todo se eleva a la S\u00daPER potencia en este manga.<\/p>\n","protected":false},"excerpt":{"rendered":"<p>Nombre original japon\u00e9s: DRAGON BALL CHOU<\/p>\n<p>Autores: AKIRA TORIYAMA (idea original) \/ TOYOTARO (realizaci\u00f3n)<\/p>\n<p>Cantidad de tomos: 20 Y SIGUE PUBLIC\u00c1NDOSE EN JAP\u00d3N<\/p>\n<p>PUBLICACI\u00d3N EN CURSO &#8211; Cada n\u00famero argentino ha sido editado en tomos id\u00e9nticos a los japoneses<\/p>\n","protected":false},"featured_media":9373,"comment_status":"open","ping_status":"closed","template":"","meta":[],"location":[495],"product_cat":[612,608,520,599,496],"product_tag":[],"locations":[{"id":495,"name":"PMC","slug":"gymupstore-pmc","quantity":"2"}],"_links":{"self":[{"href":"https:\/\/gymupstore.cl\/index.php\/wp-json\/wp\/v2\/product\/9368"}],"collection":[{"href":"https:\/\/gymupstore.cl\/index.php\/wp-json\/wp\/v2\/product"}],"about":[{"href":"https:\/\/gymupstore.cl\/index.php\/wp-json\/wp\/v2\/types\/product"}],"replies":[{"embeddable":true,"href":"https:\/\/gymupstore.cl\/index.php\/wp-json\/wp\/v2\/comments?post=9368"}],"wp:featuredmedia":[{"embeddable":true,"href":"https:\/\/gymupstore.cl\/index.php\/wp-json\/wp\/v2\/media\/9373"}],"wp:attachment":[{"href":"https:\/\/gymupstore.cl\/index.php\/wp-json\/wp\/v2\/media?parent=9368"}],"wp:term":[{"taxonomy":"location","embeddable":true,"href":"https:\/\/gymupstore.cl\/index.php\/wp-json\/wp\/v2\/location?post=9368"},{"taxonomy":"product_cat","embeddable":true,"href":"https:\/\/gymupstore.cl\/index.php\/wp-json\/wp\/v2\/product_cat?post=9368"},{"taxonomy":"product_tag","embeddable":true,"href":"https:\/\/gymupstore.cl\/index.php\/wp-json\/wp\/v2\/product_tag?post=9368"}],"curies":[{"name":"wp","href":"https:\/\/api.w.org\/{rel}","templated":true}]}}