{"id":9338,"date":"2023-05-26T05:40:11","date_gmt":"2023-05-26T05:40:11","guid":{"rendered":"https:\/\/gymupstore.cl\/?post_type=product&#038;p=9338"},"modified":"2023-05-29T18:53:44","modified_gmt":"2023-05-29T18:53:44","slug":"chainsaw-man-12-ivrea-argentina","status":"publish","type":"product","link":"https:\/\/gymupstore.cl\/index.php\/producto\/chainsaw-man-12-ivrea-argentina\/","title":{"rendered":"Chainsaw Man 12 | Ivrea Argentina"},"content":{"rendered":"<p>\u00a1IVREA tira de la empu\u00f1adura y publicar\u00e1 en Argentina la desaforada CHAINSAW MAN! \u00a1Ni Leatherface, ni Ash Williams ni Grell Sutcliff se atrevieron a tanto!<\/p>\n<p>Una de las m\u00e1s aclamadas obras de la actualidad en la Shonen Jump llega por fin a Argentina. Saldr\u00e1 en el formato tankoubon habitual con sobrecubierta, bimestralmente.<\/p>\n<p>Chainsaw Man narra la historia de Denji, un pobre infeliz que har\u00eda cualquier cosa por guita. Su padre se suicid\u00f3 dej\u00e1ndole una deuda impagable con la mafia, jam\u00e1s en su vida lo abrazaron y gracias si puede apuntar a comerse una rodaja de pan lactal por d\u00eda. Cuando ya casi no le quedan \u00f3rganos que vender, empieza a cazar demonios con su perro-motosierra, Pochita, subsistiendo con el sue\u00f1o de tener un futuro mejor\u2026 Hasta que el mismo mafioso para el que trabajaban les tiende una trampa y ambos mueren descuartizados\u2026 al menos por un rato.<\/p>\n<p>Resulta que Pochita se fusiona con el coraz\u00f3n de Denji, volvi\u00e9ndolo un h\u00edbrido de humano y demonio d\u00e1ndole el poder de convertir sus brazos y cabeza en motosierras, para deleite de la tribuna que quer\u00eda un buen shonen con gore. A partir de ah\u00ed, una bella mujer llamada Makima lo contacta y le da dos opciones: o trabaja como su perro fiel como Devil Hunter estatal o lo ponen a dormir definitivamente\u2026 \u00a1\u00a1Y todo esto en el primer cap\u00edtulo!!<\/p>\n<p>Con el correr de la historia, nos daremos cuenta de que ac\u00e1 posta que no todo es lo que parece, que adem\u00e1s de demonios-zombies, demonios-tomate y otros m\u00e1s rid\u00edculos, existen tambi\u00e9n aquellos con el poder de cambiar la historia de la humanidad, y que aun as\u00ed el mayor enemigo de la humanidad quiz\u00e1s se encuentre entre sus filas.<\/p>\n<p>Chainsaw Man es la segunda serie de Tatsuki Fujimoto (la primera siendo Fire Punch), y se publica desde 2018 en la Shonen Jump, llevando hasta la fecha 9 tomos. El autor se declara fan de las pel\u00edculas de acci\u00f3n, cosa que se nota en cada escena, y logra mezclar con mucho tino las premisas t\u00edpicas del shonen con algunas de las vueltas de tuerca m\u00e1s truculentas de los \u00faltimos tiempos.<\/p>\n","protected":false},"excerpt":{"rendered":"<p>Nombre original japon\u00e9s: CHAINSAW MAN<\/p>\n<p>Autor: TATSUKI FUJIMOTO<\/p>\n<p>Cantidad de tomos: 13 Y SIGUE PUBLIC\u00c1NDOSE EN JAP\u00d3N<\/p>\n<p>PUBLICACI\u00d3N EN CURSO &#8211; Cada n\u00famero argentino ha sido editado en tomos id\u00e9nticos a los japoneses<\/p>\n","protected":false},"featured_media":9341,"comment_status":"open","ping_status":"closed","template":"","meta":[],"location":[495],"product_cat":[605,520,599,496],"product_tag":[],"locations":[{"id":495,"name":"PMC","slug":"gymupstore-pmc","quantity":"3"}],"_links":{"self":[{"href":"https:\/\/gymupstore.cl\/index.php\/wp-json\/wp\/v2\/product\/9338"}],"collection":[{"href":"https:\/\/gymupstore.cl\/index.php\/wp-json\/wp\/v2\/product"}],"about":[{"href":"https:\/\/gymupstore.cl\/index.php\/wp-json\/wp\/v2\/types\/product"}],"replies":[{"embeddable":true,"href":"https:\/\/gymupstore.cl\/index.php\/wp-json\/wp\/v2\/comments?post=9338"}],"wp:featuredmedia":[{"embeddable":true,"href":"https:\/\/gymupstore.cl\/index.php\/wp-json\/wp\/v2\/media\/9341"}],"wp:attachment":[{"href":"https:\/\/gymupstore.cl\/index.php\/wp-json\/wp\/v2\/media?parent=9338"}],"wp:term":[{"taxonomy":"location","embeddable":true,"href":"https:\/\/gymupstore.cl\/index.php\/wp-json\/wp\/v2\/location?post=9338"},{"taxonomy":"product_cat","embeddable":true,"href":"https:\/\/gymupstore.cl\/index.php\/wp-json\/wp\/v2\/product_cat?post=9338"},{"taxonomy":"product_tag","embeddable":true,"href":"https:\/\/gymupstore.cl\/index.php\/wp-json\/wp\/v2\/product_tag?post=9338"}],"curies":[{"name":"wp","href":"https:\/\/api.w.org\/{rel}","templated":true}]}}