{"id":9140,"date":"2023-05-09T05:09:24","date_gmt":"2023-05-09T05:09:24","guid":{"rendered":"https:\/\/gymupstore.cl\/?post_type=product&#038;p=9140"},"modified":"2025-06-06T10:55:31","modified_gmt":"2025-06-06T13:55:31","slug":"game-boy-advance","status":"publish","type":"product","link":"https:\/\/gymupstore.cl\/index.php\/producto\/game-boy-advance\/","title":{"rendered":"Game Boy Advance (Usado) | \u00cdndigo"},"content":{"rendered":"<p>La Game Boy Advance (conocida en Jap\u00f3n como \u30b2\u30fc\u30e0\u30dc\u30fc\u30a4\u30a2\u30c9\u30d0\u30f3\u30b9; G\u0113mu B\u014di Adobansu), abreviada como GBA, es una consola de videojuegos de la compa\u00f1\u00eda Nintendo, fabricada desde marzo de 2001 hasta 2008. La GBA forma parte de la sexta generaci\u00f3n de videoconsolas. El modelo original no ten\u00eda una pantalla con iluminaci\u00f3n, lo que fue solucionado con la Game Boy Advance SP, un redise\u00f1o de la consola que inclu\u00eda algunas mejoras como la pantalla con iluminaci\u00f3n y el uso de bater\u00edas de litio. Finalmente sufri\u00f3 dos \u00faltimos redise\u00f1os en el 2005, una versi\u00f3n de la SP con pantalla retroiluminada y la Game Boy Micro.<\/p>\n<p>El 1 de septiembre de 1999, Nintendo anunci\u00f3 oficialmente la Game Boy Advance, incluyendo las especificaciones del sistema como su conexi\u00f3n a trav\u00e9s de un tel\u00e9fono m\u00f3vil y un modelo mejorado de la Game Boy Camera. Adem\u00e1s desvelaron las fechas planeadas del lanzamiento, en Jap\u00f3n en agosto del 2000 y posteriormente en Am\u00e9rica del Norte y Europa a finales de a\u00f1o.<\/p>\n","protected":false},"excerpt":{"rendered":"<ul>\n<li>Consola Original reacondicionada con caja.<\/li>\n<li>No inclutye juego.<\/li>\n<li>Nintendo \/ Sexta generaci\u00f3n<\/li>\n<li>Soporte: Cartuchos Game Boy 2 MB \/ Cartuchos Game Boy Color 4 MB \/ Cartuchos Game Boy Advance 32 MB<\/li>\n<li>Compatibilidad: Nintendo Gamecube, Game Boy, y Game Boy Color<\/li>\n<li>Retrocompatibilidad: Game Boy, y Game Boy Color<\/li>\n<\/ul>\n","protected":false},"featured_media":9143,"comment_status":"open","ping_status":"closed","template":"","meta":[],"location":[495],"product_cat":[613,537,523,496],"product_tag":[],"locations":[{"id":495,"name":"PMC","slug":"gymupstore-pmc","quantity":"0"}],"_links":{"self":[{"href":"https:\/\/gymupstore.cl\/index.php\/wp-json\/wp\/v2\/product\/9140"}],"collection":[{"href":"https:\/\/gymupstore.cl\/index.php\/wp-json\/wp\/v2\/product"}],"about":[{"href":"https:\/\/gymupstore.cl\/index.php\/wp-json\/wp\/v2\/types\/product"}],"replies":[{"embeddable":true,"href":"https:\/\/gymupstore.cl\/index.php\/wp-json\/wp\/v2\/comments?post=9140"}],"wp:featuredmedia":[{"embeddable":true,"href":"https:\/\/gymupstore.cl\/index.php\/wp-json\/wp\/v2\/media\/9143"}],"wp:attachment":[{"href":"https:\/\/gymupstore.cl\/index.php\/wp-json\/wp\/v2\/media?parent=9140"}],"wp:term":[{"taxonomy":"location","embeddable":true,"href":"https:\/\/gymupstore.cl\/index.php\/wp-json\/wp\/v2\/location?post=9140"},{"taxonomy":"product_cat","embeddable":true,"href":"https:\/\/gymupstore.cl\/index.php\/wp-json\/wp\/v2\/product_cat?post=9140"},{"taxonomy":"product_tag","embeddable":true,"href":"https:\/\/gymupstore.cl\/index.php\/wp-json\/wp\/v2\/product_tag?post=9140"}],"curies":[{"name":"wp","href":"https:\/\/api.w.org\/{rel}","templated":true}]}}