{"id":9092,"date":"2023-05-07T22:57:12","date_gmt":"2023-05-07T22:57:12","guid":{"rendered":"https:\/\/gymupstore.cl\/?post_type=product&#038;p=9092"},"modified":"2023-05-07T23:18:04","modified_gmt":"2023-05-07T23:18:04","slug":"maniac-1980-bluray-fansub","status":"publish","type":"product","link":"https:\/\/gymupstore.cl\/index.php\/producto\/maniac-1980-bluray-fansub\/","title":{"rendered":"Maniac (1980) | Bluray Fansub"},"content":{"rendered":"<div class=\"video-shortcode\"><iframe title=\"Maniac (1980) Official Trailer [HD]\" width=\"1325\" height=\"745\" src=\"https:\/\/www.youtube.com\/embed\/q93IfUpNfwk?feature=oembed\" frameborder=\"0\" allow=\"accelerometer; autoplay; clipboard-write; encrypted-media; gyroscope; picture-in-picture; web-share\" allowfullscreen><\/iframe><\/div>\n<p>Un asesino se mueve por las calles de Nueva York. Mata a mujeres brutalmente, se lleva sus cabelleras y las expone en maniqu\u00eds en su asqueroso apartamento. Es su \u00fanico contacto con el mundo fuera hasta que conoce a una guapa fot\u00f3grafa. Pero\u2026 \u00bfpuede un man\u00edaco formar simple amistad?<\/p>\n","protected":false},"excerpt":{"rendered":"<ul>\n<li>Edici\u00f3n: Blu-ray Fansub (Reproducci\u00f3n)<\/li>\n<li>Director: William Lustig<\/li>\n<li>Reparto: Joe Spinell, Caroline Munro, Abigail Clayton, Kelly Piper, Rita Montone, Tom Savini, Hyla Marrow<\/li>\n<li>M\u00fasica: Jay Chattaway<\/li>\n<li>A\u00f1o: 1980<\/li>\n<li>Pa\u00eds: Estados Unidos<\/li>\n<li>Duraci\u00f3n: 87 Minutos<\/li>\n<li>Audio: INGLES DTS-HD Master Audio 7.1 \/ INGLES Dolby Digital EX 5.1 \/ FRANCES Dolby Digital 2.0 \/ ITALIANO Dolby Digital 2.0 \/ ALEMAN Dolby Digital 2.0<\/li>\n<li>Subt\u00edtulos: Espa\u00f1ol, Ingles, Potugues, Koreano, Japones, Mandarin, Thai<\/li>\n<li>Video: 16:9<\/li>\n<li>Film: Color<\/li>\n<li>Discos: 2<\/li>\n<li>Genero: Terror<\/li>\n<li>Link: https:\/\/www.allhorror.com\/movies\/maniac-1980<\/li>\n<li>Extras: Protector de Pl\u00e1stico, Sleeve Cover, Postal, Caja azul, Bonus Disc<\/li>\n<li>BDR-25G<\/li>\n<\/ul>\n","protected":false},"featured_media":9093,"comment_status":"open","ping_status":"closed","template":"","meta":[],"location":[495],"product_cat":[538,568,521,496],"product_tag":[],"locations":[{"id":495,"name":"PMC","slug":"gymupstore-pmc","quantity":"1"}],"_links":{"self":[{"href":"https:\/\/gymupstore.cl\/index.php\/wp-json\/wp\/v2\/product\/9092"}],"collection":[{"href":"https:\/\/gymupstore.cl\/index.php\/wp-json\/wp\/v2\/product"}],"about":[{"href":"https:\/\/gymupstore.cl\/index.php\/wp-json\/wp\/v2\/types\/product"}],"replies":[{"embeddable":true,"href":"https:\/\/gymupstore.cl\/index.php\/wp-json\/wp\/v2\/comments?post=9092"}],"wp:featuredmedia":[{"embeddable":true,"href":"https:\/\/gymupstore.cl\/index.php\/wp-json\/wp\/v2\/media\/9093"}],"wp:attachment":[{"href":"https:\/\/gymupstore.cl\/index.php\/wp-json\/wp\/v2\/media?parent=9092"}],"wp:term":[{"taxonomy":"location","embeddable":true,"href":"https:\/\/gymupstore.cl\/index.php\/wp-json\/wp\/v2\/location?post=9092"},{"taxonomy":"product_cat","embeddable":true,"href":"https:\/\/gymupstore.cl\/index.php\/wp-json\/wp\/v2\/product_cat?post=9092"},{"taxonomy":"product_tag","embeddable":true,"href":"https:\/\/gymupstore.cl\/index.php\/wp-json\/wp\/v2\/product_tag?post=9092"}],"curies":[{"name":"wp","href":"https:\/\/api.w.org\/{rel}","templated":true}]}}