{"id":9029,"date":"2023-04-27T17:10:46","date_gmt":"2023-04-27T17:10:46","guid":{"rendered":"https:\/\/gymupstore.cl\/?post_type=product&#038;p=9029"},"modified":"2023-07-07T03:12:38","modified_gmt":"2023-07-07T03:12:38","slug":"dragon-ball-xenoverse-2-usado-nsw","status":"publish","type":"product","link":"https:\/\/gymupstore.cl\/index.php\/producto\/dragon-ball-xenoverse-2-usado-nsw\/","title":{"rendered":"Dragon Ball Xenoverse 2 | (Usado) NSW"},"content":{"rendered":"<div class=\"video-shortcode\"><iframe title=\"DRAGON BALL XENOVERSE 2 - Launch Trailer | Switch\" width=\"1325\" height=\"745\" src=\"https:\/\/www.youtube.com\/embed\/H1z7YY7AHRI?feature=oembed\" frameborder=\"0\" allow=\"accelerometer; autoplay; clipboard-write; encrypted-media; gyroscope; picture-in-picture; web-share\" allowfullscreen><\/iframe><\/div>\n<p><strong>\u00a1Es el momento de convertirte en S\u00faper Saiyan!<\/strong><\/p>\n<p>Desarrollado para aprovechar al m\u00e1ximo la potencia de la actual generaci\u00f3n de consolas y PCs,\u00a0<strong><em>DRAGON BALL XENOVERSE 2\u00a0<\/em><\/strong>llega como continuaci\u00f3n del exitoso DRAGON BALL XENOVERSE, con gr\u00e1ficos mejorados que transportar\u00e1n a los jugadores al mayor y m\u00e1s detallado mundo Dragon Ball que existe.<\/p>\n<p><strong><em>DRAGON BALL XENOVERSE 2<\/em><\/strong>\u00a0cuenta con una nueva ciudad e infinitas posibilidades de personalizaci\u00f3n de personajes, multitud de nuevas caracter\u00edsticas y mejoras especiales.<\/p>\n<h2>Caracter\u00edsticas<\/h2>\n<ul>\n<li>Revive la historia Dragon Ball viajando en el tiempo y modificando los momentos m\u00e1s relevantes del universo Dragon Ball.<\/li>\n<li>Gr\u00e1ficos de nueva generaci\u00f3n que convertir\u00e1n la experiencia del anim\u00e9 en algo casi real.<\/li>\n<li>Nuevos personajes y luchas con los jefes.<\/li>\n<li>Una ciudad completamente nueva, 7 veces mayor que la del juego original, con 300 personas jugando online al mismo tiempo.<\/li>\n<li>Sistema de creaci\u00f3n de personajes m\u00e1s detallado.<\/li>\n<li>Mejoras y soporte posterior al lanzamiento durante m\u00e1s de un a\u00f1o.<\/li>\n<\/ul>\n","protected":false},"excerpt":{"rendered":"<div><img src=\"https:\/\/www.todojuegos.cl\/images\/usado_230x80.png?&amp;s=2304388307891\" width=\"173\" height=\"38\" \/><\/div>\n<p><strong>IMPORTANTE<\/strong>, est\u00e1s adquiriendo un producto USADO.<\/p>\n<p>El juego est\u00e1 probado y funcionando. El disco o cartucho puede tener detalles menores derivados del uso normal.<\/p>\n<p>La foto de car\u00e1tula o label y el color de la caja (si as\u00ed corresponde) puede variar, la caja o cartridge puede presentar signos de uso mayor o menor.<\/p>\n","protected":false},"featured_media":9030,"comment_status":"open","ping_status":"closed","template":"","meta":[],"location":[495],"product_cat":[612,523,517,496],"product_tag":[],"locations":[{"id":495,"name":"PMC","slug":"gymupstore-pmc","quantity":"1"}],"_links":{"self":[{"href":"https:\/\/gymupstore.cl\/index.php\/wp-json\/wp\/v2\/product\/9029"}],"collection":[{"href":"https:\/\/gymupstore.cl\/index.php\/wp-json\/wp\/v2\/product"}],"about":[{"href":"https:\/\/gymupstore.cl\/index.php\/wp-json\/wp\/v2\/types\/product"}],"replies":[{"embeddable":true,"href":"https:\/\/gymupstore.cl\/index.php\/wp-json\/wp\/v2\/comments?post=9029"}],"wp:featuredmedia":[{"embeddable":true,"href":"https:\/\/gymupstore.cl\/index.php\/wp-json\/wp\/v2\/media\/9030"}],"wp:attachment":[{"href":"https:\/\/gymupstore.cl\/index.php\/wp-json\/wp\/v2\/media?parent=9029"}],"wp:term":[{"taxonomy":"location","embeddable":true,"href":"https:\/\/gymupstore.cl\/index.php\/wp-json\/wp\/v2\/location?post=9029"},{"taxonomy":"product_cat","embeddable":true,"href":"https:\/\/gymupstore.cl\/index.php\/wp-json\/wp\/v2\/product_cat?post=9029"},{"taxonomy":"product_tag","embeddable":true,"href":"https:\/\/gymupstore.cl\/index.php\/wp-json\/wp\/v2\/product_tag?post=9029"}],"curies":[{"name":"wp","href":"https:\/\/api.w.org\/{rel}","templated":true}]}}