{"id":9024,"date":"2023-04-27T17:01:42","date_gmt":"2023-04-27T17:01:42","guid":{"rendered":"https:\/\/gymupstore.cl\/?post_type=product&#038;p=9024"},"modified":"2023-04-27T17:04:16","modified_gmt":"2023-04-27T17:04:16","slug":"hello-neighbor-nsw","status":"publish","type":"product","link":"https:\/\/gymupstore.cl\/index.php\/producto\/hello-neighbor-nsw\/","title":{"rendered":"Hello Neighbor | NSW"},"content":{"rendered":"<div class=\"video-shortcode\"><iframe title=\"Hello Neighbor Launch Trailer\" width=\"1325\" height=\"745\" src=\"https:\/\/www.youtube.com\/embed\/uXq6_0wUxi0?feature=oembed\" frameborder=\"0\" allow=\"accelerometer; autoplay; clipboard-write; encrypted-media; gyroscope; picture-in-picture; web-share\" allowfullscreen><\/iframe><\/div>\n<p>Hello Neighbor es un juego de terror sigiloso acerca de entrar furtivamente en la casa de tu vecino para descubrir qu\u00e9 horribles secretos esconde en el s\u00f3tano. Juegas contra una inteligencia artificial avanzada que aprende de cada uno de tus movimientos. \u00bfRealmente disfrutas trepar por la ventana del patio trasero? Espera encontrar una trampa para osos all\u00ed. \u00bfSalir de forma oculta por la puerta principal? Habr\u00e1 c\u00e1maras all\u00ed pronto. \u00bfIntentando escapar? El vecino encontrar\u00e1 un atajo y te atrapar\u00e1.<\/p>\n<ul>\n<li>Juego de terror colosal (sin sobresaltos) que se enfoca en escabullirse en la casa de tu vecino.<\/li>\n<li>Experiencia en constante evoluci\u00f3n donde la inteligencia artificial del vecino contrarresta tus movimientos y aprende de lo que haces.<\/li>\n<li>Experiencia de juego de estilo sandbox con mucha interacci\u00f3n ambiental y f\u00edsica.<\/li>\n<\/ul>\n","protected":false},"excerpt":{"rendered":"<p>Hello Neighbor es un juego de terror sigiloso acerca de [&hellip;]<\/p>\n","protected":false},"featured_media":9025,"comment_status":"open","ping_status":"closed","template":"","meta":[],"location":[495],"product_cat":[523,517,496],"product_tag":[],"locations":[{"id":495,"name":"PMC","slug":"gymupstore-pmc","quantity":"1"}],"_links":{"self":[{"href":"https:\/\/gymupstore.cl\/index.php\/wp-json\/wp\/v2\/product\/9024"}],"collection":[{"href":"https:\/\/gymupstore.cl\/index.php\/wp-json\/wp\/v2\/product"}],"about":[{"href":"https:\/\/gymupstore.cl\/index.php\/wp-json\/wp\/v2\/types\/product"}],"replies":[{"embeddable":true,"href":"https:\/\/gymupstore.cl\/index.php\/wp-json\/wp\/v2\/comments?post=9024"}],"wp:featuredmedia":[{"embeddable":true,"href":"https:\/\/gymupstore.cl\/index.php\/wp-json\/wp\/v2\/media\/9025"}],"wp:attachment":[{"href":"https:\/\/gymupstore.cl\/index.php\/wp-json\/wp\/v2\/media?parent=9024"}],"wp:term":[{"taxonomy":"location","embeddable":true,"href":"https:\/\/gymupstore.cl\/index.php\/wp-json\/wp\/v2\/location?post=9024"},{"taxonomy":"product_cat","embeddable":true,"href":"https:\/\/gymupstore.cl\/index.php\/wp-json\/wp\/v2\/product_cat?post=9024"},{"taxonomy":"product_tag","embeddable":true,"href":"https:\/\/gymupstore.cl\/index.php\/wp-json\/wp\/v2\/product_tag?post=9024"}],"curies":[{"name":"wp","href":"https:\/\/api.w.org\/{rel}","templated":true}]}}