{"id":9023,"date":"2023-04-27T17:01:48","date_gmt":"2023-04-27T17:01:48","guid":{"rendered":"https:\/\/gymupstore.cl\/?post_type=product&#038;p=9023"},"modified":"2023-04-27T17:03:59","modified_gmt":"2023-04-27T17:03:59","slug":"lego-harry-potter-collection-nsw","status":"publish","type":"product","link":"https:\/\/gymupstore.cl\/index.php\/producto\/lego-harry-potter-collection-nsw\/","title":{"rendered":"Lego Harry Potter: Collection | NSW"},"content":{"rendered":"<div class=\"video-shortcode\"><iframe title=\"LEGO Harry Potter Collection Launch Trailer - Switch &amp; XBOX One\" width=\"1325\" height=\"745\" src=\"https:\/\/www.youtube.com\/embed\/0teth0_X-gE?feature=oembed\" frameborder=\"0\" allow=\"accelerometer; autoplay; clipboard-write; encrypted-media; gyroscope; picture-in-picture; web-share\" allowfullscreen><\/iframe><\/div>\n<p>\u00a1La Colecci\u00f3n LEGO\u00ae Harry Potter\u2122 incluye los remasterizados LEGO\u00ae Harry Potter\u2122: A\u00f1os 1-4 y LEGO\u00ae Harry Potter\u2122: A\u00f1os 5-7! Esta compilaci\u00f3n une el poder creativo de LEGO y el variado mundo de Harry Potter en una emocionante aventura repleta de hechicer\u00eda, preparaci\u00f3n de pociones, resoluci\u00f3n de acertijos, lecciones, duelos y mucho m\u00e1s para jugadores de todas las edades.<\/p>\n","protected":false},"excerpt":{"rendered":"<p>\u00a1La Colecci\u00f3n LEGO\u00ae Harry Potter\u2122 incluye los remasterizados LEGO\u00ae Harry [&hellip;]<\/p>\n","protected":false},"featured_media":9027,"comment_status":"open","ping_status":"closed","template":"","meta":[],"location":[495],"product_cat":[523,517,496],"product_tag":[],"locations":[{"id":495,"name":"PMC","slug":"gymupstore-pmc","quantity":"0"}],"_links":{"self":[{"href":"https:\/\/gymupstore.cl\/index.php\/wp-json\/wp\/v2\/product\/9023"}],"collection":[{"href":"https:\/\/gymupstore.cl\/index.php\/wp-json\/wp\/v2\/product"}],"about":[{"href":"https:\/\/gymupstore.cl\/index.php\/wp-json\/wp\/v2\/types\/product"}],"replies":[{"embeddable":true,"href":"https:\/\/gymupstore.cl\/index.php\/wp-json\/wp\/v2\/comments?post=9023"}],"wp:featuredmedia":[{"embeddable":true,"href":"https:\/\/gymupstore.cl\/index.php\/wp-json\/wp\/v2\/media\/9027"}],"wp:attachment":[{"href":"https:\/\/gymupstore.cl\/index.php\/wp-json\/wp\/v2\/media?parent=9023"}],"wp:term":[{"taxonomy":"location","embeddable":true,"href":"https:\/\/gymupstore.cl\/index.php\/wp-json\/wp\/v2\/location?post=9023"},{"taxonomy":"product_cat","embeddable":true,"href":"https:\/\/gymupstore.cl\/index.php\/wp-json\/wp\/v2\/product_cat?post=9023"},{"taxonomy":"product_tag","embeddable":true,"href":"https:\/\/gymupstore.cl\/index.php\/wp-json\/wp\/v2\/product_tag?post=9023"}],"curies":[{"name":"wp","href":"https:\/\/api.w.org\/{rel}","templated":true}]}}