{"id":9019,"date":"2023-04-27T16:33:43","date_gmt":"2023-04-27T19:33:43","guid":{"rendered":"https:\/\/gymupstore.cl\/?post_type=product&#038;p=9019"},"modified":"2024-06-20T17:04:05","modified_gmt":"2024-06-20T20:04:05","slug":"mortal-kombat-11-nsw","status":"publish","type":"product","link":"https:\/\/gymupstore.cl\/index.php\/producto\/mortal-kombat-11-nsw\/","title":{"rendered":"Mortal Kombat 11 | NSW"},"content":{"rendered":"<div class=\"video-shortcode\"><iframe title=\"Official Launch Trailer | Mortal Kombat\" width=\"1325\" height=\"745\" src=\"https:\/\/www.youtube.com\/embed\/lQFZC6dzauM?feature=oembed\" frameborder=\"0\" allow=\"accelerometer; autoplay; clipboard-write; encrypted-media; gyroscope; picture-in-picture; web-share\" allowfullscreen><\/iframe><\/div>\n<p><strong>Advertencia: Mortal Kombat 11 requiere de 20 GB de espacio en memoria de la consola para instalaci\u00f3n\/actualizaci\u00f3n mediante descarga por internet<\/strong><\/p>\n<p>Mortal Kombat 11 profundiza y personaliza la experiencia como nunca antes con un nuevo Sistema de Variaci\u00f3n de Personajes Personalizado que da a los jugadores el control creativo para crear versiones personalizadas de la lista de personajes. Adem\u00e1s, el juego introducir\u00e1 una nueva historia cinematogr\u00e1fica que contin\u00faa con la saga \u00e9pica de m\u00e1s de 25 a\u00f1os.<\/p>\n<p><strong>Caracter\u00edsticas:<\/strong><\/p>\n<p>NUEVO MODO HISTORIA<br \/>\nContin\u00faa la legendaria saga de m\u00e1s de 25 a\u00f1os con una nueva historia cinem\u00e1tica. Los jugadores podr\u00e1n jugar con una gran variedad de personajes del pasado y el presente en una nueva historia que desaf\u00eda al tiempo para enfrentar a Raiden contra Kronika, el Guardi\u00e1n del Tiempo que cre\u00f3 la existencia en los albores de la historia.<\/p>\n<p>NUEVO SISTEMA DE VARIACI\u00d3N DE PERSONAJES PERSONALIZADOS<br \/>\nOfrece opciones de personalizaci\u00f3n casi ilimitadas, con las que el jugador dispondr\u00e1 de m\u00e1s control y podr\u00e1 disfrutar de una experiencia m\u00e1s profunda y personalizada. El jugador podr\u00e1 personalizar a sus luchadores con una gran variedad de trajes, equipamiento, habilidades especiales, v\u00eddeos de presentaci\u00f3n y victoria, burlas y brutalidades que se podr\u00e1n conseguir jugando.<\/p>\n<p>PERSONAJES POPULARES NUEVOS Y ANTIGUOS<br \/>\nElige de entre una lista de luchadores con sus propias habilidades y fatalities, con nuevos personajes como Geras, un poderoso y leal sirviente de Kronika capaz de manipular el tiempo, y personajes tan queridos como Baraka, Raiden, Skarlet, Scorpion, Sonya Blade, Sub-Zero y muchos m\u00e1s.<\/p>\n<p>M\u00c1S MODOS, DESAF\u00cdOS Y RECOMPENSAS<br \/>\nEl juego est\u00e1 lleno a rebosar de modos, como Torres del tiempo, que se basa en juegos antiguos de NetherRealm y en el que el jugador podr\u00e1 poner a prueba sus habilidades en diversos desaf\u00edos, para continuar con la experiencia Mortal Kombat 11 con m\u00e1s variedad que nunca.<\/p>\n<p>NUEVOS GOLPES DEVASTADORES Y FATALITIES EMBLEM\u00c1TICAS<br \/>\nLas batallas se muestran m\u00e1s salvajes que nunca, con mejoras en gr\u00e1ficos y animaciones.<\/p>\n","protected":false},"excerpt":{"rendered":"<p>Advertencia: Mortal Kombat 11 requiere de 20 GB de espacio [&hellip;]<\/p>\n","protected":false},"featured_media":9021,"comment_status":"open","ping_status":"closed","template":"","meta":[],"location":[495],"product_cat":[741,523,517,496],"product_tag":[],"locations":[{"id":495,"name":"PMC","slug":"gymupstore-pmc","quantity":"1"}],"_links":{"self":[{"href":"https:\/\/gymupstore.cl\/index.php\/wp-json\/wp\/v2\/product\/9019"}],"collection":[{"href":"https:\/\/gymupstore.cl\/index.php\/wp-json\/wp\/v2\/product"}],"about":[{"href":"https:\/\/gymupstore.cl\/index.php\/wp-json\/wp\/v2\/types\/product"}],"replies":[{"embeddable":true,"href":"https:\/\/gymupstore.cl\/index.php\/wp-json\/wp\/v2\/comments?post=9019"}],"wp:featuredmedia":[{"embeddable":true,"href":"https:\/\/gymupstore.cl\/index.php\/wp-json\/wp\/v2\/media\/9021"}],"wp:attachment":[{"href":"https:\/\/gymupstore.cl\/index.php\/wp-json\/wp\/v2\/media?parent=9019"}],"wp:term":[{"taxonomy":"location","embeddable":true,"href":"https:\/\/gymupstore.cl\/index.php\/wp-json\/wp\/v2\/location?post=9019"},{"taxonomy":"product_cat","embeddable":true,"href":"https:\/\/gymupstore.cl\/index.php\/wp-json\/wp\/v2\/product_cat?post=9019"},{"taxonomy":"product_tag","embeddable":true,"href":"https:\/\/gymupstore.cl\/index.php\/wp-json\/wp\/v2\/product_tag?post=9019"}],"curies":[{"name":"wp","href":"https:\/\/api.w.org\/{rel}","templated":true}]}}