{"id":9017,"date":"2023-04-27T16:33:34","date_gmt":"2023-04-27T16:33:34","guid":{"rendered":"https:\/\/gymupstore.cl\/?post_type=product&#038;p=9017"},"modified":"2023-04-27T16:35:00","modified_gmt":"2023-04-27T16:35:00","slug":"the-great-ace-attorney-chronicles-nsw","status":"publish","type":"product","link":"https:\/\/gymupstore.cl\/index.php\/producto\/the-great-ace-attorney-chronicles-nsw\/","title":{"rendered":"The Great Ace Attorney Chronicles | NSW"},"content":{"rendered":"<div class=\"video-shortcode\"><iframe title=\"A Message from Shu Takumi! - The Great Ace Attorney Chronicles\" width=\"1325\" height=\"745\" src=\"https:\/\/www.youtube.com\/embed\/DJk4hMgtbPA?feature=oembed\" frameborder=\"0\" allow=\"accelerometer; autoplay; clipboard-write; encrypted-media; gyroscope; picture-in-picture; web-share\" allowfullscreen><\/iframe><\/div>\n<p>Sum\u00e9rgete en un mundo dram\u00e1tico, pero rebosante de encanto e ingenio, donde buscar\u00e1s pruebas, har\u00e1s deducciones y te enfrentar\u00e1s en tribunales con este pack doble con las aventuras del abogado novato Ryunosuke.<\/p>\n<p>Ambientado en Jap\u00f3n y Londres a finales del siglo XIX, cada t\u00edtulo te ofrece cinco episodios de misterios y asesinatos con todo el drama, el humor, los giros inesperados y las grandes sorpresas que esperas del legado lleno de laberintos legales de Ace Attorney. \u00danete a Ryunosuke Naruhodo, ancestro del pilar de esta franquicia, Phoenix Wright, para descubrir los secretos que esconde una conspiraci\u00f3n criminal internacional, y resuelve un sobrecogedor y desconcertante caso sin cerrar, afrontando una serie de desafiantes juicios durante tu aventura. \u00a1Disfruta de docenas de horas de batallas legales!<\/p>\n<p>Durante cada caso hablar\u00e1s con testigos, examinar\u00e1s pistas y pruebas, e intentar\u00e1s deducir el nefasto m\u00f3vil del crimen antes de ir a juicio. En el tribunal escuchar\u00e1s testimonios, interrogar\u00e1s testigos y presentar\u00e1s pruebas. Y por supuesto, esto no ser\u00eda un juego de Ace Attorney si no pudieras gritar \u00ab\u00a1PROTESTO!\u00bb cuando sabes que tienes las pruebas y hechos necesarios para refutar las afirmaciones del fiscal y demostrar la inocencia de tu cliente.<\/p>\n<p>El juego incluye una \u00fatil funci\u00f3n de ayuda por si te quedas atascado en tu investigaci\u00f3n. Aun si es tu primer juego de la serie, podr\u00e1s empezar tus aventuras de detective aficionado sin problemas. \u00bfSer\u00e1s capaz de resolver estos ingeniosos casos? \u00a1Comienza el juego!<\/p>\n","protected":false},"excerpt":{"rendered":"<p>Sum\u00e9rgete en un mundo dram\u00e1tico, pero rebosante de encanto e [&hellip;]<\/p>\n","protected":false},"featured_media":9020,"comment_status":"open","ping_status":"closed","template":"","meta":[],"location":[495],"product_cat":[523,517,496],"product_tag":[],"locations":[{"id":495,"name":"PMC","slug":"gymupstore-pmc","quantity":"1"}],"_links":{"self":[{"href":"https:\/\/gymupstore.cl\/index.php\/wp-json\/wp\/v2\/product\/9017"}],"collection":[{"href":"https:\/\/gymupstore.cl\/index.php\/wp-json\/wp\/v2\/product"}],"about":[{"href":"https:\/\/gymupstore.cl\/index.php\/wp-json\/wp\/v2\/types\/product"}],"replies":[{"embeddable":true,"href":"https:\/\/gymupstore.cl\/index.php\/wp-json\/wp\/v2\/comments?post=9017"}],"wp:featuredmedia":[{"embeddable":true,"href":"https:\/\/gymupstore.cl\/index.php\/wp-json\/wp\/v2\/media\/9020"}],"wp:attachment":[{"href":"https:\/\/gymupstore.cl\/index.php\/wp-json\/wp\/v2\/media?parent=9017"}],"wp:term":[{"taxonomy":"location","embeddable":true,"href":"https:\/\/gymupstore.cl\/index.php\/wp-json\/wp\/v2\/location?post=9017"},{"taxonomy":"product_cat","embeddable":true,"href":"https:\/\/gymupstore.cl\/index.php\/wp-json\/wp\/v2\/product_cat?post=9017"},{"taxonomy":"product_tag","embeddable":true,"href":"https:\/\/gymupstore.cl\/index.php\/wp-json\/wp\/v2\/product_tag?post=9017"}],"curies":[{"name":"wp","href":"https:\/\/api.w.org\/{rel}","templated":true}]}}