{"id":9013,"date":"2023-04-27T16:23:34","date_gmt":"2023-04-27T16:23:34","guid":{"rendered":"https:\/\/gymupstore.cl\/?post_type=product&#038;p=9013"},"modified":"2023-04-27T16:27:46","modified_gmt":"2023-04-27T16:27:46","slug":"fire-emblem-warriors-nsw","status":"publish","type":"product","link":"https:\/\/gymupstore.cl\/index.php\/producto\/fire-emblem-warriors-nsw\/","title":{"rendered":"Fire Emblem Warriors | NSW"},"content":{"rendered":"<div class=\"video-shortcode\"><iframe title=\"Fire Emblem Warriors Launch Trailer - Nintendo Switch\" width=\"1325\" height=\"745\" src=\"https:\/\/www.youtube.com\/embed\/n16aNy1O65Y?feature=oembed\" frameborder=\"0\" allow=\"accelerometer; autoplay; clipboard-write; encrypted-media; gyroscope; picture-in-picture; web-share\" allowfullscreen><\/iframe><\/div>\n<p><strong>\u00a1H\u00e9roes de todo el universo Fire Emblem se al\u00edan!<\/strong><\/p>\n<p>Lucha contra legiones de fieros soldados y feroces monstruos en la piel de Marth, Xander, Corrin y otros h\u00e9roes de Fire Emblem para desatar potentes y exorbitantes ataques al estilo Dynasty Warriors.<\/p>\n<p>Toma el control de personajes originales de Fire Emblem bien conocidos, da \u00f3rdenes durante la batalla, combina h\u00e9roes para que ejecuten alucinante ataques, y muchas cosas m\u00e1s.<\/p>\n<p>Desbloquea nuevos h\u00e9roes jugables, cada uno con sus propios movimientos \u00fanicos, ataques especiales, tipos de armas y di\u00e1logos hablados* en este juego de acci\u00f3n a gran escala de los creadores de Hyrule Warriors.<\/p>\n<p><strong>Caracter\u00edsticas:<\/strong><\/p>\n<ul>\n<li>Un nuevo reino con personajes originales y h\u00e9roes del imaginario Fire Emblem<\/li>\n<li>Lucha en la piel de los h\u00e9roes favoritos de Fire Emblem, como Chrom, Corrin, Ryoma,<\/li>\n<li>Marth, Xander y muchos m\u00e1s, cada uno con movimientos \u00fanicos, ataques especiales, tipos de armas y di\u00e1logos hablados*<\/li>\n<li>Combina a dos h\u00e9roes para formar una sola unidad que desatar\u00e1 potentes combos y alterna entre los h\u00e9roes incluso a mitad de un ataque<\/li>\n<li>Usa el tri\u00e1ngulo de armas cl\u00e1sico y alterna entre h\u00e9roes de Fire Emblem para conseguir ventaja durante el combate<\/li>\n<\/ul>\n","protected":false},"excerpt":{"rendered":"<ul>\n<li>JUEGO EUROPEO<\/li>\n<li>COMPATIBLE CON TODAS LAS CONSOLAS NINTENDO SWITCH EN CHILE<\/li>\n<\/ul>\n","protected":false},"featured_media":9015,"comment_status":"open","ping_status":"closed","template":"","meta":[],"location":[495],"product_cat":[523,517,496],"product_tag":[],"locations":[{"id":495,"name":"PMC","slug":"gymupstore-pmc","quantity":"1"}],"_links":{"self":[{"href":"https:\/\/gymupstore.cl\/index.php\/wp-json\/wp\/v2\/product\/9013"}],"collection":[{"href":"https:\/\/gymupstore.cl\/index.php\/wp-json\/wp\/v2\/product"}],"about":[{"href":"https:\/\/gymupstore.cl\/index.php\/wp-json\/wp\/v2\/types\/product"}],"replies":[{"embeddable":true,"href":"https:\/\/gymupstore.cl\/index.php\/wp-json\/wp\/v2\/comments?post=9013"}],"wp:featuredmedia":[{"embeddable":true,"href":"https:\/\/gymupstore.cl\/index.php\/wp-json\/wp\/v2\/media\/9015"}],"wp:attachment":[{"href":"https:\/\/gymupstore.cl\/index.php\/wp-json\/wp\/v2\/media?parent=9013"}],"wp:term":[{"taxonomy":"location","embeddable":true,"href":"https:\/\/gymupstore.cl\/index.php\/wp-json\/wp\/v2\/location?post=9013"},{"taxonomy":"product_cat","embeddable":true,"href":"https:\/\/gymupstore.cl\/index.php\/wp-json\/wp\/v2\/product_cat?post=9013"},{"taxonomy":"product_tag","embeddable":true,"href":"https:\/\/gymupstore.cl\/index.php\/wp-json\/wp\/v2\/product_tag?post=9013"}],"curies":[{"name":"wp","href":"https:\/\/api.w.org\/{rel}","templated":true}]}}