{"id":9009,"date":"2023-04-27T15:53:33","date_gmt":"2023-04-27T15:53:33","guid":{"rendered":"https:\/\/gymupstore.cl\/?post_type=product&#038;p=9009"},"modified":"2023-04-27T15:55:58","modified_gmt":"2023-04-27T15:55:58","slug":"tmnt-the-cowabunga-collection-nsw","status":"publish","type":"product","link":"https:\/\/gymupstore.cl\/index.php\/producto\/tmnt-the-cowabunga-collection-nsw\/","title":{"rendered":"TMNT: The Cowabunga Collection | NSW"},"content":{"rendered":"<div class=\"video-shortcode\"><iframe title=\"Teenage Mutant Ninja Turtles: The Cowabunga Collection Launch Trailer\" width=\"1325\" height=\"745\" src=\"https:\/\/www.youtube.com\/embed\/8uOX4rDyXBI?feature=oembed\" frameborder=\"0\" allow=\"accelerometer; autoplay; clipboard-write; encrypted-media; gyroscope; picture-in-picture; web-share\" allowfullscreen><\/iframe><\/div>\n<p>Teenage Mutant Ninja Turtles: The Cowabunga Collection re\u00fane trece t\u00edtulos cl\u00e1sicos de Konami de las TMNT en un incre\u00edble pack. Esta colecci\u00f3n ofrece a los jugadores una oportunidad \u00fanica de disfrutar estos juegos incre\u00edblemente populares e influyentes en Nintendo Switch con nuevas y fant\u00e1sticas opciones:<\/p>\n<p>Se ha a\u00f1adido el juego online* para ciertos t\u00edtulos y multijugador local<br \/>\nGuarda en cualquier momento y rebobina<br \/>\nOnce lanzamientos en su versi\u00f3n japonesa<br \/>\nConfiguraci\u00f3n personalizada de botones<br \/>\nDise\u00f1os y bocetos exclusivos<br \/>\nContenido hist\u00f3rico de las TMNT en los medios<\/p>\n<p>Los juegos se basan en los personajes y temas de la serie de animaci\u00f3n infantil de los a\u00f1os 80 y la serie de c\u00f3mics \u00abTeenage Mutant Ninja Turtles\u00bb. El juego se desarrolla en una versi\u00f3n ficticia de Nueva York, en las cloacas, en una base enemiga futurista \u00a1e incluso a trav\u00e9s del tiempo! \u00a1Teenage Mutant Ninja Turtles: The Cowabunga Collection llegar\u00e1 a Nintendo Switch en 2022!<\/p>\n<p>\u2022Teenage Mutant Ninja Turtles* (Arcade)<br \/>\n\u2022Teenage Mutant Ninja Turtles: Turtles in Time* (Arcade)<br \/>\n\u2022Teenage Mutant Ninja Turtles (N)<br \/>\n\u2022Teenage Mutant Ninja Turtles II: The Arcade Game (N)<br \/>\n\u2022Teenage Mutant Ninja Turtles III: The Manhattan Project (N)<br \/>\n\u2022Teenage Mutant Ninja Turtles: Tournament Fighters (N)<br \/>\n\u2022Teenage Mutant Ninja Turtles IV: Turtles in Time (SN)<br \/>\n\u2022Teenage Mutant Ninja Turtles: Tournament Fighters* (SN)<br \/>\n\u2022Teenage Mutant Ninja Turtles: The Hyperstone Heist* (SG)<br \/>\n\u2022Teenage Mutant Ninja Turtles: Tournament Fighters (SG)<br \/>\n\u2022Teenage Mutant Ninja Turtles: Fall of The Foot Clan (GB)<br \/>\n\u2022Teenage Mutant Ninja Turtles II: Back From The Sewers (GB)<br \/>\n\u2022Teenage Mutant Ninja Turtles III: Radical Rescue (GB)<\/p>\n<p>*T\u00edtulos online<br \/>\nTMNT (Arcade)<br \/>\nTMNT Turtles in Time (Arcade)<br \/>\nTMNT The Hyperstone Heist<br \/>\nTMNT Tournament Fighters<\/p>\n","protected":false},"excerpt":{"rendered":"<p>Teenage Mutant Ninja Turtles: The Cowabunga Collection re\u00fane trece t\u00edtulos [&hellip;]<\/p>\n","protected":false},"featured_media":9012,"comment_status":"open","ping_status":"closed","template":"","meta":[],"location":[495],"product_cat":[523,517,496],"product_tag":[],"locations":[{"id":495,"name":"PMC","slug":"gymupstore-pmc","quantity":"1"}],"_links":{"self":[{"href":"https:\/\/gymupstore.cl\/index.php\/wp-json\/wp\/v2\/product\/9009"}],"collection":[{"href":"https:\/\/gymupstore.cl\/index.php\/wp-json\/wp\/v2\/product"}],"about":[{"href":"https:\/\/gymupstore.cl\/index.php\/wp-json\/wp\/v2\/types\/product"}],"replies":[{"embeddable":true,"href":"https:\/\/gymupstore.cl\/index.php\/wp-json\/wp\/v2\/comments?post=9009"}],"wp:featuredmedia":[{"embeddable":true,"href":"https:\/\/gymupstore.cl\/index.php\/wp-json\/wp\/v2\/media\/9012"}],"wp:attachment":[{"href":"https:\/\/gymupstore.cl\/index.php\/wp-json\/wp\/v2\/media?parent=9009"}],"wp:term":[{"taxonomy":"location","embeddable":true,"href":"https:\/\/gymupstore.cl\/index.php\/wp-json\/wp\/v2\/location?post=9009"},{"taxonomy":"product_cat","embeddable":true,"href":"https:\/\/gymupstore.cl\/index.php\/wp-json\/wp\/v2\/product_cat?post=9009"},{"taxonomy":"product_tag","embeddable":true,"href":"https:\/\/gymupstore.cl\/index.php\/wp-json\/wp\/v2\/product_tag?post=9009"}],"curies":[{"name":"wp","href":"https:\/\/api.w.org\/{rel}","templated":true}]}}