{"id":9004,"date":"2023-04-27T02:56:36","date_gmt":"2023-04-27T02:56:36","guid":{"rendered":"https:\/\/gymupstore.cl\/?post_type=product&#038;p=9004"},"modified":"2023-04-27T02:57:51","modified_gmt":"2023-04-27T02:57:51","slug":"dying-light-platinum-edition-nsw","status":"publish","type":"product","link":"https:\/\/gymupstore.cl\/index.php\/producto\/dying-light-platinum-edition-nsw\/","title":{"rendered":"Dying Light Platinum Edition | NSW"},"content":{"rendered":"<div class=\"video-shortcode\"><iframe title=\"Dying Light Platinum Edition | Nintendo Switch Launch Trailer\" width=\"1325\" height=\"745\" src=\"https:\/\/www.youtube.com\/embed\/wXAxnWq_Q5I?feature=oembed\" frameborder=\"0\" allow=\"accelerometer; autoplay; clipboard-write; encrypted-media; gyroscope; picture-in-picture; web-share\" allowfullscreen><\/iframe><\/div>\n<p class=\"h2\"><strong>\u00a1EL MEJOR JUEGO DE SOBREVIVENCIA CON ZOMBIS EN MUNDO ABIERTO!<\/strong><\/p>\n<div class=\"bullet-list drawer\">\n<p>Recorre un mundo infectado donde solo los fuertes pueden sobrevivir. Domina las habilidades de combate para hacer frente a todo tipo de monstruos, tanto zombis como humanos. \u00a1El parkour te permitir\u00e1 recorrer los tejados mientras fabricas armas, ayudas a otros sobrevivientes y haces frente a tus peores pesadillas!<\/p>\n<p>\u00a1Disfruta Dying Light al m\u00e1ximo con la versi\u00f3n m\u00e1s completa del popular juego de sobrevivencia con zombis en mundo abierto! Con cuatro DLC y diecisiete lotes de aspecto, Dying Light: Edici\u00f3n de Platino te ofrece todo lo que necesitas para explorar el postapocalipsis. Maneja tu buggy sembrando la destrucci\u00f3n por Harran, supera las pruebas de Bozak, \u00a1explora nuevas zonas de cuarentena y disfruta de numerosos atuendos y armas nuevos!<\/p>\n<p>\u00bfTe interesa mejorar a\u00fan m\u00e1s tu experiencia de juego? Prueba las funciones exclusivas de Nintendo Switch. Mejora tu punter\u00eda mediante el apuntado con giroscopio y descubre una nueva forma de lucha con controles de movimiento: \u00a1golpear a tus enemigos nunca fue m\u00e1s divertido! La vibraci\u00f3n HD te permite experimentar Dying Light como nunca antes, mientras que la pantalla t\u00e1ctil facilita el uso de la interfaz. Y por si fuera poco, los modos cooperativos local y en l\u00ednea te ayudan a jugar con tus amigos. \u00a1Para el local, solo necesitan colocar juntas las consolas! \u00a1No podr\u00eda ser m\u00e1s f\u00e1cil!<\/p>\n<p><strong>Caracter\u00edsticas<\/strong>:<\/p>\n<p>Dying Light: El galardonado juego completo.<\/p>\n<p>Dying Light: The Following: Una expansi\u00f3n enorme con una historia nueva, un gran mapa y un buggy para explorarlo.<\/p>\n<p>Dying Light: Bozak Horde: Un desafiante modo nuevo con su propia historia.<\/p>\n<p>Cuisine &amp; Cargo: Dos zonas de cuarentena nuevas<\/p>\n<p>Ultimate Survivor Bundle: Armas y atuendos exclusivos.<\/p>\n<p>Hellraid: Un nuevo modo en un ambiente de fantas\u00eda oscura.<\/p>\n<p>Una colecci\u00f3n de aspectos y armas que har\u00e1 que masacrar a los zombis sea m\u00e1s divertido a\u00fan:<\/p>\n<p>Crash Test skin pack \u29eb 5th Anniversary bundle \u29eb Harran Ranger bundle \u29eb Gun Psycho bundle \u29eb Volatile Hunter bundle \u29eb White Death bundle \u29eb Vintage Gunslinger bundle \u29eb Rais Elite bundle \u29eb Godfather bundle \u29eb Harran Inmate bundle \u29eb Retrowave bundle \u29eb SHU Warrior bundle \u29eb Volkan Combat Armor bundle \u29eb Classified Operation bundle \u29eb Viking: Raiders of Harran bundle \u29eb Harran Tactical Unit bundle<\/p>\n<\/div>\n","protected":false},"excerpt":{"rendered":"<p>\u00a1EL MEJOR JUEGO DE SOBREVIVENCIA CON ZOMBIS EN MUNDO ABIERTO! [&hellip;]<\/p>\n","protected":false},"featured_media":9006,"comment_status":"open","ping_status":"closed","template":"","meta":[],"location":[495],"product_cat":[523,517,496],"product_tag":[],"locations":[{"id":495,"name":"PMC","slug":"gymupstore-pmc","quantity":"1"}],"_links":{"self":[{"href":"https:\/\/gymupstore.cl\/index.php\/wp-json\/wp\/v2\/product\/9004"}],"collection":[{"href":"https:\/\/gymupstore.cl\/index.php\/wp-json\/wp\/v2\/product"}],"about":[{"href":"https:\/\/gymupstore.cl\/index.php\/wp-json\/wp\/v2\/types\/product"}],"replies":[{"embeddable":true,"href":"https:\/\/gymupstore.cl\/index.php\/wp-json\/wp\/v2\/comments?post=9004"}],"wp:featuredmedia":[{"embeddable":true,"href":"https:\/\/gymupstore.cl\/index.php\/wp-json\/wp\/v2\/media\/9006"}],"wp:attachment":[{"href":"https:\/\/gymupstore.cl\/index.php\/wp-json\/wp\/v2\/media?parent=9004"}],"wp:term":[{"taxonomy":"location","embeddable":true,"href":"https:\/\/gymupstore.cl\/index.php\/wp-json\/wp\/v2\/location?post=9004"},{"taxonomy":"product_cat","embeddable":true,"href":"https:\/\/gymupstore.cl\/index.php\/wp-json\/wp\/v2\/product_cat?post=9004"},{"taxonomy":"product_tag","embeddable":true,"href":"https:\/\/gymupstore.cl\/index.php\/wp-json\/wp\/v2\/product_tag?post=9004"}],"curies":[{"name":"wp","href":"https:\/\/api.w.org\/{rel}","templated":true}]}}