{"id":9003,"date":"2023-04-27T02:53:29","date_gmt":"2023-04-27T02:53:29","guid":{"rendered":"https:\/\/gymupstore.cl\/?post_type=product&#038;p=9003"},"modified":"2023-04-27T02:56:23","modified_gmt":"2023-04-27T02:56:23","slug":"captain-tsubasa-rise-of-new-champions-nsw","status":"publish","type":"product","link":"https:\/\/gymupstore.cl\/index.php\/producto\/captain-tsubasa-rise-of-new-champions-nsw\/","title":{"rendered":"Captain Tsubasa: Rise of New Champions | NSW"},"content":{"rendered":"<div class=\"video-shortcode\"><iframe title=\"\u00a1CAPTAIN TSUBASA: RISE OF NEW CHAMPIONS POR FIN EST\u00c1 DISPONIBLE!\" width=\"1325\" height=\"745\" src=\"https:\/\/www.youtube.com\/embed\/euJnf2P-O0Y?feature=oembed\" frameborder=\"0\" allow=\"accelerometer; autoplay; clipboard-write; encrypted-media; gyroscope; picture-in-picture; web-share\" allowfullscreen><\/iframe><\/div>\n<p><strong>Por fin un nuevo juego de Captain Tsubasa, diez a\u00f1os despu\u00e9s del \u00faltimo t\u00edtulo para consolas!<\/strong><\/p>\n<p>Captain Tsubasa es una obra maestra del manga que aun hoy se recuerda con cari\u00f1o en todo el mundo. Este nuevo t\u00edtulo para consolas tendr\u00e1 las caracter\u00edsticas de un juego de f\u00fatbol al estilo recreativas. \u00a1Todo el mundo disfrutar\u00e1 de lo lindo haciendo jugadones contra sus rivales con los mejores gr\u00e1ficos!<\/p>\n<p><strong>Caracter\u00ecsticas principales<\/strong><\/p>\n<ul>\n<li>\u00a1Disfruta del sombreado plano y los efectos realistas del nuevo juego de Captain Tsubasa!<\/li>\n<li>Igual que la serie de Captain Tsubasa, los gr\u00e1ficos de anime de este juego se conocen en el mundo entero.<\/li>\n<li>Su representaci\u00f3n visual din\u00e1mica incluye unos nuevos efectos gr\u00e1ficos muy realistas.<\/li>\n<li>\u00a1La fiel representaci\u00f3n del estilo de todos y cada uno de nuestros conocidos personajes va a conseguir que los partidos de este nuevo t\u00edtulo de Captain Tsubasa sean animad\u00edsimos!<\/li>\n<li>\u00a1Choque de jugadones a gran velocidad! \u00abAcci\u00f3n futbol\u00edstica al estilo recreativas\u00bb<\/li>\n<li>Este juego adopta el g\u00e9nero de los simuladores de f\u00fatbol que te permiten vivir jugadas incre\u00edbles en tiempo real; uno de los motivos por los que los t\u00edtulos de Captain Tsubasa son tan populares.<\/li>\n<li>Es un juego de acci\u00f3n trepidante en el que podr\u00e1s marcar goles y utilizar habilidades de ensue\u00f1o a toda velocidad contra tus rivales mediante unos sencillos controles.<\/li>\n<\/ul>\n","protected":false},"excerpt":{"rendered":"<p>Por fin un nuevo juego de Captain Tsubasa, diez a\u00f1os [&hellip;]<\/p>\n","protected":false},"featured_media":9005,"comment_status":"open","ping_status":"closed","template":"","meta":[],"location":[495],"product_cat":[523,517,496],"product_tag":[],"locations":[{"id":495,"name":"PMC","slug":"gymupstore-pmc","quantity":"1"}],"_links":{"self":[{"href":"https:\/\/gymupstore.cl\/index.php\/wp-json\/wp\/v2\/product\/9003"}],"collection":[{"href":"https:\/\/gymupstore.cl\/index.php\/wp-json\/wp\/v2\/product"}],"about":[{"href":"https:\/\/gymupstore.cl\/index.php\/wp-json\/wp\/v2\/types\/product"}],"replies":[{"embeddable":true,"href":"https:\/\/gymupstore.cl\/index.php\/wp-json\/wp\/v2\/comments?post=9003"}],"wp:featuredmedia":[{"embeddable":true,"href":"https:\/\/gymupstore.cl\/index.php\/wp-json\/wp\/v2\/media\/9005"}],"wp:attachment":[{"href":"https:\/\/gymupstore.cl\/index.php\/wp-json\/wp\/v2\/media?parent=9003"}],"wp:term":[{"taxonomy":"location","embeddable":true,"href":"https:\/\/gymupstore.cl\/index.php\/wp-json\/wp\/v2\/location?post=9003"},{"taxonomy":"product_cat","embeddable":true,"href":"https:\/\/gymupstore.cl\/index.php\/wp-json\/wp\/v2\/product_cat?post=9003"},{"taxonomy":"product_tag","embeddable":true,"href":"https:\/\/gymupstore.cl\/index.php\/wp-json\/wp\/v2\/product_tag?post=9003"}],"curies":[{"name":"wp","href":"https:\/\/api.w.org\/{rel}","templated":true}]}}