{"id":8999,"date":"2023-04-27T02:48:19","date_gmt":"2023-04-27T02:48:19","guid":{"rendered":"https:\/\/gymupstore.cl\/?post_type=product&#038;p=8999"},"modified":"2023-04-27T02:51:00","modified_gmt":"2023-04-27T02:51:00","slug":"star-wars-jedi-knight-collection-nsw","status":"publish","type":"product","link":"https:\/\/gymupstore.cl\/index.php\/producto\/star-wars-jedi-knight-collection-nsw\/","title":{"rendered":"Star Wars Jedi Knight Collection | NSW"},"content":{"rendered":"<div class=\"video-shortcode\"><iframe title=\"Star Wars: Jedi Knight II: Jedi Outcast - Announcement Trailer - Nintendo Switch\" width=\"1325\" height=\"745\" src=\"https:\/\/www.youtube.com\/embed\/pLqVIw_Qz8A?feature=oembed\" frameborder=\"0\" allow=\"accelerometer; autoplay; clipboard-write; encrypted-media; gyroscope; picture-in-picture; web-share\" allowfullscreen><\/iframe><\/div>\n<p>Incluye dos juegos:<\/p>\n<p><strong>Jedi Knight II: Jedi Outcast<\/strong><\/p>\n<p>\u00a1La aventura cl\u00e1sica de Kyle Katarn llega a Switch! Disfruta de toda la \u00e9pica de la legendaria acci\u00f3n para un jugador con controles modernos.<\/p>\n<ul>\n<li>Ponte en la piel de Kyle Katarn, un agente de la Nueva Rep\u00fablica, y usa tu espada l\u00e1ser y el poder de la Fuerza para luchar contra el nuevo mal que azota la galaxia.<\/li>\n<li>Elige entre un arsenal de 13 armas que incluyen el fusil disruptor, detonadores t\u00e9rmicos, minas l\u00e1ser y la ballesta wookiee.<\/li>\n<li>Pon a prueba tu destreza en 24 misiones para un jugador, cuatro enfrentamientos \u00e9picos contra jefes y una inolvidable cantina.<\/li>\n<\/ul>\n<p><strong>Jedi Knight: Jedi Academy<\/strong><\/p>\n<p>\u00a1El cl\u00e1sico multijugador en l\u00ednea llega a Nintendo Switch con controles modernizados! Ponte en la piel de un nuevo estudiante y aprende los caminos de la Fuerza con el Maestro Jedi Luke Skywalker.<\/p>\n<ul>\n<li>Juega hasta con 16 jugadores en seis modos multijugador en l\u00ednea, incluidos Asedio, Captura la bandera y Todos contra todos.<\/li>\n<li>Personaliza la apariencia y el g\u00e9nero de tu personaje antes de acceder a la Academia para aprender el poder y los peligros de la Fuerza.<\/li>\n<li>Crea tu propio sable l\u00e1ser desde la empu\u00f1adura hasta la hoja. Al progresar, descubre el poder de blandir dos sables l\u00e1ser o el famoso sable l\u00e1ser de doble hoja de Darth Maul.<\/li>\n<li>Interact\u00faa con personajes famosos de STAR WARS en escenarios cl\u00e1sicos de la saga mientras te enfrentas a la decisi\u00f3n definitiva: luchar por el bien y la libertad en el Lado Luminoso o seguir el camino del poder y el mal en el Lado Oscuro.<\/li>\n<\/ul>\n<p>&nbsp;<\/p>\n","protected":false},"excerpt":{"rendered":"<p>Incluye dos juegos: Jedi Knight II: Jedi Outcast \u00a1La aventura [&hellip;]<\/p>\n","protected":false},"featured_media":9000,"comment_status":"open","ping_status":"closed","template":"","meta":[],"location":[495],"product_cat":[523,517,496],"product_tag":[],"locations":[{"id":495,"name":"PMC","slug":"gymupstore-pmc","quantity":"1"}],"_links":{"self":[{"href":"https:\/\/gymupstore.cl\/index.php\/wp-json\/wp\/v2\/product\/8999"}],"collection":[{"href":"https:\/\/gymupstore.cl\/index.php\/wp-json\/wp\/v2\/product"}],"about":[{"href":"https:\/\/gymupstore.cl\/index.php\/wp-json\/wp\/v2\/types\/product"}],"replies":[{"embeddable":true,"href":"https:\/\/gymupstore.cl\/index.php\/wp-json\/wp\/v2\/comments?post=8999"}],"wp:featuredmedia":[{"embeddable":true,"href":"https:\/\/gymupstore.cl\/index.php\/wp-json\/wp\/v2\/media\/9000"}],"wp:attachment":[{"href":"https:\/\/gymupstore.cl\/index.php\/wp-json\/wp\/v2\/media?parent=8999"}],"wp:term":[{"taxonomy":"location","embeddable":true,"href":"https:\/\/gymupstore.cl\/index.php\/wp-json\/wp\/v2\/location?post=8999"},{"taxonomy":"product_cat","embeddable":true,"href":"https:\/\/gymupstore.cl\/index.php\/wp-json\/wp\/v2\/product_cat?post=8999"},{"taxonomy":"product_tag","embeddable":true,"href":"https:\/\/gymupstore.cl\/index.php\/wp-json\/wp\/v2\/product_tag?post=8999"}],"curies":[{"name":"wp","href":"https:\/\/api.w.org\/{rel}","templated":true}]}}