{"id":8997,"date":"2023-04-27T02:45:04","date_gmt":"2023-04-27T02:45:04","guid":{"rendered":"https:\/\/gymupstore.cl\/?post_type=product&#038;p=8997"},"modified":"2023-04-27T15:47:30","modified_gmt":"2023-04-27T15:47:30","slug":"pocky-rocky-reshrined-nsw","status":"publish","type":"product","link":"https:\/\/gymupstore.cl\/index.php\/producto\/pocky-rocky-reshrined-nsw\/","title":{"rendered":"Pocky &amp; Rocky Reshrined | NSW"},"content":{"rendered":"<div class=\"video-shortcode\"><iframe title=\"Pocky &amp; Rocky Reshrined - Official Gameplay Trailer\" width=\"1325\" height=\"745\" src=\"https:\/\/www.youtube.com\/embed\/Drpp6zhFSU0?feature=oembed\" frameborder=\"0\" allow=\"accelerometer; autoplay; clipboard-write; encrypted-media; gyroscope; picture-in-picture; web-share\" allowfullscreen><\/iframe><\/div>\n<p>Pocky, la doncella del santuario, y el mapache Rocky regresan en la \u00faltima entrega de la cl\u00e1sica serie de disparos. El malvado Manto Negro vuelve a atacar, as\u00ed que Pocky y Rocky tienen que unirse una vez m\u00e1s, esta vez con algunos amigos nuevos, para superar los futuros desaf\u00edos. Con 8 fases de disparos acelerados, te enfrentar\u00e1s a muchos enemigos espeluznantes, jefes enormes y giros del destino.<br \/>\nPocky &amp; Rocky Reshrined es un juego de disparos de desplazamiento multidireccional con un cl\u00e1sico estilo de 16 bit. \u00a1Adem\u00e1s, tiene gr\u00e1ficos y sonido mejorados y ofrece mucha diversi\u00f3n! La mec\u00e1nica de juego presenta una perspectiva desde arriba hacia abajo, y cuenta con los modos de un jugador y cooperativo. \u00a1Las aventuras de Pocky y Rocky comienzan una vez m\u00e1s!<\/p>\n<p>\u2022 \u00a1Contin\u00faa la historia con una nueva entrega de la serie!<br \/>\n\u2022 \u00a1Juega en solitario en el modo historia o con un amigo en el modo libre!<br \/>\n\u2022 \u00a1Modo superf\u00e1cil para principiantes!<br \/>\n\u2022 \u00a1Juega como Pocky, Rocky o uno de los tres personajes nuevos!<br \/>\n\u2022 \u00a1Intenta llegar a la cima de los marcadores!<\/p>\n","protected":false},"excerpt":{"rendered":"<ul>\n<li>JUEGO EUROPEO<\/li>\n<li>COMPATIBLE CON TODAS LAS CONSOLAS NINTENDO SWITCH EN CHILE<\/li>\n<\/ul>\n","protected":false},"featured_media":8998,"comment_status":"open","ping_status":"closed","template":"","meta":[],"location":[495],"product_cat":[523,517,496],"product_tag":[],"locations":[{"id":495,"name":"PMC","slug":"gymupstore-pmc","quantity":"1"}],"_links":{"self":[{"href":"https:\/\/gymupstore.cl\/index.php\/wp-json\/wp\/v2\/product\/8997"}],"collection":[{"href":"https:\/\/gymupstore.cl\/index.php\/wp-json\/wp\/v2\/product"}],"about":[{"href":"https:\/\/gymupstore.cl\/index.php\/wp-json\/wp\/v2\/types\/product"}],"replies":[{"embeddable":true,"href":"https:\/\/gymupstore.cl\/index.php\/wp-json\/wp\/v2\/comments?post=8997"}],"wp:featuredmedia":[{"embeddable":true,"href":"https:\/\/gymupstore.cl\/index.php\/wp-json\/wp\/v2\/media\/8998"}],"wp:attachment":[{"href":"https:\/\/gymupstore.cl\/index.php\/wp-json\/wp\/v2\/media?parent=8997"}],"wp:term":[{"taxonomy":"location","embeddable":true,"href":"https:\/\/gymupstore.cl\/index.php\/wp-json\/wp\/v2\/location?post=8997"},{"taxonomy":"product_cat","embeddable":true,"href":"https:\/\/gymupstore.cl\/index.php\/wp-json\/wp\/v2\/product_cat?post=8997"},{"taxonomy":"product_tag","embeddable":true,"href":"https:\/\/gymupstore.cl\/index.php\/wp-json\/wp\/v2\/product_tag?post=8997"}],"curies":[{"name":"wp","href":"https:\/\/api.w.org\/{rel}","templated":true}]}}