{"id":8980,"date":"2023-04-26T23:52:43","date_gmt":"2023-04-26T23:52:43","guid":{"rendered":"https:\/\/gymupstore.cl\/?post_type=product&#038;p=8980"},"modified":"2023-04-27T00:01:21","modified_gmt":"2023-04-27T00:01:21","slug":"senran-kagura-peach-ball-nsw","status":"publish","type":"product","link":"https:\/\/gymupstore.cl\/index.php\/producto\/senran-kagura-peach-ball-nsw\/","title":{"rendered":"Senran Kagura Peach Ball | NSW"},"content":{"rendered":"<p>https:\/\/www.youtube.com\/watch?v=hRgl7Sqahe8&#038;ab_channel=XSEEDgames<\/p>\n<p>SENRAN KAGURA Peach Ball: Combates que hacen tiras la ropa, concursos de cocina r\u00edtmica, peleas con pistolas de agua y terapia de masajes: \u00bfqu\u00e9 le queda por hacer a las estudiantes shinobi de SENRAN KAGURA? Bueno, siempre hay pinball!<\/p>\n<p>Sin embargo, los &#8220;experimentos&#8221; de Haruka, convenientemente ubicados en la galer\u00eda de juegos local, han vuelto a causar estragos para las chicas. Esta vez, su p\u00f3cima ha ha convertido mentalmente a algunas de sus compa\u00f1eras shinobis en animales y la \u00fanica forma de revertir los efectos es mediante el uso de la m\u00edstica Bola de Melocot\u00f3n, que encaja perfectamente en una m\u00e1quina de pinball.<\/p>\n<p>Sum\u00e9rgete en esta nueva aventura y voltea, golpea, gira o rebota la Bola de Melocot\u00f3n en las shinobis confundidas para devolverlas a su estado normal. Con mesas personalizables, minijuegos especiales, un modo historia y algunos de los modos adicionales favoritos de los fan\u00e1ticos de la serie (incluido el modo diorama y el modo vestidor, SENRAN KAGURA Peach Ball promete ser el juego de pinball m\u00e1s fogoso que hayas jugado.<\/p>\n","protected":false},"excerpt":{"rendered":"<p>https:\/\/www.youtube.com\/watch?v=hRgl7Sqahe8&#038;ab_channel=XSEEDgames SENRAN KAGURA Peach Ball: Combates que hacen tiras la [&hellip;]<\/p>\n","protected":false},"featured_media":8981,"comment_status":"open","ping_status":"closed","template":"","meta":[],"location":[495],"product_cat":[523,517,496],"product_tag":[],"locations":[{"id":495,"name":"PMC","slug":"gymupstore-pmc","quantity":"1"}],"_links":{"self":[{"href":"https:\/\/gymupstore.cl\/index.php\/wp-json\/wp\/v2\/product\/8980"}],"collection":[{"href":"https:\/\/gymupstore.cl\/index.php\/wp-json\/wp\/v2\/product"}],"about":[{"href":"https:\/\/gymupstore.cl\/index.php\/wp-json\/wp\/v2\/types\/product"}],"replies":[{"embeddable":true,"href":"https:\/\/gymupstore.cl\/index.php\/wp-json\/wp\/v2\/comments?post=8980"}],"wp:featuredmedia":[{"embeddable":true,"href":"https:\/\/gymupstore.cl\/index.php\/wp-json\/wp\/v2\/media\/8981"}],"wp:attachment":[{"href":"https:\/\/gymupstore.cl\/index.php\/wp-json\/wp\/v2\/media?parent=8980"}],"wp:term":[{"taxonomy":"location","embeddable":true,"href":"https:\/\/gymupstore.cl\/index.php\/wp-json\/wp\/v2\/location?post=8980"},{"taxonomy":"product_cat","embeddable":true,"href":"https:\/\/gymupstore.cl\/index.php\/wp-json\/wp\/v2\/product_cat?post=8980"},{"taxonomy":"product_tag","embeddable":true,"href":"https:\/\/gymupstore.cl\/index.php\/wp-json\/wp\/v2\/product_tag?post=8980"}],"curies":[{"name":"wp","href":"https:\/\/api.w.org\/{rel}","templated":true}]}}