{"id":8976,"date":"2023-04-26T23:45:32","date_gmt":"2023-04-26T23:45:32","guid":{"rendered":"https:\/\/gymupstore.cl\/?post_type=product&#038;p=8976"},"modified":"2025-06-06T22:59:27","modified_gmt":"2025-06-07T01:59:27","slug":"chrono-cross-the-radical-dreamers-edition-nsw","status":"publish","type":"product","link":"https:\/\/gymupstore.cl\/index.php\/producto\/chrono-cross-the-radical-dreamers-edition-nsw\/","title":{"rendered":"Chrono Cross: The Radical Dreamers Edition | NSW"},"content":{"rendered":"<div class=\"video-shortcode\"><iframe title=\"CHRONO CROSS: THE RADICAL DREAMERS EDITION - Launch Trailer - Nintendo Switch\" width=\"1325\" height=\"745\" src=\"https:\/\/www.youtube.com\/embed\/jz5Oc7gV-9w?feature=oembed\" frameborder=\"0\" allow=\"accelerometer; autoplay; clipboard-write; encrypted-media; gyroscope; picture-in-picture; web-share\" allowfullscreen><\/iframe><\/div>\n<p>&#8220;CHRONO CROSS: THE RADICAL DREAMERS EDITION&#8221; es una remasterizaci\u00f3n de &#8220;CHRONO CROSS&#8221;.<\/p>\n<p>Los modelos en 3D se han actualizado en HD y se han a\u00f1adido nuevas ilustraciones y todo tipo de funciones. \u00a1Adem\u00e1s, el juego que sent\u00f3 los cimientos de la historia, &#8220;RADICAL DREAMERS \u2013 El tesoro prohibido&#8221;, tambi\u00e9n est\u00e1 incluido en esta edici\u00f3n!<\/p>\n<p>CHRONO CROSS es un RPG que transciende el tiempo y el espacio, al desarrollarse en dos mundos paralelos e interconectados.<\/p>\n<p>Con m\u00e1s de 40 miembros del equipo a los que conocer, personajes y dimensiones se entrelazar\u00e1n en este drama \u00e9pico donde todo un planeta est\u00e1 en juego.<\/p>\n<p>Nuevas funciones en la edici\u00f3n remasterizada<\/p>\n<ul>\n<li>Los modelos en 3D se han convertido a HD<\/li>\n<li>Las ilustraciones de los personajes se han pulido<\/li>\n<li>La m\u00fasica de fondo es de mayor calidad<\/li>\n<li>Los encuentros con los enemigos se pueden desactivar<\/li>\n<li>Funci\u00f3n de filtrado de fondos<\/li>\n<li>Mejoras en los combates para hacerlos m\u00e1s sencillos<\/li>\n<li>Funci\u00f3n de combate autom\u00e1tico<\/li>\n<li>Cambia entre una fuente tipo p\u00edxel y otra en HD<\/li>\n<li>Resoluci\u00f3n de pantalla ajustable<\/li>\n<\/ul>\n<p>RADICAL DREAMERS \u2013 El tesoro prohibido<\/p>\n<p>&#8220;RADICAL DREAMERS \u2013 El tesoro prohibido&#8221; se lanz\u00f3 en 1996 como juego independiente y, en los \u00faltimos a\u00f1os, no era sencillo acceder a \u00e9l para jugar. Ahora, los jugadores podr\u00e1n vivir la historia que sirvi\u00f3 de base para CHRONO CROSS en formato de novela audiovisual. Aqu\u00ed, la historia alternativa de los RADICAL DREAMERS, un grupo formado por los tres ladrones Serge, Kid y Maguile, se desarrolla en un mundo paralelo.<\/p>\n","protected":false},"excerpt":{"rendered":"<ul>\n<li class=\"dvInfoGral\"><span class=\"txTituloInfoGral\">Plataforma:\u00a0<\/span><span class=\"txValueInfoGral\">NSW<\/span><\/li>\n<li class=\"dvInfoGral\">Desarrollador:\u00a0<span class=\"txValueInfoGral\">Square Enix<\/span><\/li>\n<li class=\"dvInfoGral\">Idioma:\u00a0<span class=\"txValueInfoGral\">Subtitulado en Castellano<\/span><\/li>\n<\/ul>\n","protected":false},"featured_media":8977,"comment_status":"open","ping_status":"closed","template":"","meta":[],"location":[495],"product_cat":[523,517,496],"product_tag":[],"locations":[{"id":495,"name":"PMC","slug":"gymupstore-pmc","quantity":"1"}],"_links":{"self":[{"href":"https:\/\/gymupstore.cl\/index.php\/wp-json\/wp\/v2\/product\/8976"}],"collection":[{"href":"https:\/\/gymupstore.cl\/index.php\/wp-json\/wp\/v2\/product"}],"about":[{"href":"https:\/\/gymupstore.cl\/index.php\/wp-json\/wp\/v2\/types\/product"}],"replies":[{"embeddable":true,"href":"https:\/\/gymupstore.cl\/index.php\/wp-json\/wp\/v2\/comments?post=8976"}],"wp:featuredmedia":[{"embeddable":true,"href":"https:\/\/gymupstore.cl\/index.php\/wp-json\/wp\/v2\/media\/8977"}],"wp:attachment":[{"href":"https:\/\/gymupstore.cl\/index.php\/wp-json\/wp\/v2\/media?parent=8976"}],"wp:term":[{"taxonomy":"location","embeddable":true,"href":"https:\/\/gymupstore.cl\/index.php\/wp-json\/wp\/v2\/location?post=8976"},{"taxonomy":"product_cat","embeddable":true,"href":"https:\/\/gymupstore.cl\/index.php\/wp-json\/wp\/v2\/product_cat?post=8976"},{"taxonomy":"product_tag","embeddable":true,"href":"https:\/\/gymupstore.cl\/index.php\/wp-json\/wp\/v2\/product_tag?post=8976"}],"curies":[{"name":"wp","href":"https:\/\/api.w.org\/{rel}","templated":true}]}}