{"id":8972,"date":"2023-04-26T23:27:38","date_gmt":"2023-04-26T23:27:38","guid":{"rendered":"https:\/\/gymupstore.cl\/?post_type=product&#038;p=8972"},"modified":"2025-06-06T19:30:49","modified_gmt":"2025-06-06T22:30:49","slug":"jojos-bizarre-adventure-all-star-battle-r-nsw","status":"publish","type":"product","link":"https:\/\/gymupstore.cl\/index.php\/producto\/jojos-bizarre-adventure-all-star-battle-r-nsw\/","title":{"rendered":"JoJo\u2019s Bizarre Adventure: All Star Battle R | NSW"},"content":{"rendered":"<div class=\"video-shortcode\"><iframe title=\"JoJo&#039;s Bizarre Adventure: All-Star Battle R - Trailer de Lanzamiento\" width=\"1325\" height=\"745\" src=\"https:\/\/www.youtube.com\/embed\/F3Y6-Gt9zZw?feature=oembed\" frameborder=\"0\" allow=\"accelerometer; autoplay; clipboard-write; encrypted-media; gyroscope; picture-in-picture; web-share\" allowfullscreen><\/iframe><\/div>\n<p>Jojo&#8217;s Bizarre Adventure, famosa por sus carism\u00e1ticos h\u00e9roes, su impactante estilo art\u00edstico y sus inolvidables frases caracter\u00edsticas (&#8220;Yare yare daze&#8230;&#8221;), tiene una nueva entrega en camino: \u00a1JoJo&#8217;s Bizarre Adventure: All-Star Battle R!<\/p>\n<p>\u2022 Incre\u00edbles efectos visuales, fieles al estilo de Hirohiko Araki<br \/>\nJoJo&#8217;s Bizarre Adventure: All-Star Battle R captura el estilo art\u00edstico fuera de serie cl\u00e1sico de JoJo, que te permitir\u00e1 experimentar el universo de JoJo con impactantes im\u00e1genes que te har\u00e1n sentir que el manga de Hirohiko Araki ha cobrado vida. Ahora el control de los personajes de Hirohiko Araki est\u00e1 en tus manos y sentir\u00e1s que est\u00e1s dentro del manga, donde las im\u00e1genes y el texto se unen para invocar el caracter\u00edstico &#8220;\u30b4\u30b4\u30b4\u30b4\u30b4&#8221;.<\/p>\n<p>\u2022 50 personajes de todos los arcos narrativos de JoJo para jugar<br \/>\nJonathan Joestar, Jotaro Kujo, DIO, Jolyne Cujoh y otros personajes de JoJo&#8217;s Bizarre Adventure, unidos a trav\u00e9s de las generaciones. Con 50 personajes de todos los arcos narrativos para elegir, podr\u00e1s experimentar las batallas famosas de cada historia y ver a personajes de distintos universos enfrentarse por primera vez.<\/p>\n<p>\u2022 Varios modos de juego<br \/>\nJoJo&#8217;s Bizarre Adventure: All-Star Battle R incluye el modo All-Star Battle, el modo Arcade, el modo en l\u00ednea, el modo Versus, el modo de pr\u00e1ctica y el modo galer\u00eda. El modo principal, All-Star Battle, no solo cuenta con peleas entre personajes del juego original, tambi\u00e9n incluye nuevas peleas que son \u00fanicas de All-Star Battle R. Juega m\u00e1s de 100 peleas en varios entornos y condiciones. El modo All-Star Battle tambi\u00e9n ofrece skins decorativas especiales para los personajes e ilustraciones \u00fanicas que podr\u00e1s ver en el modo galer\u00eda.<\/p>\n<p>\u2022 \u00bfC\u00f3mo ha evolucionado el juego desde el All-Star Battle original?<br \/>\nEl dise\u00f1o de juego de JoJo&#8217;s Bizarre Adventure: All-Star Battle R est\u00e1 basado en el sistema All-Star Battle lanzado en 2014 y reaviva la experiencia con cambios en el ritmo de pelea y la incorporaci\u00f3n de bloqueos de golpes y saltos con embestidas. La atm\u00f3sfera de la serie animada cobra vida gracias a las nuevas grabaciones de audio de los actores de voz de la sexta parte del anim\u00e9. Tanto los fan\u00e1ticos que ya han jugado el All-Star Battle original como los principiantes podr\u00e1n disfrutar esta experiencia.<\/p>\n","protected":false},"excerpt":{"rendered":"<ul>\n<li class=\"dvInfoGral\"><span class=\"txTituloInfoGral\">Plataforma:\u00a0<\/span><span class=\"txValueInfoGral\">NSW<\/span><\/li>\n<li class=\"dvInfoGral\">Desarrollador:\u00a0<span class=\"txValueInfoGral\">Bandai Namco<\/span><\/li>\n<\/ul>\n","protected":false},"featured_media":8973,"comment_status":"open","ping_status":"closed","template":"","meta":[],"location":[495],"product_cat":[523,517,496],"product_tag":[],"locations":[{"id":495,"name":"PMC","slug":"gymupstore-pmc","quantity":"1"}],"_links":{"self":[{"href":"https:\/\/gymupstore.cl\/index.php\/wp-json\/wp\/v2\/product\/8972"}],"collection":[{"href":"https:\/\/gymupstore.cl\/index.php\/wp-json\/wp\/v2\/product"}],"about":[{"href":"https:\/\/gymupstore.cl\/index.php\/wp-json\/wp\/v2\/types\/product"}],"replies":[{"embeddable":true,"href":"https:\/\/gymupstore.cl\/index.php\/wp-json\/wp\/v2\/comments?post=8972"}],"wp:featuredmedia":[{"embeddable":true,"href":"https:\/\/gymupstore.cl\/index.php\/wp-json\/wp\/v2\/media\/8973"}],"wp:attachment":[{"href":"https:\/\/gymupstore.cl\/index.php\/wp-json\/wp\/v2\/media?parent=8972"}],"wp:term":[{"taxonomy":"location","embeddable":true,"href":"https:\/\/gymupstore.cl\/index.php\/wp-json\/wp\/v2\/location?post=8972"},{"taxonomy":"product_cat","embeddable":true,"href":"https:\/\/gymupstore.cl\/index.php\/wp-json\/wp\/v2\/product_cat?post=8972"},{"taxonomy":"product_tag","embeddable":true,"href":"https:\/\/gymupstore.cl\/index.php\/wp-json\/wp\/v2\/product_tag?post=8972"}],"curies":[{"name":"wp","href":"https:\/\/api.w.org\/{rel}","templated":true}]}}