{"id":8945,"date":"2023-04-26T05:17:51","date_gmt":"2023-04-26T05:17:51","guid":{"rendered":"https:\/\/gymupstore.cl\/?post_type=product&#038;p=8945"},"modified":"2023-04-26T16:03:35","modified_gmt":"2023-04-26T16:03:35","slug":"ant-man-and-the-wasp-2023-bluray-original","status":"publish","type":"product","link":"https:\/\/gymupstore.cl\/index.php\/producto\/ant-man-and-the-wasp-2023-bluray-original\/","title":{"rendered":"Ant-Man and the Wasp (2023) | Bluray Original"},"content":{"rendered":"<div class=\"video-shortcode\"><iframe title=\"Ant-Man and The Wasp, de Marvel Studios \u2013 Tr\u00e1iler oficial\" width=\"1325\" height=\"745\" src=\"https:\/\/www.youtube.com\/embed\/1xdCWAagZfw?feature=oembed\" frameborder=\"0\" allow=\"accelerometer; autoplay; clipboard-write; encrypted-media; gyroscope; picture-in-picture; web-share\" allowfullscreen><\/iframe><\/div>\n<p>Incluye Blu-ray de la pel\u00edcula.<\/p>\n<p>Idiomas: Ingl\u00e9s, Espa\u00f1ol<\/p>\n<p>Subt\u00edtulos: Espa\u00f1ol<\/p>\n<p>Del Mundo Cinematogr\u00e1fico de Marvel llega \u201cAnt-Man and The Wasp,\u201d un nuevo cap\u00edtulo en la vida de estos h\u00e9roes con\u00a0la sorprendente capacidad de encogerse. Despu\u00e9s de \u201cCapit\u00e1n Am\u00e9rica: Civil War\u201d, Scott Lang lidia con las\u00a0consecuencias de sus elecciones, como s\u00faper h\u00e9roe y como padre. Mientras lucha por encontrar el equilibrio entre su\u00a0vida dom\u00e9stica y sus responsabilidades como Ant-Man, debe enfrentar una nueva misi\u00f3n urgente que viene de manos de Hope van Dyne y el Dr. Hank Pym. Una vez m\u00e1s, Scott debe ponerse su traje y aprender a luchar en equipo junto a The Wasp para descubrir secretos del pasado&#8230;<\/p>\n<p>Material Extra:<\/p>\n<ul>\n<li>Ver pel\u00edcula con introducci\u00f3n del director Peyton Reed<\/li>\n<li>C\u00f3mo se hicieron los cortometrajes<\/li>\n<li>Bloopers y tomas eliminadas<\/li>\n<li>Escenas eliminadas<\/li>\n<li>Audiocomentarios<\/li>\n<li>Duraci\u00f3n: 146 min aprox<\/li>\n<\/ul>\n","protected":false},"excerpt":{"rendered":"<ul>\n<li class=\"dvInfoGral\"><span class=\"txTituloInfoGral\">Actores:\u00a0<\/span><span class=\"txValueInfoGral\">Paul Rudd, Evangeline Lilly, Michael Pe\u00f1a<\/span><\/li>\n<li class=\"dvInfoGral\">Director:\u00a0<span class=\"txValueInfoGral\">Peyton Reed<\/span><\/li>\n<li class=\"dvInfoGral\">Edad:\u00a0<span class=\"txValueInfoGral\">Recomendado mayores de 13 a\u00f1os<\/span><\/li>\n<li class=\"dvInfoGral\">Idioma:\u00a0<span class=\"txValueInfoGral\">Multilenguaje (Incluye Castellano)<\/span><\/li>\n<\/ul>\n","protected":false},"featured_media":8946,"comment_status":"open","ping_status":"closed","template":"","meta":[],"location":[495],"product_cat":[538,569,521,496],"product_tag":[],"locations":[{"id":495,"name":"PMC","slug":"gymupstore-pmc","quantity":"1"}],"_links":{"self":[{"href":"https:\/\/gymupstore.cl\/index.php\/wp-json\/wp\/v2\/product\/8945"}],"collection":[{"href":"https:\/\/gymupstore.cl\/index.php\/wp-json\/wp\/v2\/product"}],"about":[{"href":"https:\/\/gymupstore.cl\/index.php\/wp-json\/wp\/v2\/types\/product"}],"replies":[{"embeddable":true,"href":"https:\/\/gymupstore.cl\/index.php\/wp-json\/wp\/v2\/comments?post=8945"}],"wp:featuredmedia":[{"embeddable":true,"href":"https:\/\/gymupstore.cl\/index.php\/wp-json\/wp\/v2\/media\/8946"}],"wp:attachment":[{"href":"https:\/\/gymupstore.cl\/index.php\/wp-json\/wp\/v2\/media?parent=8945"}],"wp:term":[{"taxonomy":"location","embeddable":true,"href":"https:\/\/gymupstore.cl\/index.php\/wp-json\/wp\/v2\/location?post=8945"},{"taxonomy":"product_cat","embeddable":true,"href":"https:\/\/gymupstore.cl\/index.php\/wp-json\/wp\/v2\/product_cat?post=8945"},{"taxonomy":"product_tag","embeddable":true,"href":"https:\/\/gymupstore.cl\/index.php\/wp-json\/wp\/v2\/product_tag?post=8945"}],"curies":[{"name":"wp","href":"https:\/\/api.w.org\/{rel}","templated":true}]}}