{"id":8943,"date":"2023-04-26T05:15:47","date_gmt":"2023-04-26T05:15:47","guid":{"rendered":"https:\/\/gymupstore.cl\/?post_type=product&#038;p=8943"},"modified":"2023-04-26T16:03:25","modified_gmt":"2023-04-26T16:03:25","slug":"avengers-endgame-2019-bluray-original","status":"publish","type":"product","link":"https:\/\/gymupstore.cl\/index.php\/producto\/avengers-endgame-2019-bluray-original\/","title":{"rendered":"Avengers: Endgame (2019) | Bluray Original"},"content":{"rendered":"<div class=\"video-shortcode\"><iframe title=\"Avengers: Endgame - &quot;To The End&quot; Subtitulado\" width=\"1325\" height=\"745\" src=\"https:\/\/www.youtube.com\/embed\/QbCBVsYVogI?feature=oembed\" frameborder=\"0\" allow=\"accelerometer; autoplay; clipboard-write; encrypted-media; gyroscope; picture-in-picture; web-share\" allowfullscreen><\/iframe><\/div>\n<p>Incluye Blu-Ray de la pel\u00edcula<\/p>\n<p>La cuarta entrega de la serie de los Vengadores es la culminaci\u00f3n \u00fanica en la vida de 22 pel\u00edculas interconectadas y el cl\u00edmax de una traves\u00eda \u00e9pica! Los h\u00e9roes de la Tierra finalmente entender\u00e1n cuan fr\u00e1gil es nuestra realidad \u2014y los sacrificios que hay que hacer para sostenerla\u2014 en una historia de amistad, trabajo en equipo y dejar de lado las diferencias para superar un obst\u00e1culo imposible.<\/p>\n<p>Idiomas: ingl\u00e9s, espa\u00f1ol<\/p>\n<p>Subt\u00edtulos: ingl\u00e9s, espa\u00f1ol<\/p>\n<p>Material adicional:<\/p>\n<ul>\n<li>Audiocomentarios<\/li>\n<li>Ver pel\u00edcula con introducci\u00f3n de los directores Joe y Anthony Russo<\/li>\n<\/ul>\n","protected":false},"excerpt":{"rendered":"<ul>\n<li class=\"dvInfoGral\"><span class=\"txTituloInfoGral\">Marca:\u00a0<\/span><span class=\"txValueInfoGral\">Marvel<\/span><\/li>\n<li class=\"dvInfoGral\">Actores:\u00a0<span class=\"txValueInfoGral\">Robert Downey Jr., Chris Evans, Mark Ruffalo<\/span><\/li>\n<li class=\"dvInfoGral\">Director:\u00a0<span class=\"txValueInfoGral\">Joe Russo y Anthony Russo<\/span><\/li>\n<li class=\"dvInfoGral\">Edad:\u00a0<span class=\"txValueInfoGral\">Recomendado mayores de 7 a\u00f1os<\/span><\/li>\n<li class=\"dvInfoGral\">Idioma:\u00a0<span class=\"txValueInfoGral\">Multilenguaje (Incluye Castellano)<\/span><\/li>\n<\/ul>\n","protected":false},"featured_media":8944,"comment_status":"open","ping_status":"closed","template":"","meta":[],"location":[495],"product_cat":[538,569,521,496],"product_tag":[],"locations":[{"id":495,"name":"PMC","slug":"gymupstore-pmc","quantity":"1"}],"_links":{"self":[{"href":"https:\/\/gymupstore.cl\/index.php\/wp-json\/wp\/v2\/product\/8943"}],"collection":[{"href":"https:\/\/gymupstore.cl\/index.php\/wp-json\/wp\/v2\/product"}],"about":[{"href":"https:\/\/gymupstore.cl\/index.php\/wp-json\/wp\/v2\/types\/product"}],"replies":[{"embeddable":true,"href":"https:\/\/gymupstore.cl\/index.php\/wp-json\/wp\/v2\/comments?post=8943"}],"wp:featuredmedia":[{"embeddable":true,"href":"https:\/\/gymupstore.cl\/index.php\/wp-json\/wp\/v2\/media\/8944"}],"wp:attachment":[{"href":"https:\/\/gymupstore.cl\/index.php\/wp-json\/wp\/v2\/media?parent=8943"}],"wp:term":[{"taxonomy":"location","embeddable":true,"href":"https:\/\/gymupstore.cl\/index.php\/wp-json\/wp\/v2\/location?post=8943"},{"taxonomy":"product_cat","embeddable":true,"href":"https:\/\/gymupstore.cl\/index.php\/wp-json\/wp\/v2\/product_cat?post=8943"},{"taxonomy":"product_tag","embeddable":true,"href":"https:\/\/gymupstore.cl\/index.php\/wp-json\/wp\/v2\/product_tag?post=8943"}],"curies":[{"name":"wp","href":"https:\/\/api.w.org\/{rel}","templated":true}]}}