{"id":8928,"date":"2023-04-26T04:46:01","date_gmt":"2023-04-26T04:46:01","guid":{"rendered":"https:\/\/gymupstore.cl\/?post_type=product&#038;p=8928"},"modified":"2026-03-04T00:00:04","modified_gmt":"2026-03-04T03:00:04","slug":"gotham-knights-xbox-series-x","status":"publish","type":"product","link":"https:\/\/gymupstore.cl\/index.php\/producto\/gotham-knights-xbox-series-x\/","title":{"rendered":"Gotham Knights | Xbox Series"},"content":{"rendered":"<div class=\"video-shortcode\"><iframe title=\"#GothamKnights \u2694\ufe0f  - Tr\u00e1iler de Gameplay Oficial\" width=\"1325\" height=\"745\" src=\"https:\/\/www.youtube.com\/embed\/fBMhGMbiIrU?feature=oembed\" frameborder=\"0\" allow=\"accelerometer; autoplay; clipboard-write; encrypted-media; gyroscope; picture-in-picture; web-share\" allowfullscreen><\/iframe><\/div>\n<p>Gotham Knights es un nuevo videojuego RPG en tercera persona de acci\u00f3n y mundo abierto que incluye a la Familia Batman,mientras los jugadores asumen los roles de Batgirl, Nightwing, Red Hood y Robin una nueva guardia de Superh\u00e9roes entrenados de DC que deber\u00e1n ascender como protectores de Ciudad G\u00f3tica a ra\u00edz de la muerte de Batman.<\/p>\n<p>Un inframundo criminal en expansi\u00f3n ha sacudido las calles de Ciudad G\u00f3tica, y ahora es el turno de estos nuevos h\u00e9roes para proteger la ciudad, darle esperanza a los ciudadanos, disciplina a los polic\u00edas y miedo a sus criminales. Los jugadores deben salvar a Ciudad G\u00f3tica de su descenso al caos y reinventarse a s\u00ed mismos como sus propias versiones del Caballero de la Noche.<\/p>\n<p><strong>CARACTER\u00cdSTICAS:<\/strong><\/p>\n<ul>\n<li>Juega como una Nueva Guardia de Superh\u00e9roes de DC \u2013 Asume los roles de Batgirl, Nightwing, Red Hood y Robin y moldea al m\u00e1s reciente protector de Ciudad G\u00f3tica para crear tu propia versi\u00f3n del Caballero de la Noche.<\/li>\n<li>Una Historia Original Llena de Acci\u00f3n Situada en el Universo DC de Batman \u2013 Con el Belfry como su base de operaciones, esta nueva era de h\u00e9roes resolver\u00e1 misterios que conectan a los cap\u00edtulos m\u00e1s oscuros en la historia de Ciudad G\u00f3tica &#8211; desde sus rascacielos hasta su red criminal del inframundo. Emb\u00e1rcate en narrativas sustanciosas, incluyendo enfrentamientos contra algunos de los Supervillanos de DC m\u00e1s infames, como Mr. Freeze, quien est\u00e1 encaminado en sepultar a Ciudad G\u00f3tica bajo el hielo.<\/li>\n<li>Explora y Combate al Crimen en una Ciudad G\u00f3tica de Mundo Abierto \u2013 Patrulla las calles oscuras de cinco distritos diferentes en una Ciudad G\u00f3tica din\u00e1mica e interactiva usando una variedad de habilidades transversales y movimientos heroicos de combate, as\u00ed como la ic\u00f3nica Batimoto. Desde las peleas en las calles hasta duelos contra ic\u00f3nicos Supervillanos de DC, salva a la ciudad del descenso al caos.<\/li>\n<li>Habilidades \u00danicas y Personalizaci\u00f3n de Personajes \u2013 Cada h\u00e9roe tiene habilidades \u00fanicas, equipo, armas y un traje personalizable. Batgirl empu\u00f1a su tonfa de pelea; Nightwing usa sus famosos Palos de Escrima duales; Red Hood ha entrenado para alcanzar la fuerza m\u00e1xima y Robin tiene habilidades expertas con su barra plegable.<\/li>\n<li>Haz Equipo en Co-operativo en L\u00ednea de Dos Jugadores \u2013 Juega Gotham Knights de un solo jugador o haz equipo con un amigo y combina fortalezas para proteger a Ciudad G\u00f3tica en el co-operativo en l\u00ednea de dos jugadores.<\/li>\n<\/ul>\n","protected":false},"excerpt":{"rendered":"<p>Gotham Knights es un nuevo videojuego RPG en tercera persona [&hellip;]<\/p>\n","protected":false},"featured_media":8930,"comment_status":"open","ping_status":"closed","template":"","meta":[],"location":[495],"product_cat":[527,575,496],"product_tag":[],"locations":[{"id":495,"name":"PMC","slug":"gymupstore-pmc","quantity":"1"}],"_links":{"self":[{"href":"https:\/\/gymupstore.cl\/index.php\/wp-json\/wp\/v2\/product\/8928"}],"collection":[{"href":"https:\/\/gymupstore.cl\/index.php\/wp-json\/wp\/v2\/product"}],"about":[{"href":"https:\/\/gymupstore.cl\/index.php\/wp-json\/wp\/v2\/types\/product"}],"replies":[{"embeddable":true,"href":"https:\/\/gymupstore.cl\/index.php\/wp-json\/wp\/v2\/comments?post=8928"}],"wp:featuredmedia":[{"embeddable":true,"href":"https:\/\/gymupstore.cl\/index.php\/wp-json\/wp\/v2\/media\/8930"}],"wp:attachment":[{"href":"https:\/\/gymupstore.cl\/index.php\/wp-json\/wp\/v2\/media?parent=8928"}],"wp:term":[{"taxonomy":"location","embeddable":true,"href":"https:\/\/gymupstore.cl\/index.php\/wp-json\/wp\/v2\/location?post=8928"},{"taxonomy":"product_cat","embeddable":true,"href":"https:\/\/gymupstore.cl\/index.php\/wp-json\/wp\/v2\/product_cat?post=8928"},{"taxonomy":"product_tag","embeddable":true,"href":"https:\/\/gymupstore.cl\/index.php\/wp-json\/wp\/v2\/product_tag?post=8928"}],"curies":[{"name":"wp","href":"https:\/\/api.w.org\/{rel}","templated":true}]}}