{"id":8906,"date":"2023-04-26T03:57:50","date_gmt":"2023-04-26T03:57:50","guid":{"rendered":"https:\/\/gymupstore.cl\/?post_type=product&#038;p=8906"},"modified":"2023-04-26T16:09:07","modified_gmt":"2023-04-26T16:09:07","slug":"reminiscencia-2021-bluray-original","status":"publish","type":"product","link":"https:\/\/gymupstore.cl\/index.php\/producto\/reminiscencia-2021-bluray-original\/","title":{"rendered":"Reminiscencia (2021) | Bluray Original"},"content":{"rendered":"<div class=\"video-shortcode\"><iframe title=\"&quot;Reminiscencia&quot;. Trailer #1. Oficial Warner Bros. Pictures (HD\/SUB)\" width=\"1325\" height=\"745\" src=\"https:\/\/www.youtube.com\/embed\/4nrKc5I4f0k?feature=oembed\" frameborder=\"0\" allow=\"accelerometer; autoplay; clipboard-write; encrypted-media; gyroscope; picture-in-picture; web-share\" allowfullscreen><\/iframe><\/div>\n<p>Idiomas: Ingl\u00e9s, espa\u00f1ol<\/p>\n<p>Subt\u00edtulos: Ingl\u00e9s, espa\u00f1ol<\/p>\n","protected":false},"excerpt":{"rendered":"<ul>\n<li class=\"dvInfoGral\"><span class=\"txTituloInfoGral\">Actores:\u00a0<\/span><span class=\"txValueInfoGral\">Hugh Jackman, Rebecca Ferguson, Thandiwe Newton<\/span><\/li>\n<li class=\"dvInfoGral\">Director:\u00a0<span class=\"txValueInfoGral\">Lisa Joy<\/span><\/li>\n<li class=\"dvInfoGral\">Edad:\u00a0<span class=\"txValueInfoGral\">Recomendado mayores de 14 a\u00f1os<\/span><\/li>\n<\/ul>\n","protected":false},"featured_media":8907,"comment_status":"open","ping_status":"closed","template":"","meta":[],"location":[495],"product_cat":[538,569,521,496],"product_tag":[],"locations":[{"id":495,"name":"PMC","slug":"gymupstore-pmc","quantity":"1"}],"_links":{"self":[{"href":"https:\/\/gymupstore.cl\/index.php\/wp-json\/wp\/v2\/product\/8906"}],"collection":[{"href":"https:\/\/gymupstore.cl\/index.php\/wp-json\/wp\/v2\/product"}],"about":[{"href":"https:\/\/gymupstore.cl\/index.php\/wp-json\/wp\/v2\/types\/product"}],"replies":[{"embeddable":true,"href":"https:\/\/gymupstore.cl\/index.php\/wp-json\/wp\/v2\/comments?post=8906"}],"wp:featuredmedia":[{"embeddable":true,"href":"https:\/\/gymupstore.cl\/index.php\/wp-json\/wp\/v2\/media\/8907"}],"wp:attachment":[{"href":"https:\/\/gymupstore.cl\/index.php\/wp-json\/wp\/v2\/media?parent=8906"}],"wp:term":[{"taxonomy":"location","embeddable":true,"href":"https:\/\/gymupstore.cl\/index.php\/wp-json\/wp\/v2\/location?post=8906"},{"taxonomy":"product_cat","embeddable":true,"href":"https:\/\/gymupstore.cl\/index.php\/wp-json\/wp\/v2\/product_cat?post=8906"},{"taxonomy":"product_tag","embeddable":true,"href":"https:\/\/gymupstore.cl\/index.php\/wp-json\/wp\/v2\/product_tag?post=8906"}],"curies":[{"name":"wp","href":"https:\/\/api.w.org\/{rel}","templated":true}]}}