{"id":8902,"date":"2023-04-26T03:43:22","date_gmt":"2023-04-26T03:43:22","guid":{"rendered":"https:\/\/gymupstore.cl\/?post_type=product&#038;p=8902"},"modified":"2025-01-14T16:31:48","modified_gmt":"2025-01-14T19:31:48","slug":"the-technomancer-xbox-one","status":"publish","type":"product","link":"https:\/\/gymupstore.cl\/index.php\/producto\/the-technomancer-xbox-one\/","title":{"rendered":"The Technomancer | Xbox One"},"content":{"rendered":"<div class=\"video-shortcode\"><iframe title=\"The Technomancer - Official Launch Trailer\" width=\"1325\" height=\"745\" src=\"https:\/\/www.youtube.com\/embed\/tj__EjNk_R8?feature=oembed\" frameborder=\"0\" allow=\"accelerometer; autoplay; clipboard-write; encrypted-media; gyroscope; picture-in-picture; web-share\" allowfullscreen><\/iframe><\/div>\n<p><strong>The Technomancer es un RPG de ciencia ficci\u00f3n que ofrece a los jugadores un combate de acci\u00f3n din\u00e1mica basado en 4 \u00e1rboles de talento dedicados a 3 diferentes estancias de lucha y los destructivos poderes el\u00e9ctricos de los tecnomantes. Consigue experiencia en combate o completando misiones para desarrollar tu personaje y compa\u00f1eros dependiendo de tu estilo de juego.<\/strong><\/p>\n<p>Los tecnomantes son magos-guerreros que usan sus habilidades innatas para controlar un destructivo poder el\u00e9ctrico aumentado por implantes cibern\u00e9ticos. Respetados y temidos por todos, son formidables guerreros\u00a0\u00a0 entrenados para la lucha desde una edad temprana. Pero no todas las situaciones de The Technomancer pueden resolverse mediante fuerza bruta. Un sistema di\u00e1logo din\u00e1mico juega un papel protagonista en las misiones, permitiendo que alteres el curso del argumento con tus decisiones. Crea equipamiento, armas y armaduras para ti y para los compa\u00f1eros que reclutes durante tu aventura, con los que entablar\u00e1s amistades, romances o incluso intensas rivalidades.<\/p>\n<p><strong>Una aventura de ciencia-ficci\u00f3n<\/strong><\/p>\n<p>Tu aventura empieza mucho despu\u00e9s de la colonizaci\u00f3n de Marte, que ahora no es m\u00e1s que una superficie est\u00e9ril cubierta con las reliquias y artefactos del pasado. Jugar\u00e1s controlando a Zach, un joven que est\u00e1 a punto de someterse al ritual que lo convertir\u00e1 en un verdadero tecnomante. Jugar\u00e1s controlando a Zach, un joven que est\u00e1 a punto de someterse al ritual que lo convertir\u00e1 en un tecnomante. Los tecnomantes son magos-guerreros que usan sus habilidades innatas para controlar un destructivo poder el\u00e9ctrico aumentado por implantes cibern\u00e9ticos. Respetados y temidos por todos, son formidables guerreros entrenados para la lucha desde una edad temprana. Tu iniciaci\u00f3n te llevar\u00e1 a uno de los Antiguos Domos, un vestigio de las primeras colonias de Marte y un lugar sagrado guardado de cerca por los tecnomantes, iniciando as\u00eda una aventura que te llevar\u00e1 a las comunidades tribales de Marte, antiguos asentamientos enterrados bajo el hielo y suburbios dist\u00f3picos aparecidos alrededor de las pocas ciudades restantes.<\/p>\n<p><strong>Mucho m\u00e1s que combate y aventura<\/strong><\/p>\n<p>The Technomancer es mucho m\u00e1s que combate y aventura. Tambi\u00e9n ofrece un rico y efectivo sistema de creaci\u00f3n de objetos que te permite personalizar la apariencia, las estad\u00edsticas y los efectos de tu armamento. Marte lleva 120 a\u00f1os aislado de la Tierra y se ha convertido en un mundo donde varias comunidades se encuentran en constante conflicto.<\/p>\n<p>Esto se refleja en las armas y la amplia variedad de equipamiento que suele crearse juntando todo lo que se encuentra a mano, incluyendo objetos reciclados.Materiales reciclados, tiras de cuero, piezas de metal&#8230; Estos objetos aparentemente inservibles pueden ser para los marcianos m\u00e1s valiosos que cualquier tipo de moneda.<\/p>\n<p>Registra los lugares que visites, rebusca en los bolsillos de los enemigos que mates en el combate y combina los materiales para mejorar tu armadura o tus armas y crea objetos que podr\u00e1s usar en combate: botiquines, minas&#8230; Cuando personalices una pieza de armadura o un arma, no solo cambiar\u00e1 la apariencia de tu equipamiento, sino que tambi\u00e9n alterar\u00e1s sus atributos (da\u00f1o, protecci\u00f3n, golpes cr\u00edticos, etc.).<\/p>\n<p><strong>Sistema de combate \u00fanico<\/strong><\/p>\n<p>The Technomancer tiene un sistema de combate din\u00e1mico y t\u00e1ctico en tiempo real, as\u00ed que no te lances a la batalla sin una estrategia clara&#8230; \u00a1o enseguida morder\u00e1s el polvo! Antes de entrar en combate, debes tener en cuenta a qu\u00e9 fuerzas te enfrentas y preparar la estrategia de ataque que mayor eficacia tenga contra tus adversarios. Por ejemplo, no puedes plantarte ante una banda de saqueadores armados con armas de pu\u00f1o de la misma forma que atacar\u00edas a una horda de las criaturas mutantes m\u00e1s terror\u00edficas de Marte. The Technomancer tiene 3 estilos de combate: b\u00e1culo, arma blanca con arma de fuego y arma blanca con escudo. Cada una de las 3 estancias cuenta con su propio \u00e1rbol de talentos, con el que puedes mejorar sus habilidades o conseguir nuevas destinando la experiencia conseguida durante su aventura.<\/p>\n<p>Eres un tecnomante: un mago-guerrero que controla unos destructivos poderes el\u00e9ctricos aumentados gracias a implantes cibern\u00e9ticos. As\u00ed, puedes acceder a un \u00e1rbol de talento espec\u00edfico para esos poderes. Electrifica tus armas cuerpo a cuerpo para hacerlas m\u00e1s letales,devastadores rel\u00e1mpagos a tus contrincantes y planta trampas el\u00e9ctricas para sorprender a tus enemigos durante el combate. Bien usados, tus poderes tecnom\u00e1nticos te librar\u00e1n de cualquier amenaza.\u00a0Lanza un ataque cuerpo a cuerpo y usa tus poderes de rel\u00e1mpago o la pistola de clavos para mantener a tus enemigos a raya. Penetra sus defensas, c\u00f3gelos por sorpresa y bloquea sus ataques. Tus compa\u00f1eros luchar\u00e1n junto a ti y reaccionar\u00e1n a todos tus movimientos, \u00a1as\u00ed que selecciona a quien tenga m\u00e1s posibilidades de convertirse en tu perfecto compa\u00f1ero de batalla.<\/p>\n<p><strong>Un planeta rojo vivo y letal<\/strong><\/p>\n<p>Los humanos (saqueadores, bandidos y facciones enemigas) no son los \u00fanicos peligros de Marte. Aunque la superficie de Marte era est\u00e9ril y yerma, siglos de colonizaci\u00f3n humana provocaron la creaci\u00f3n y evoluci\u00f3n de especies h\u00edbridas, dise\u00f1adas a partir de material gen\u00e9tico extra\u00eddo de animales de la Tierra. Tal experimentaci\u00f3n gen\u00e9tica cumpl\u00eda el objetivo inicial de mejorar el fr\u00e1gil ecosistema del planeta rojo y cubrir las necesidades de los colonos.<\/p>\n<p>Sin embargo, la situaci\u00f3n escap\u00f3 de todo control tras el cataclismo que desconect\u00f3 Marte de la Tierra y acab\u00f3 con casi todos sus habitantes. Aunque la mayor parte de las criaturas marcianas fueron inicialmente animales dom\u00e9sticos, evolucionaron para sobrevivir a las duras condiciones de Marte: potentes venenos, camuflaje natural, fuerza bruta&#8230; En las d\u00e9cadas que siguieron a la cat\u00e1strofe, estas criaturas se asilvestraron, se hicieron agresivas y mucho m\u00e1s peligrosas.<\/p>\n<p>Ahora defienden ferozmente su territorio de cualquier intrusi\u00f3n humana. Necesitar\u00e1s dominar por completo los diferentes estilos de combate de The Technomancer, as\u00ed como tus destructivos poderes el\u00e9ctricos, para enfrentarte a estas nuevas y peligrosas especies creadas por los humanos y formadas en un mundo hostil.<\/p>\n","protected":false},"excerpt":{"rendered":"<p>The Technomancer es un RPG de ciencia ficci\u00f3n que ofrece [&hellip;]<\/p>\n","protected":false},"featured_media":8903,"comment_status":"open","ping_status":"closed","template":"","meta":[],"location":[495],"product_cat":[527,570,496],"product_tag":[],"locations":[{"id":495,"name":"PMC","slug":"gymupstore-pmc","quantity":"1"}],"_links":{"self":[{"href":"https:\/\/gymupstore.cl\/index.php\/wp-json\/wp\/v2\/product\/8902"}],"collection":[{"href":"https:\/\/gymupstore.cl\/index.php\/wp-json\/wp\/v2\/product"}],"about":[{"href":"https:\/\/gymupstore.cl\/index.php\/wp-json\/wp\/v2\/types\/product"}],"replies":[{"embeddable":true,"href":"https:\/\/gymupstore.cl\/index.php\/wp-json\/wp\/v2\/comments?post=8902"}],"wp:featuredmedia":[{"embeddable":true,"href":"https:\/\/gymupstore.cl\/index.php\/wp-json\/wp\/v2\/media\/8903"}],"wp:attachment":[{"href":"https:\/\/gymupstore.cl\/index.php\/wp-json\/wp\/v2\/media?parent=8902"}],"wp:term":[{"taxonomy":"location","embeddable":true,"href":"https:\/\/gymupstore.cl\/index.php\/wp-json\/wp\/v2\/location?post=8902"},{"taxonomy":"product_cat","embeddable":true,"href":"https:\/\/gymupstore.cl\/index.php\/wp-json\/wp\/v2\/product_cat?post=8902"},{"taxonomy":"product_tag","embeddable":true,"href":"https:\/\/gymupstore.cl\/index.php\/wp-json\/wp\/v2\/product_tag?post=8902"}],"curies":[{"name":"wp","href":"https:\/\/api.w.org\/{rel}","templated":true}]}}