{"id":8898,"date":"2023-04-26T03:38:35","date_gmt":"2023-04-26T03:38:35","guid":{"rendered":"https:\/\/gymupstore.cl\/?post_type=product&#038;p=8898"},"modified":"2023-07-07T03:12:00","modified_gmt":"2023-07-07T03:12:00","slug":"torment-tides-of-numenera-xbox-one","status":"publish","type":"product","link":"https:\/\/gymupstore.cl\/index.php\/producto\/torment-tides-of-numenera-xbox-one\/","title":{"rendered":"Torment: Tides of Numenera | Xbox One"},"content":{"rendered":"<div class=\"video-shortcode\"><iframe title=\"Torment: Tides of Numenera - Launch Trailer\" width=\"1325\" height=\"745\" src=\"https:\/\/www.youtube.com\/embed\/nhlUVi8V_xw?feature=oembed\" frameborder=\"0\" allow=\"accelerometer; autoplay; clipboard-write; encrypted-media; gyroscope; picture-in-picture; web-share\" allowfullscreen><\/iframe><\/div>\n<p>Explora la Tierra mil millones de a\u00f1os en el futuro en el entorno de ciencia-fantas\u00eda de Numenera. Descubre el Noveno Mundo, construido de huesos de civilizaciones extintas h\u00edper avanzadas, y deja tu propia huella en \u00e9l. Haz miles de elecciones esenciales, haz frente a las consecuencias y encuentra a la muerte encarnada en la b\u00fasqueda a tu \u00faltima pregunta: \u00bfQu\u00e9 importa una vida?<\/p>\n<p>Tides of NumeneraEnd Fathom &#8211; Torment: Tides of Numenera<br \/>\nAntes de que el Noveno Mundo se formara, muchas grandes civilizaciones se levantaron y cayeron, dejando restos de su avanzada tecnolog\u00eda. Un hombre descubre c\u00f3mo usar estos dispositivos, conocidos como numenera, para saltar entre cuerpos y as\u00ed enga\u00f1ar a la muerte. Sin embargo, su m\u00e9todo despierta a una fuerza antigua y mortal llamada la Agon\u00eda, que trata de matar al tramposo y a todos sus antiguos cuerpos, incluy\u00e9ndote a ti.<\/p>\n<p>Torment: Tides of Numenera es un sucesor de la tem\u00e1tica de Planescape: Torment, uno de los mejores juegos de rol de computadora jam\u00e1s creados. El nuevo juego explora temas profundos y personales de la vida, mortalidad y sacrificio, reta a los jugadores a tomar decisiones inteligentes y morales.<\/p>\n<p><strong>Caracter\u00edsticas:<\/strong><\/p>\n<ul>\n<li>Historia profunda y desafiante<\/li>\n<li>La Tierra mil millones de a\u00f1os en el futuro<\/li>\n<li>Elecciones significativas y consecuencias<\/li>\n<li>Conflictos artesanales<\/li>\n<\/ul>\n","protected":false},"excerpt":{"rendered":"<p>Explora la Tierra mil millones de a\u00f1os en el futuro [&hellip;]<\/p>\n","protected":false},"featured_media":8900,"comment_status":"open","ping_status":"closed","template":"","meta":[],"location":[495],"product_cat":[527,570,496],"product_tag":[],"locations":[{"id":495,"name":"PMC","slug":"gymupstore-pmc","quantity":"1"}],"_links":{"self":[{"href":"https:\/\/gymupstore.cl\/index.php\/wp-json\/wp\/v2\/product\/8898"}],"collection":[{"href":"https:\/\/gymupstore.cl\/index.php\/wp-json\/wp\/v2\/product"}],"about":[{"href":"https:\/\/gymupstore.cl\/index.php\/wp-json\/wp\/v2\/types\/product"}],"replies":[{"embeddable":true,"href":"https:\/\/gymupstore.cl\/index.php\/wp-json\/wp\/v2\/comments?post=8898"}],"wp:featuredmedia":[{"embeddable":true,"href":"https:\/\/gymupstore.cl\/index.php\/wp-json\/wp\/v2\/media\/8900"}],"wp:attachment":[{"href":"https:\/\/gymupstore.cl\/index.php\/wp-json\/wp\/v2\/media?parent=8898"}],"wp:term":[{"taxonomy":"location","embeddable":true,"href":"https:\/\/gymupstore.cl\/index.php\/wp-json\/wp\/v2\/location?post=8898"},{"taxonomy":"product_cat","embeddable":true,"href":"https:\/\/gymupstore.cl\/index.php\/wp-json\/wp\/v2\/product_cat?post=8898"},{"taxonomy":"product_tag","embeddable":true,"href":"https:\/\/gymupstore.cl\/index.php\/wp-json\/wp\/v2\/product_tag?post=8898"}],"curies":[{"name":"wp","href":"https:\/\/api.w.org\/{rel}","templated":true}]}}