{"id":8783,"date":"2023-04-17T01:42:55","date_gmt":"2023-04-17T01:42:55","guid":{"rendered":"https:\/\/gymupstore.cl\/?post_type=product&#038;p=8783"},"modified":"2025-06-05T22:37:50","modified_gmt":"2025-06-06T01:37:50","slug":"the-house-of-the-dead-usado-nsw","status":"publish","type":"product","link":"https:\/\/gymupstore.cl\/index.php\/producto\/the-house-of-the-dead-usado-nsw\/","title":{"rendered":"The House Of The Dead | (Usado) NSW"},"content":{"rendered":"<div class=\"video-shortcode\"><iframe title=\"THE HOUSE OF THE DEAD: Remake || Nintendo Switch Trailer 2022\" width=\"1325\" height=\"745\" src=\"https:\/\/www.youtube.com\/embed\/nBrjzCvbVkU?feature=oembed\" frameborder=\"0\" allow=\"accelerometer; autoplay; clipboard-write; encrypted-media; gyroscope; picture-in-picture; web-share\" allowfullscreen><\/iframe><\/div>\n<p>THE HOUSE OF THE DEAD: Remake es la nueva versi\u00f3n del juego lanzado en 1997 para m\u00e1quinas recreativas. El juego de disparos cl\u00e1sico \u00absobre ra\u00edles\u00bb recibe un mont\u00f3n de mejoras y cambios en la forma de jugar para adaptarlo a los est\u00e1ndares de juego modernos.<\/p>\n<p><strong>Caracter\u00edsticas:<\/strong><\/p>\n<p>\u2022 El archiconocido cl\u00e1sico de los salones arcade con gr\u00e1ficos y controles modernos, incluyendo apuntado con giroscopio<\/p>\n<p>\u2022 Fiel a su estilo de juego original<\/p>\n<p>\u2022 Multijugador local para 2 jugadores<\/p>\n<p>\u2022 Varios finales posibles<\/p>\n<p>\u2022 Modo foto<\/p>\n<p>\u2022 Logros<\/p>\n<p>\u2022 Armer\u00eda con armas desbloqueables<\/p>\n<p>\u2022 Hordas de monstruosidades no muertas en un nuevo modo de juego<\/p>\n<p>\u2022 Galer\u00eda con los enemigos y jefes encontrados<\/p>\n","protected":false},"excerpt":{"rendered":"<div><img src=\"https:\/\/www.todojuegos.cl\/images\/usado_230x80.png?&amp;s=2304388307891\" width=\"173\" height=\"38\" \/><\/div>\n<p><strong>IMPORTANTE<\/strong>, est\u00e1s adquiriendo un producto USADO.<\/p>\n<p>El juego est\u00e1 probado y funcionando. El disco o cartucho puede tener detalles menores derivados del uso normal.<\/p>\n<p>La foto de car\u00e1tula o label y el color de la caja (si as\u00ed corresponde) puede variar, la caja o cartridge puede presentar signos de uso mayor o menor.<\/p>\n<ul>\n<li>Formato Producto F\u00edsico (Juego en Disco o Cartridge seg\u00fan consola)<\/li>\n<li>Fabricante\/Publisher Maximum Games<\/li>\n<li>JUEGO EUROPEO<\/li>\n<li>COMPATIBLE CON TODAS LAS CONSOLAS NINTENDO SWITCH 4 EN CHILE<\/li>\n<\/ul>\n","protected":false},"featured_media":8784,"comment_status":"open","ping_status":"closed","template":"","meta":[],"location":[495],"product_cat":[523,517,496],"product_tag":[],"locations":[{"id":495,"name":"PMC","slug":"gymupstore-pmc","quantity":"1"}],"_links":{"self":[{"href":"https:\/\/gymupstore.cl\/index.php\/wp-json\/wp\/v2\/product\/8783"}],"collection":[{"href":"https:\/\/gymupstore.cl\/index.php\/wp-json\/wp\/v2\/product"}],"about":[{"href":"https:\/\/gymupstore.cl\/index.php\/wp-json\/wp\/v2\/types\/product"}],"replies":[{"embeddable":true,"href":"https:\/\/gymupstore.cl\/index.php\/wp-json\/wp\/v2\/comments?post=8783"}],"wp:featuredmedia":[{"embeddable":true,"href":"https:\/\/gymupstore.cl\/index.php\/wp-json\/wp\/v2\/media\/8784"}],"wp:attachment":[{"href":"https:\/\/gymupstore.cl\/index.php\/wp-json\/wp\/v2\/media?parent=8783"}],"wp:term":[{"taxonomy":"location","embeddable":true,"href":"https:\/\/gymupstore.cl\/index.php\/wp-json\/wp\/v2\/location?post=8783"},{"taxonomy":"product_cat","embeddable":true,"href":"https:\/\/gymupstore.cl\/index.php\/wp-json\/wp\/v2\/product_cat?post=8783"},{"taxonomy":"product_tag","embeddable":true,"href":"https:\/\/gymupstore.cl\/index.php\/wp-json\/wp\/v2\/product_tag?post=8783"}],"curies":[{"name":"wp","href":"https:\/\/api.w.org\/{rel}","templated":true}]}}