{"id":8755,"date":"2023-04-16T01:27:24","date_gmt":"2023-04-16T01:27:24","guid":{"rendered":"https:\/\/gymupstore.cl\/?post_type=product&#038;p=8755"},"modified":"2025-01-14T16:30:49","modified_gmt":"2025-01-14T19:30:49","slug":"killer-klowns-from-outer-space-bluray","status":"publish","type":"product","link":"https:\/\/gymupstore.cl\/index.php\/producto\/killer-klowns-from-outer-space-bluray\/","title":{"rendered":"Killer Klowns From Outer Space (1988) | Bluray Fansub"},"content":{"rendered":"<div class=\"video-shortcode\"><iframe title=\"Killer Klowns from Outer Space Official Trailer #1 - John Vernon Movie (1988) HD\" width=\"1325\" height=\"745\" src=\"https:\/\/www.youtube.com\/embed\/cVQ3AGzeB_0?feature=oembed\" frameborder=\"0\" allow=\"accelerometer; autoplay; clipboard-write; encrypted-media; gyroscope; picture-in-picture; web-share\" allowfullscreen><\/iframe><\/div>\n<p>Deb y Mike ven caer un meteorito en el bosque. Cuando se acercan a investigar descubren que se trata de una carpa de circo llena de payasos asesinos. Despu\u00e9s de huir de ellos por los pelos, acuden a la comisar\u00eda donde chocan con la incredulidad de Kirk, un viejo polic\u00eda antip\u00e1tico. Sin embargo, ante su insistencia, consiguen la ayuda de Dave, un amigo de la infancia de Deb, que les ayuda en este surrealista caso. Mientras, la poblaci\u00f3n sufre los hilarantes ataques de los payasos.<\/p>\n","protected":false},"excerpt":{"rendered":"<ul>\n<li>Edici\u00f3n: Blu-ray Fansub (Reproducci\u00f3n)<\/li>\n<li>Otros Nombres: Payasos Asesinos del Espacio Exterior<\/li>\n<li>Director: Stephen Chiodo<\/li>\n<li>Reparto: Grant Cramer, Suzanne Snyder, John Allen Nelson, John Vernon, Michael Siegel, Peter Licassi, Royal Dano, Christopher Titus, Irene Michaels, Karla Sue Krull<\/li>\n<li>M\u00fasica: John Massari<\/li>\n<li>A\u00f1o: 1988<\/li>\n<li>Pa\u00eds: EEUU<\/li>\n<li>Duraci\u00f3n: 88 Minutos<\/li>\n<li>Audio: INGLES DTS-HD Master Audio 5.1 \/ FRANCES Dolby Digital 2.0<\/li>\n<li>Subt\u00edtulos: Espa\u00f1ol, Ingles<\/li>\n<li>Video: 16:9<\/li>\n<li>Film: Color<\/li>\n<li>Discos: 1<\/li>\n<li>Genero: Terror, Serie B<\/li>\n<li>Link: https:\/\/www.allhorror.com\/movies\/killer-klowns-from-outer-space<\/li>\n<li>Extras: Protector de Pl\u00e1stico, Sleeve Cover, Postal, Caja azul<\/li>\n<li>BDR-25Gb<\/li>\n<\/ul>\n","protected":false},"featured_media":9089,"comment_status":"open","ping_status":"closed","template":"","meta":[],"location":[495],"product_cat":[538,539,568,521,540,496],"product_tag":[],"locations":[{"id":495,"name":"PMC","slug":"gymupstore-pmc","quantity":"1"}],"_links":{"self":[{"href":"https:\/\/gymupstore.cl\/index.php\/wp-json\/wp\/v2\/product\/8755"}],"collection":[{"href":"https:\/\/gymupstore.cl\/index.php\/wp-json\/wp\/v2\/product"}],"about":[{"href":"https:\/\/gymupstore.cl\/index.php\/wp-json\/wp\/v2\/types\/product"}],"replies":[{"embeddable":true,"href":"https:\/\/gymupstore.cl\/index.php\/wp-json\/wp\/v2\/comments?post=8755"}],"wp:featuredmedia":[{"embeddable":true,"href":"https:\/\/gymupstore.cl\/index.php\/wp-json\/wp\/v2\/media\/9089"}],"wp:attachment":[{"href":"https:\/\/gymupstore.cl\/index.php\/wp-json\/wp\/v2\/media?parent=8755"}],"wp:term":[{"taxonomy":"location","embeddable":true,"href":"https:\/\/gymupstore.cl\/index.php\/wp-json\/wp\/v2\/location?post=8755"},{"taxonomy":"product_cat","embeddable":true,"href":"https:\/\/gymupstore.cl\/index.php\/wp-json\/wp\/v2\/product_cat?post=8755"},{"taxonomy":"product_tag","embeddable":true,"href":"https:\/\/gymupstore.cl\/index.php\/wp-json\/wp\/v2\/product_tag?post=8755"}],"curies":[{"name":"wp","href":"https:\/\/api.w.org\/{rel}","templated":true}]}}