{"id":8709,"date":"2023-04-12T21:25:51","date_gmt":"2023-04-13T00:25:51","guid":{"rendered":"https:\/\/gymupstore.cl\/?post_type=product&#038;p=8709"},"modified":"2026-04-03T12:45:20","modified_gmt":"2026-04-03T15:45:20","slug":"pokemon-lets-go-pikachu-usado-nsw","status":"publish","type":"product","link":"https:\/\/gymupstore.cl\/index.php\/producto\/pokemon-lets-go-pikachu-usado-nsw\/","title":{"rendered":"Pok\u00e9mon Let&#8217;s Go Pikachu | (Usado) NSW"},"content":{"rendered":"<div class=\"video-shortcode\"><iframe title=\"Pok\u00e9mon: Let\u2019s Go, Pikachu! and Pok\u00e9mon: Let\u2019s Go, Eevee! - Overview Trailer - Nintendo Switch\" width=\"1325\" height=\"745\" src=\"https:\/\/www.youtube.com\/embed\/7Wtfkl-g-VE?feature=oembed\" frameborder=\"0\" allow=\"accelerometer; autoplay; clipboard-write; encrypted-media; gyroscope; picture-in-picture; web-share\" allowfullscreen><\/iframe><\/div>\n<p><strong>\u00a1Un nuevo y emocionante RPG de Pok\u00e9mon para Nintendo Switch!<\/strong><\/p>\n<p>Pok\u00e9mon: Let\u2019s Go, Pikachu! lleva la experiencia de un RPG cl\u00e1sico a Nintendo Switch con chul\u00edsimos gr\u00e1ficos en alta definici\u00f3n. La din\u00e1mica de juego es lo suficientemente sencilla como para que los jugadores m\u00e1s n\u00f3veles disfruten de su primera incursi\u00f3n en Pok\u00e9mon. Al mismo tiempo, los Entrenadores m\u00e1s veteranos encontrar\u00e1n no pocos retos para poner a prueba su destreza.<\/p>\n<p>El juego tambi\u00e9n cuenta con un modo para dos jugadores simult\u00e1neos para que puedas disfrutar del viaje con un amigo. Y, adem\u00e1s, incluye una funci\u00f3n de comunicaci\u00f3n con Pok\u00e9mon GO, con lo que los jugadores del c\u00e9lebre juego para m\u00f3viles podr\u00e1n disfrutar a\u00fan m\u00e1s.<\/p>\n<p><strong>\u00a1Atrapa Pok\u00e9mon como nunca hasta ahora!<\/strong><br \/>\nLa Pok\u00e9 Ball Plus (a la venta por separado) es un dispositivo con forma de Pok\u00e9 Ball que puedes usar para jugar a Pok\u00e9mon: Let\u2019s Go, Pikachu! y Pok\u00e9mon: Let\u2019s Go, Eevee! en lugar del Joy-Con, \u00a1y con el que podr\u00e1s lanzar Pok\u00e9 Balls en el juego con un golpe de mu\u00f1eca! Adem\u00e1s de contar con controles de movimiento, este mando se ilumina con distintos colores, vibra y emite sonidos.<\/p>\n<p>La Pok\u00e9 Ball Plus te permite sacar de estos juegos a tu Pok\u00e9mon favorito para llev\u00e1rtelo de paseo por el mundo real. Adem\u00e1s, funciona como un Pok\u00e9mon GO Plus al jugar a Pok\u00e9mon GO.<\/p>\n","protected":false},"excerpt":{"rendered":"<div><img src=\"https:\/\/www.todojuegos.cl\/images\/usado_230x80.png?&amp;s=2304388307891\" width=\"173\" height=\"38\" \/><\/div>\n<p><strong>IMPORTANTE<\/strong>, est\u00e1s adquiriendo un producto USADO.<\/p>\n<p>El juego est\u00e1 probado y funcionando. El disco o cartucho puede tener detalles menores derivados del uso normal.<\/p>\n<p>La foto de car\u00e1tula o label y el color de la caja (si as\u00ed corresponde) puede variar, la caja o cartridge puede presentar signos de uso mayor o menor.<\/p>\n","protected":false},"featured_media":8710,"comment_status":"open","ping_status":"closed","template":"","meta":[],"location":[495],"product_cat":[523,517,740,496],"product_tag":[],"locations":[{"id":495,"name":"PMC","slug":"gymupstore-pmc","quantity":"1"}],"_links":{"self":[{"href":"https:\/\/gymupstore.cl\/index.php\/wp-json\/wp\/v2\/product\/8709"}],"collection":[{"href":"https:\/\/gymupstore.cl\/index.php\/wp-json\/wp\/v2\/product"}],"about":[{"href":"https:\/\/gymupstore.cl\/index.php\/wp-json\/wp\/v2\/types\/product"}],"replies":[{"embeddable":true,"href":"https:\/\/gymupstore.cl\/index.php\/wp-json\/wp\/v2\/comments?post=8709"}],"wp:featuredmedia":[{"embeddable":true,"href":"https:\/\/gymupstore.cl\/index.php\/wp-json\/wp\/v2\/media\/8710"}],"wp:attachment":[{"href":"https:\/\/gymupstore.cl\/index.php\/wp-json\/wp\/v2\/media?parent=8709"}],"wp:term":[{"taxonomy":"location","embeddable":true,"href":"https:\/\/gymupstore.cl\/index.php\/wp-json\/wp\/v2\/location?post=8709"},{"taxonomy":"product_cat","embeddable":true,"href":"https:\/\/gymupstore.cl\/index.php\/wp-json\/wp\/v2\/product_cat?post=8709"},{"taxonomy":"product_tag","embeddable":true,"href":"https:\/\/gymupstore.cl\/index.php\/wp-json\/wp\/v2\/product_tag?post=8709"}],"curies":[{"name":"wp","href":"https:\/\/api.w.org\/{rel}","templated":true}]}}