{"id":8631,"date":"2023-04-08T03:16:31","date_gmt":"2023-04-08T03:16:31","guid":{"rendered":"https:\/\/gymupstore.cl\/?post_type=product&#038;p=8631"},"modified":"2023-05-29T18:43:01","modified_gmt":"2023-05-29T18:43:01","slug":"death-note-02-ivrea-argentina","status":"publish","type":"product","link":"https:\/\/gymupstore.cl\/index.php\/producto\/death-note-02-ivrea-argentina\/","title":{"rendered":"Death Note 02 | Ivrea Argentina"},"content":{"rendered":"<p>Ivrea se complace en publicar la obra m\u00e1s popular y aclamada de la dupla Tsugumi Ohba + Takeshi Obata, de quienes ya disfrutamos completa la serie BAKUMAN. Ni m\u00e1s ni menos que DEATH NOTE.<\/p>\n<p>La historia se centra en Light Yagami, uno de los mejores estudiantes de todo Jap\u00f3n que lleva una vida demasiado aburrida para sus est\u00e1ndares, y que juzga al mundo por estar podrido. Todo cambia radicalmente cuando se topa con un cuaderno (el que da nombre a la serie) que confiere poderes sobrenaturales a su portador: si se escribe el nombre de una persona y se visualiza mentalmente su rostro, esta morir\u00e1 en la forma deseada (o de un ataque al coraz\u00f3n si no se especifica). Cuando Light confirma que es cierto, decide utilizarlo para matar a todo aquel que est\u00e1 corrompiendo al mundo, para liberarlo de toda maldad. Pronto descubrirt\u00e1 el origen del cuaderno, qui\u00e9n era su anterior portador, y la trama de consecuencias que sus acciones desencadenar\u00e1n. Por ejemplo, la aparici\u00f3n de L, un detective decidido a atraparlo y descubrir su verdadera identidad.<\/p>\n<p>Death Note se public\u00f3 originalmente en la revista Shonen Jump de Shueisha, entre 2003 y 2006, totalizando 12 tomos.<\/p>\n","protected":false},"excerpt":{"rendered":"<p>Nombre original: DEATH NOTE<\/p>\n<p>Autores: TSUGUMI OHBA (guion) \/ TAKESHI OBATA (dibujo)<\/p>\n<p>Cantidad de tomos: 12<\/p>\n<p>PUBLICACI\u00d3N COMPLETA &#8211; Cada n\u00famero argentino ha sido editado en tomos id\u00e9nticos a los japoneses.<\/p>\n","protected":false},"featured_media":8633,"comment_status":"open","ping_status":"closed","template":"","meta":[],"location":[495],"product_cat":[607,520,599,496],"product_tag":[],"locations":[{"id":495,"name":"PMC","slug":"gymupstore-pmc","quantity":"0"}],"_links":{"self":[{"href":"https:\/\/gymupstore.cl\/index.php\/wp-json\/wp\/v2\/product\/8631"}],"collection":[{"href":"https:\/\/gymupstore.cl\/index.php\/wp-json\/wp\/v2\/product"}],"about":[{"href":"https:\/\/gymupstore.cl\/index.php\/wp-json\/wp\/v2\/types\/product"}],"replies":[{"embeddable":true,"href":"https:\/\/gymupstore.cl\/index.php\/wp-json\/wp\/v2\/comments?post=8631"}],"wp:featuredmedia":[{"embeddable":true,"href":"https:\/\/gymupstore.cl\/index.php\/wp-json\/wp\/v2\/media\/8633"}],"wp:attachment":[{"href":"https:\/\/gymupstore.cl\/index.php\/wp-json\/wp\/v2\/media?parent=8631"}],"wp:term":[{"taxonomy":"location","embeddable":true,"href":"https:\/\/gymupstore.cl\/index.php\/wp-json\/wp\/v2\/location?post=8631"},{"taxonomy":"product_cat","embeddable":true,"href":"https:\/\/gymupstore.cl\/index.php\/wp-json\/wp\/v2\/product_cat?post=8631"},{"taxonomy":"product_tag","embeddable":true,"href":"https:\/\/gymupstore.cl\/index.php\/wp-json\/wp\/v2\/product_tag?post=8631"}],"curies":[{"name":"wp","href":"https:\/\/api.w.org\/{rel}","templated":true}]}}