{"id":8616,"date":"2023-04-08T02:42:08","date_gmt":"2023-04-08T02:42:08","guid":{"rendered":"https:\/\/gymupstore.cl\/?post_type=product&#038;p=8616"},"modified":"2023-05-29T18:28:15","modified_gmt":"2023-05-29T18:28:15","slug":"blue-lock-01","status":"publish","type":"product","link":"https:\/\/gymupstore.cl\/index.php\/producto\/blue-lock-01\/","title":{"rendered":"Blue Lock 01 | Ivrea Argentina"},"content":{"rendered":"<p>La eliminaci\u00f3n del seleccionado japon\u00e9s del Mundial de 2018 impulsa a la Asociaci\u00f3n de F\u00fatbol de Jap\u00f3n a iniciar un programa para captar jugadores de los equipos de escuelas secundarias y prepararlos para la pr\u00f3xima Copa del Mundo en 2022. Pero no de la forma m\u00e1s habitual\u2026<\/p>\n<p>El objetivo es destruir la mentalidad perdedora de los futbolistas japoneses. Para eso, introduce un nuevo y radical r\u00e9gimen de entrenamiento: aislar a 300 j\u00f3venes delanteros en una escuela\/prisi\u00f3n llamada \u201cBlue Lock\u201d para que entrenen rigurosamente y, as\u00ed, producir al delantero m\u00e1s ego\u00edsta del mundo.<\/p>\n","protected":false},"excerpt":{"rendered":"<p>Nombre original japon\u00e9s: BLUE LOCK<\/p>\n<p>Autor: MUNEYUKI KANESHIRO \/ YUSUKE NOMURA<\/p>\n<p>Cantidad de tomos: 24 Y SIGUE PUBLIC\u00c1NDOSE EN JAP\u00d3N<\/p>\n<p>PUBLICACI\u00d3N EN CURSO &#8211; Cada n\u00famero argentino ha sido editado en tomos id\u00e9nticos a los japoneses<\/p>\n","protected":false},"featured_media":8618,"comment_status":"open","ping_status":"closed","template":"","meta":[],"location":[495],"product_cat":[603,520,599,496],"product_tag":[],"locations":[{"id":495,"name":"PMC","slug":"gymupstore-pmc","quantity":"4"}],"_links":{"self":[{"href":"https:\/\/gymupstore.cl\/index.php\/wp-json\/wp\/v2\/product\/8616"}],"collection":[{"href":"https:\/\/gymupstore.cl\/index.php\/wp-json\/wp\/v2\/product"}],"about":[{"href":"https:\/\/gymupstore.cl\/index.php\/wp-json\/wp\/v2\/types\/product"}],"replies":[{"embeddable":true,"href":"https:\/\/gymupstore.cl\/index.php\/wp-json\/wp\/v2\/comments?post=8616"}],"wp:featuredmedia":[{"embeddable":true,"href":"https:\/\/gymupstore.cl\/index.php\/wp-json\/wp\/v2\/media\/8618"}],"wp:attachment":[{"href":"https:\/\/gymupstore.cl\/index.php\/wp-json\/wp\/v2\/media?parent=8616"}],"wp:term":[{"taxonomy":"location","embeddable":true,"href":"https:\/\/gymupstore.cl\/index.php\/wp-json\/wp\/v2\/location?post=8616"},{"taxonomy":"product_cat","embeddable":true,"href":"https:\/\/gymupstore.cl\/index.php\/wp-json\/wp\/v2\/product_cat?post=8616"},{"taxonomy":"product_tag","embeddable":true,"href":"https:\/\/gymupstore.cl\/index.php\/wp-json\/wp\/v2\/product_tag?post=8616"}],"curies":[{"name":"wp","href":"https:\/\/api.w.org\/{rel}","templated":true}]}}