{"id":8568,"date":"2023-04-07T04:41:08","date_gmt":"2023-04-07T04:41:08","guid":{"rendered":"https:\/\/gymupstore.cl\/?post_type=product&#038;p=8568"},"modified":"2023-04-07T04:43:03","modified_gmt":"2023-04-07T04:43:03","slug":"control-sony-dualshock-4-magma-red-ps4","status":"publish","type":"product","link":"https:\/\/gymupstore.cl\/index.php\/producto\/control-sony-dualshock-4-magma-red-ps4\/","title":{"rendered":"Control Sony DualShock 4 Magma Red PS4"},"content":{"rendered":"<p><strong>Una revoluci\u00f3n en tus manos<\/strong><\/p>\n<p>Toma el control de una nueva generaci\u00f3n de videojuegos con un mando inal\u00e1mbrico DUALSHOCK 4 redise\u00f1ado que pone en tus manos la mayor precisi\u00f3n en el juego.<\/p>\n<p>Con un panel t\u00e1ctil renovado que revela desde arriba la barra luminosa y un elegante acabado mate, es la forma m\u00e1s ergon\u00f3mica e intuitiva de jugar que haya habido nunca, y est\u00e1 disponible en varios colores para adaptarlo a tu estilo.<\/p>\n<p><strong>UNA NUEVA FORMA DE JUGAR Nuestro mejor dise\u00f1o hasta el momento<\/strong><\/p>\n<p>Echa un vistazo a las principales caracter\u00edsticas del mando inal\u00e1mbrico DUALSHOCK 4.<\/p>\n<p><strong>Bot\u00f3n SHARE<\/strong><br \/>\nCaptura y presume de tus mejores momentos con tan solo tocar un bot\u00f3n. Carga v\u00eddeos y capturas de pantalla de tus partidas directamente desde el sistema PS4 o transm\u00edtelas en directo, sin interrumpir tu progreso en el juego.<\/p>\n<p><strong>Panel t\u00e1ctil<\/strong><br \/>\nControl a\u00fan m\u00e1s preciso con el panel t\u00e1ctil que ahora deja ver nuestra exclusiva barra luminosa, a\u00f1adiendo una dimensi\u00f3n adicional a tus juegos.<\/p>\n<p><strong>Joysticks anal\u00f3gicos y gatillos mejorados<\/strong><br \/>\nConsigue la ventaja con una sensaci\u00f3n de control mucho m\u00e1s precisa en tus juegos.<\/p>\n<p><strong>Barra luminosa<\/strong><br \/>\nImpl\u00edcate a\u00fan m\u00e1s en tus juegos con la barra luminosa integrada que brilla con distintos colores dependiendo de la acci\u00f3n, visible ahora a trav\u00e9s del panel t\u00e1ctil.<\/p>\n<p><strong>Altavoz integrado<\/strong><br \/>\nTus juegos cobrar\u00e1n vida y podr\u00e1s escuchar cada detalle con efectos de sonido procedentes directamente del mando inal\u00e1mbrico DUALSHOCK 4.<\/p>\n<p><strong>Conector para auriculares est\u00e9reo<\/strong><br \/>\nEscucha tus juegos en privado mientras aprecias cada explosi\u00f3n, disparo<\/p>\n<p><strong>Sensores de movimiento<\/strong><br \/>\nMu\u00e9vete libremente mientras el aceler\u00f3metro y el giroscopio integrados de gran sensibilidad detectan el movimiento, la inclinaci\u00f3n y la rotaci\u00f3n del mando inal\u00e1mbrico DUALSHOCK 4.<\/p>\n<p><strong>Carga la bater\u00eda por USB<\/strong><br \/>\nCarga la bater\u00eda interna del mando en cualquier puerto USB, para que puedas jugar y cargar sin complicaciones<\/p>\n","protected":false},"excerpt":{"rendered":"<p>Una revoluci\u00f3n en tus manos Toma el control de una [&hellip;]<\/p>\n","protected":false},"featured_media":8571,"comment_status":"open","ping_status":"closed","template":"","meta":[],"location":[495],"product_cat":[526,518,496],"product_tag":[],"locations":[{"id":495,"name":"PMC","slug":"gymupstore-pmc","quantity":"1"}],"_links":{"self":[{"href":"https:\/\/gymupstore.cl\/index.php\/wp-json\/wp\/v2\/product\/8568"}],"collection":[{"href":"https:\/\/gymupstore.cl\/index.php\/wp-json\/wp\/v2\/product"}],"about":[{"href":"https:\/\/gymupstore.cl\/index.php\/wp-json\/wp\/v2\/types\/product"}],"replies":[{"embeddable":true,"href":"https:\/\/gymupstore.cl\/index.php\/wp-json\/wp\/v2\/comments?post=8568"}],"wp:featuredmedia":[{"embeddable":true,"href":"https:\/\/gymupstore.cl\/index.php\/wp-json\/wp\/v2\/media\/8571"}],"wp:attachment":[{"href":"https:\/\/gymupstore.cl\/index.php\/wp-json\/wp\/v2\/media?parent=8568"}],"wp:term":[{"taxonomy":"location","embeddable":true,"href":"https:\/\/gymupstore.cl\/index.php\/wp-json\/wp\/v2\/location?post=8568"},{"taxonomy":"product_cat","embeddable":true,"href":"https:\/\/gymupstore.cl\/index.php\/wp-json\/wp\/v2\/product_cat?post=8568"},{"taxonomy":"product_tag","embeddable":true,"href":"https:\/\/gymupstore.cl\/index.php\/wp-json\/wp\/v2\/product_tag?post=8568"}],"curies":[{"name":"wp","href":"https:\/\/api.w.org\/{rel}","templated":true}]}}