{"id":8544,"date":"2023-04-06T21:01:14","date_gmt":"2023-04-06T21:01:14","guid":{"rendered":"https:\/\/gymupstore.cl\/?post_type=product&#038;p=8544"},"modified":"2023-06-07T03:04:29","modified_gmt":"2023-06-07T03:04:29","slug":"zelda-breath-of-the-wild-nsw","status":"publish","type":"product","link":"https:\/\/gymupstore.cl\/index.php\/producto\/zelda-breath-of-the-wild-nsw\/","title":{"rendered":"The Legend of Zelda: Breath Of The Wild | NSW"},"content":{"rendered":"<div class=\"video-shortcode\"><iframe title=\"The Legend of Zelda: Breath of the Wild - Nintendo Switch Presentation 2017 Trailer\" width=\"1325\" height=\"745\" src=\"https:\/\/www.youtube.com\/embed\/zw47_q9wbBE?feature=oembed\" frameborder=\"0\" allow=\"accelerometer; autoplay; clipboard-write; encrypted-media; gyroscope; picture-in-picture; web-share\" allowfullscreen><\/iframe><\/div>\n<p><strong>Entra a un mundo de aventura<\/strong><\/p>\n<p>Olvida todo lo que cre\u00edas saber acerca de los juegos de The Legend of Zelda. Entra a un mundo repleto de descubrimiento, exploraci\u00f3n y aventura en The Legend of Zelda: Breath of the Wild, un innovador juego en la aclamada serie que rompe fronteras.<\/p>\n<p>Viaja a trav\u00e9s de campos, bosques y monta\u00f1as a medida de que descubres que ha sucedido con el devastado reino de Hyrule en una impresionante aventura al aire libre.<\/p>\n<p><strong>Caracter\u00edsticas:<\/strong><\/p>\n<ul>\n<li>Explora el lado salvaje de Hyrule de la forma que desees: Trepa torres y monta\u00f1as en busca de nuevos destinos, para luego abrir tu propio camino a medida de que viajas a trav\u00e9s de territorio inexplorado. En tu camino luchar\u00e1s contra enemigos enormes, cazar\u00e1s bestias salvajes y reunir\u00e1s ingredientes para crear las pociones y comida que te sustentar\u00e1n durante tu viaje.<\/li>\n<li>M\u00e1s de 100 Templos de Pruebas para descubrir y explorar: Los templos dominan el paisaje, esperando que los descubras y explores en el ordern que tu desees. B\u00fascalos en diversas maneras, para luego resolver los puzzles en su interior. \u00c1brete camino a trav\u00e9s de trampas y acertijos para obtener objetos especiales y otras recompensas que te ayudar\u00e1n en tu aventura.<\/li>\n<li>Prep\u00e1rate y Equ\u00edpate: con un mundo entero para explorar, besecitar\u00e1s una variedad de vestimentas y equipo para llegar a cada extremo. Abrigarte con ropas m\u00e1s abrigadoras en climas fr\u00edos o usar ropa ligera para soportar el calor del desierto es necesario para poder sobrevivir; incluso podr\u00e1s obtener beneficios extras dependiendo de la ropa que uses, desde mayor camuflaje o agilidad superior.<\/li>\n<li>Combatir enemigos requiere estrategia: El mundo est\u00e1 poblado por enemigos de todos tama\u00f1os y formas, Cada uno tiene sus propios m\u00e9todos de ataque y armamento, por lo que deber\u00e1s pensar r\u00e1pido y desarrollar las estrategias m\u00e1s apropiadas para vencerlos.<\/li>\n<li>Compatibilidad con Amiibo: Usa el amiibo Wolf Link (disponible por separado) para hacer que Link Lobo aparezca en el juego y te ayude en combate o buscando items; incluso podr\u00e1s usar la nueva l\u00ednea de Amiibos inspirados en The Legend of Zelda: Breath of the Wild para descubrir nuevos secretos del juego.<\/li>\n<\/ul>\n","protected":false},"excerpt":{"rendered":"<ul>\n<li>Formato Producto F\u00edsico (Juego en Disco o Cartridge seg\u00fan consola)<\/li>\n<li>Compatible Switch Lite Si<\/li>\n<li>Fabricante\/Publisher Nintendo<\/li>\n<li>Idioma Subtitulos Espa\u00f1ol<\/li>\n<li>Jugadores Consola 1<\/li>\n<\/ul>\n","protected":false},"featured_media":8545,"comment_status":"open","ping_status":"closed","template":"","meta":[],"location":[495],"product_cat":[523,517,611,496],"product_tag":[],"locations":[{"id":495,"name":"PMC","slug":"gymupstore-pmc","quantity":"1"}],"_links":{"self":[{"href":"https:\/\/gymupstore.cl\/index.php\/wp-json\/wp\/v2\/product\/8544"}],"collection":[{"href":"https:\/\/gymupstore.cl\/index.php\/wp-json\/wp\/v2\/product"}],"about":[{"href":"https:\/\/gymupstore.cl\/index.php\/wp-json\/wp\/v2\/types\/product"}],"replies":[{"embeddable":true,"href":"https:\/\/gymupstore.cl\/index.php\/wp-json\/wp\/v2\/comments?post=8544"}],"wp:featuredmedia":[{"embeddable":true,"href":"https:\/\/gymupstore.cl\/index.php\/wp-json\/wp\/v2\/media\/8545"}],"wp:attachment":[{"href":"https:\/\/gymupstore.cl\/index.php\/wp-json\/wp\/v2\/media?parent=8544"}],"wp:term":[{"taxonomy":"location","embeddable":true,"href":"https:\/\/gymupstore.cl\/index.php\/wp-json\/wp\/v2\/location?post=8544"},{"taxonomy":"product_cat","embeddable":true,"href":"https:\/\/gymupstore.cl\/index.php\/wp-json\/wp\/v2\/product_cat?post=8544"},{"taxonomy":"product_tag","embeddable":true,"href":"https:\/\/gymupstore.cl\/index.php\/wp-json\/wp\/v2\/product_tag?post=8544"}],"curies":[{"name":"wp","href":"https:\/\/api.w.org\/{rel}","templated":true}]}}