{"id":8531,"date":"2023-04-04T21:58:31","date_gmt":"2023-04-04T21:58:31","guid":{"rendered":"https:\/\/gymupstore.cl\/?post_type=product&#038;p=8531"},"modified":"2026-04-03T12:49:56","modified_gmt":"2026-04-03T15:49:56","slug":"rainbow-six-extraction-ps5","status":"publish","type":"product","link":"https:\/\/gymupstore.cl\/index.php\/producto\/rainbow-six-extraction-ps5\/","title":{"rendered":"Rainbow Six Extraction | PS5"},"content":{"rendered":"<div class=\"video-shortcode\"><iframe title=\"Rainbow Six Extraction - Lore Gameplay Trailer | PS5, PS4\" width=\"1325\" height=\"745\" src=\"https:\/\/www.youtube.com\/embed\/14A-QRx-XmI?feature=oembed\" frameborder=\"0\" allow=\"accelerometer; autoplay; clipboard-write; encrypted-media; gyroscope; picture-in-picture; web-share\" allowfullscreen><\/iframe><\/div>\n<p>Re\u00fane a tu equipo de \u00e9lite de operadores de Rainbow Six para iniciar incursiones hacia impredecibles zonas de contenci\u00f3n y enfrentar una cambiante amenaza alien\u00edgena. \u00dananse y arri\u00e9sguenlo todo conforme acaban con este enemigo desconocido.<\/p>\n<p>LIDERA A OPERADORES DE \u00c9LITE DE RAINBOW SIX EN PVE<br \/>\nElige de entre los 18 operadores de Rainbow Six que est\u00e1n mejor adaptados para sobrevivir las incursiones. Re\u00fane a un equipo de hasta tres operadores o avent\u00farate en solitario. Cada operador tiene un set espec\u00edfico de armas, habilidades especiales y su propia ruta de progreso para dominar.<\/p>\n<p>ARRI\u00c9SGALO TODO EN IMPREDECIBLES ZONAS DE CONTENCI\u00d3N<br \/>\nExplora 12 mapas dise\u00f1ados de forma \u00fanica con desaf\u00edos din\u00e1micos que pondr\u00e1n a prueba a tu equipo todo el tiempo. El conocimiento, la cooperaci\u00f3n y el enfoque t\u00e1ctico son tus mejores armas para sobrevivir. Si un Operador no logra llegar a un punto de extracci\u00f3n, t\u00fa y tu equipo deber\u00e1n tomar una decisi\u00f3n: \u00bfcontinuar o regresar para organizar un peligroso rescate? Elige sabiamente.<\/p>\n<p>LUCHA CONTRA LOS ARCHEANS<br \/>\nPrep\u00e1rate para luchar contra una letal e impredecible amenaza zombie en constante evoluci\u00f3n. Deber\u00e1s contar con tus compa\u00f1eros de equipo para enfrentar a cada uno de los 10 arquetipos de par\u00e1sitos. Sus habilidades combinadas con un ecosistema de expansi\u00f3n alien\u00edgena se pondr\u00e1 en tu camino.<\/p>\n<p>RAINBOW HA EVOLUCIONADO<br \/>\nLos operadores de \u00e9lite de Rainbow Six unieron fuerzas para crear REACT (equipo de an\u00e1lisis y contenci\u00f3n de ex\u00f3genos de Rainbow), una organizaci\u00f3n altamente especializada y equipada para enfrentar a la mortal amenaza parasitaria.<\/p>\n","protected":false},"excerpt":{"rendered":"<ul>\n<li>REQUIERE INTERNET Y PSN PLUS<\/li>\n<li>Formato Producto F\u00edsico (Juego en Disco o Cartridge seg\u00fan consola)<\/li>\n<li>Fabricante\/Publisher Ubisoft<\/li>\n<\/ul>\n","protected":false},"featured_media":8532,"comment_status":"open","ping_status":"closed","template":"","meta":[],"location":[495],"product_cat":[526,519,496],"product_tag":[],"locations":[{"id":495,"name":"PMC","slug":"gymupstore-pmc","quantity":"2"}],"_links":{"self":[{"href":"https:\/\/gymupstore.cl\/index.php\/wp-json\/wp\/v2\/product\/8531"}],"collection":[{"href":"https:\/\/gymupstore.cl\/index.php\/wp-json\/wp\/v2\/product"}],"about":[{"href":"https:\/\/gymupstore.cl\/index.php\/wp-json\/wp\/v2\/types\/product"}],"replies":[{"embeddable":true,"href":"https:\/\/gymupstore.cl\/index.php\/wp-json\/wp\/v2\/comments?post=8531"}],"wp:featuredmedia":[{"embeddable":true,"href":"https:\/\/gymupstore.cl\/index.php\/wp-json\/wp\/v2\/media\/8532"}],"wp:attachment":[{"href":"https:\/\/gymupstore.cl\/index.php\/wp-json\/wp\/v2\/media?parent=8531"}],"wp:term":[{"taxonomy":"location","embeddable":true,"href":"https:\/\/gymupstore.cl\/index.php\/wp-json\/wp\/v2\/location?post=8531"},{"taxonomy":"product_cat","embeddable":true,"href":"https:\/\/gymupstore.cl\/index.php\/wp-json\/wp\/v2\/product_cat?post=8531"},{"taxonomy":"product_tag","embeddable":true,"href":"https:\/\/gymupstore.cl\/index.php\/wp-json\/wp\/v2\/product_tag?post=8531"}],"curies":[{"name":"wp","href":"https:\/\/api.w.org\/{rel}","templated":true}]}}