{"id":8512,"date":"2023-04-04T21:33:53","date_gmt":"2023-04-04T21:33:53","guid":{"rendered":"https:\/\/gymupstore.cl\/?post_type=product&#038;p=8512"},"modified":"2023-04-04T22:04:36","modified_gmt":"2023-04-04T22:04:36","slug":"judgment-ps5","status":"publish","type":"product","link":"https:\/\/gymupstore.cl\/index.php\/producto\/judgment-ps5\/","title":{"rendered":"Judgment | PS5"},"content":{"rendered":"<div class=\"video-shortcode\"><iframe title=\"Judgment (PlayStation 5, Xbox Series X|S, &amp; Stadia) | Launch Trailer\" width=\"1325\" height=\"745\" src=\"https:\/\/www.youtube.com\/embed\/7-5tcTkEC8k?feature=oembed\" frameborder=\"0\" allow=\"accelerometer; autoplay; clipboard-write; encrypted-media; gyroscope; picture-in-picture; web-share\" allowfullscreen><\/iframe><\/div>\n<p>De mano de los creadores de la aclamada saga Yakuza, llega Judgement, que narra la cruda historia de Takayuki Yagami, un abogado ca\u00eddo en desgracia que busca la redenci\u00f3n. Su pasado le persigue, pero \u00e9l sigue luchando como detective privado y se abre paso por la red criminal de Kamurocho para investigar una serie de macabros asesinatos. En este thriller psicol\u00f3gico, el equilibrio entre la justicia y la clemencia se tambalea.<\/p>\n<p>Rastrea a los sospechosos, descubre pistas y lleva pruebas al juzgado. Pero tendr\u00e1s que tener cuidado con los oscuros personajes que acechan tras cada esquina. \u00bfPodr\u00e1s distinguir si alguien es amigo o enemigo? S\u00e1cales el mayor partido a dos estilos de lucha \u00fanicos para derrotar a tus adversarios en encuentros electrizantes. El misterio que lo envuelve te mantendr\u00e1 alerta durante todo el juego gracias a sus secuencias de combate y giros cinem\u00e1ticos dignos de Hollywood.<\/p>\n<p>Esta versi\u00f3n mejorada de Judgment incluye todo el contenido descargable lanzado hasta el momento y mejoras gr\u00e1ficas.<\/p>\n","protected":false},"excerpt":{"rendered":"<p>De mano de los creadores de la aclamada saga Yakuza, [&hellip;]<\/p>\n","protected":false},"featured_media":8513,"comment_status":"open","ping_status":"closed","template":"","meta":[],"location":[495],"product_cat":[15],"product_tag":[],"locations":[{"id":495,"name":"PMC","slug":"gymupstore-pmc","quantity":"1"}],"_links":{"self":[{"href":"https:\/\/gymupstore.cl\/index.php\/wp-json\/wp\/v2\/product\/8512"}],"collection":[{"href":"https:\/\/gymupstore.cl\/index.php\/wp-json\/wp\/v2\/product"}],"about":[{"href":"https:\/\/gymupstore.cl\/index.php\/wp-json\/wp\/v2\/types\/product"}],"replies":[{"embeddable":true,"href":"https:\/\/gymupstore.cl\/index.php\/wp-json\/wp\/v2\/comments?post=8512"}],"wp:featuredmedia":[{"embeddable":true,"href":"https:\/\/gymupstore.cl\/index.php\/wp-json\/wp\/v2\/media\/8513"}],"wp:attachment":[{"href":"https:\/\/gymupstore.cl\/index.php\/wp-json\/wp\/v2\/media?parent=8512"}],"wp:term":[{"taxonomy":"location","embeddable":true,"href":"https:\/\/gymupstore.cl\/index.php\/wp-json\/wp\/v2\/location?post=8512"},{"taxonomy":"product_cat","embeddable":true,"href":"https:\/\/gymupstore.cl\/index.php\/wp-json\/wp\/v2\/product_cat?post=8512"},{"taxonomy":"product_tag","embeddable":true,"href":"https:\/\/gymupstore.cl\/index.php\/wp-json\/wp\/v2\/product_tag?post=8512"}],"curies":[{"name":"wp","href":"https:\/\/api.w.org\/{rel}","templated":true}]}}