{"id":8509,"date":"2023-04-04T21:04:37","date_gmt":"2023-04-04T21:04:37","guid":{"rendered":"https:\/\/gymupstore.cl\/?post_type=product&#038;p=8509"},"modified":"2023-07-04T04:53:16","modified_gmt":"2023-07-04T04:53:16","slug":"demons-souls-ps5","status":"publish","type":"product","link":"https:\/\/gymupstore.cl\/index.php\/producto\/demons-souls-ps5\/","title":{"rendered":"Demon\u2019s Souls | PS5"},"content":{"rendered":"<div class=\"video-shortcode\"><iframe title=\"Demon&#039;s Souls - Announcement Trailer | PS5\" width=\"1325\" height=\"745\" src=\"https:\/\/www.youtube.com\/embed\/2TMs2E6cms4?feature=oembed\" frameborder=\"0\" allow=\"accelerometer; autoplay; clipboard-write; encrypted-media; gyroscope; picture-in-picture; web-share\" allowfullscreen><\/iframe><\/div>\n<p><strong>Completamente redise\u00f1ada, esta nueva versi\u00f3n te invita a experimentar una inquietante historia y el combate despiadado de Demon\u2019s Souls\u2122.<\/strong><\/p>\n<p>De PlayStation Studios y Bluepoint Games llega un remake del cl\u00e1sico de PlayStation Demon&#8217;s Souls. Completamente reconstruido desde cero y mejorado con maestr\u00eda, este remake presenta los horrores de una tierra de fantas\u00eda oscura saturada de niebla a toda una nueva generaci\u00f3n de jugadores. Aquellos que enfrentaron sus pruebas y tribulaciones antes, pueden una vez m\u00e1s desafiar a la oscuridad en calidad visual impresionante con desempe\u00f1o incre\u00edble.<\/p>\n<p>En su b\u00fasqueda de poder, el 12.\u00ba rey de Boletaria, el rey Allant canaliz\u00f3 las antiguas artes del arma, despertando a un demonio desde los albores del tiempo mismo, el Antiguo. Con la invocaci\u00f3n del Antiguo, una niebla sin color barri\u00f3 por la tierra, desatando criaturas pesadillescas con hambre de almas humanas. Aquellos a los que les arrancaron las almas perdieron el juicio, y solo les qued\u00f3 el deseo de atacar a los cuerdos restantes.<\/p>\n<p>Ahora, Boletaria queda marginada del mundo exterior y a los caballeros que se atreven a adentrarse en la densa niebla para liberar a la tierra de su aprieto, no los ven nunca m\u00e1s. Como guerrero solitario que desafi\u00f3 a la perniciosa niebla, debes enfrentar el desaf\u00edo m\u00e1s duro para ganarte el t\u00edtulo &#8220;Matademonios&#8221; y enviar al Antiguo de vuelta a su letargo.<\/p>\n<p><strong>Caracter\u00edsticas principales<\/strong><\/p>\n<p>Descubre d\u00f3nde comenz\u00f3 el viaje<br \/>\nVive el brutal desaf\u00edo original, completamente rehecho desde cero. Todo presentado en una calidad visual incre\u00edble con desempe\u00f1o mejorado, este es el mundo de Boletaria como nunca lo viste antes.<\/p>\n<p>Convi\u00e9rtete en el matademonios<br \/>\nAvent\u00farate en el reino del norte de Boletaria: una tierra otrora pr\u00f3spera de caballeros, ahora asolada con criaturas innombrables y demonios voraces. Conoce personajes extra\u00f1os, trastornados y retorcidos por el mundo que los rodea, y descubre la perturbadora historia de las almas de Demon&#8217;s Souls.<\/p>\n<p>Domina las artes de la hechicer\u00eda y la guerra<br \/>\nPerfecciona y refina tus habilidades de combate, aprende cu\u00e1ndo presionar y cuando esperar el momento, ya que con cada golpe errado y cada error descuidado, te arriesgas a perder las mismas almas que tanto te esforzaste en recolectar. Las recompensas por matar a los enemigos m\u00e1s fuertes son inmensas, no obstante, y la muerte no quiere decir el final, es solo otro estado del ser.<\/p>\n<p>Enfrenta a los m\u00e1s grandes guerreros del mundo<br \/>\nEnfrenta a los m\u00e1s grandes guerreros del mundo en feroz combate de JcJ, con invasiones online1 que se agregan al peligro de tu misi\u00f3n. O juega cooperativo e invoca aliados que te ayudar\u00e1n en tu lucha contra los demonios.<\/p>\n","protected":false},"excerpt":{"rendered":"<p>Completamente redise\u00f1ada, esta nueva versi\u00f3n te invita a experimentar una [&hellip;]<\/p>\n","protected":false},"featured_media":8510,"comment_status":"open","ping_status":"closed","template":"","meta":[],"location":[495],"product_cat":[526,519,496],"product_tag":[],"locations":[{"id":495,"name":"PMC","slug":"gymupstore-pmc","quantity":"1"}],"_links":{"self":[{"href":"https:\/\/gymupstore.cl\/index.php\/wp-json\/wp\/v2\/product\/8509"}],"collection":[{"href":"https:\/\/gymupstore.cl\/index.php\/wp-json\/wp\/v2\/product"}],"about":[{"href":"https:\/\/gymupstore.cl\/index.php\/wp-json\/wp\/v2\/types\/product"}],"replies":[{"embeddable":true,"href":"https:\/\/gymupstore.cl\/index.php\/wp-json\/wp\/v2\/comments?post=8509"}],"wp:featuredmedia":[{"embeddable":true,"href":"https:\/\/gymupstore.cl\/index.php\/wp-json\/wp\/v2\/media\/8510"}],"wp:attachment":[{"href":"https:\/\/gymupstore.cl\/index.php\/wp-json\/wp\/v2\/media?parent=8509"}],"wp:term":[{"taxonomy":"location","embeddable":true,"href":"https:\/\/gymupstore.cl\/index.php\/wp-json\/wp\/v2\/location?post=8509"},{"taxonomy":"product_cat","embeddable":true,"href":"https:\/\/gymupstore.cl\/index.php\/wp-json\/wp\/v2\/product_cat?post=8509"},{"taxonomy":"product_tag","embeddable":true,"href":"https:\/\/gymupstore.cl\/index.php\/wp-json\/wp\/v2\/product_tag?post=8509"}],"curies":[{"name":"wp","href":"https:\/\/api.w.org\/{rel}","templated":true}]}}