{"id":8506,"date":"2023-04-04T20:59:25","date_gmt":"2023-04-04T20:59:25","guid":{"rendered":"https:\/\/gymupstore.cl\/?post_type=product&#038;p=8506"},"modified":"2026-04-03T12:49:56","modified_gmt":"2026-04-03T15:49:56","slug":"horizon-forbidden-west-ps5","status":"publish","type":"product","link":"https:\/\/gymupstore.cl\/index.php\/producto\/horizon-forbidden-west-ps5\/","title":{"rendered":"Horizon: Forbidden West | PS5"},"content":{"rendered":"<div class=\"video-shortcode\"><iframe title=\"Horizon Forbidden West - Story Trailer | PS5, PS4\" width=\"1325\" height=\"745\" src=\"https:\/\/www.youtube.com\/embed\/UxDWGW7Z67I?list=PLol_ykYs3OQ7Fj83JoqA9KyI8ke6r5DH-\" frameborder=\"0\" allow=\"accelerometer; autoplay; clipboard-write; encrypted-media; gyroscope; picture-in-picture; web-share\" allowfullscreen><\/iframe><\/div>\n<p><strong>\u00danete a Aloy mientras desaf\u00eda el Oeste Prohibido, una frontera majestuosa, aunque peligrosa, en la que se ocultan nuevas y misteriosas amenazas.<\/strong><\/p>\n<p>Explora tierras remotas, enfr\u00e9ntate a m\u00e1quinas m\u00e1s grandes e imponentes y descubre incre\u00edbles tribus en tu regreso a un futuro lejano en el mundo apocal\u00edptico de Horizon.<\/p>\n<p>La tierra se muere. Las rugientes tormentas y una desolaci\u00f3n imparable causan estragos entre lo que queda de la humanidad, unas cuantas tribus dispersas, mientras nuevas y temibles m\u00e1quinas merodean por sus fronteras. La vida en la Tierra se enfrenta a una nueva extinci\u00f3n y nadie sabe por qu\u00e9.<\/p>\n<p>Solo Aloy es capaz de descubrir los secretos que hay detr\u00e1s de estas amenazas, y restablecer el orden y el equilibrio en el mundo. Por el camino, se reunir\u00e1 con viejos amigos, forjar\u00e1 alianzas con nuevas facciones en guerra y descubrir\u00e1 la herencia de un antiguo pasado, mientras que intenta permanecer un paso por delante de un nuevo y aparentemente invencible enemigo.<\/p>\n<p><strong>Caracter\u00edsticas principales<\/strong><\/p>\n<p>Explora un enorme mundo abierto<br \/>\nDescubre tierras lejanas, enemigos nuevos, culturas ricas y personajes llenos de vida.<\/p>\n<p>Una majestuosa frontera<br \/>\nRecorre bosques frondosos, ciudades hundidas y monta\u00f1as imponentes en el futuro lejano de un continente estadounidense desolado.<\/p>\n<p>Enfr\u00e9ntate a nuevos peligros<br \/>\nLucha en batallas estrat\u00e9gicas contra m\u00e1quinas enormes y los enemigos humanos que las controlan; usa armas, equipo y trampas improvisadas con las piezas que encuentres.<\/p>\n<p>Revela misterios sorprendentes<br \/>\nDescubre el secreto del inminente colapso de la Tierra y saca a la luz un cap\u00edtulo oculto del pasado lejano&#8230; que cambiar\u00e1 a Aloy para siempre.<\/p>\n","protected":false},"excerpt":{"rendered":"<p>\u00danete a Aloy mientras desaf\u00eda el Oeste Prohibido, una frontera [&hellip;]<\/p>\n","protected":false},"featured_media":8508,"comment_status":"open","ping_status":"closed","template":"","meta":[],"location":[495],"product_cat":[526,519,496],"product_tag":[],"locations":[{"id":495,"name":"PMC","slug":"gymupstore-pmc","quantity":"2"}],"_links":{"self":[{"href":"https:\/\/gymupstore.cl\/index.php\/wp-json\/wp\/v2\/product\/8506"}],"collection":[{"href":"https:\/\/gymupstore.cl\/index.php\/wp-json\/wp\/v2\/product"}],"about":[{"href":"https:\/\/gymupstore.cl\/index.php\/wp-json\/wp\/v2\/types\/product"}],"replies":[{"embeddable":true,"href":"https:\/\/gymupstore.cl\/index.php\/wp-json\/wp\/v2\/comments?post=8506"}],"wp:featuredmedia":[{"embeddable":true,"href":"https:\/\/gymupstore.cl\/index.php\/wp-json\/wp\/v2\/media\/8508"}],"wp:attachment":[{"href":"https:\/\/gymupstore.cl\/index.php\/wp-json\/wp\/v2\/media?parent=8506"}],"wp:term":[{"taxonomy":"location","embeddable":true,"href":"https:\/\/gymupstore.cl\/index.php\/wp-json\/wp\/v2\/location?post=8506"},{"taxonomy":"product_cat","embeddable":true,"href":"https:\/\/gymupstore.cl\/index.php\/wp-json\/wp\/v2\/product_cat?post=8506"},{"taxonomy":"product_tag","embeddable":true,"href":"https:\/\/gymupstore.cl\/index.php\/wp-json\/wp\/v2\/product_tag?post=8506"}],"curies":[{"name":"wp","href":"https:\/\/api.w.org\/{rel}","templated":true}]}}