{"id":8504,"date":"2023-04-04T20:55:43","date_gmt":"2023-04-04T20:55:43","guid":{"rendered":"https:\/\/gymupstore.cl\/?post_type=product&#038;p=8504"},"modified":"2026-04-03T12:49:56","modified_gmt":"2026-04-03T15:49:56","slug":"uncharted-legacy-of-thieves-collection-ps5","status":"publish","type":"product","link":"https:\/\/gymupstore.cl\/index.php\/producto\/uncharted-legacy-of-thieves-collection-ps5\/","title":{"rendered":"Uncharted: Legacy Of Thieves Collection | PS5"},"content":{"rendered":"<div class=\"video-shortcode\"><iframe title=\"Uncharted: Legacy of Thieves Collection \u2013 Launch Trailer | PS5\" width=\"1325\" height=\"745\" src=\"https:\/\/www.youtube.com\/embed\/F3Wl-OiZCO4?feature=oembed\" frameborder=\"0\" allow=\"accelerometer; autoplay; clipboard-write; encrypted-media; gyroscope; picture-in-picture; web-share\" allowfullscreen><\/iframe><\/div>\n<h4>\u00bfEst\u00e1s listo para ir en busca de tu fortuna?<\/h4>\n<p>Busca tu legado y deja tu marca en el mapa en UNCHARTED: Colecci\u00f3n Legado de ladrones. Disfruta de los escenarios de acci\u00f3n cinematogr\u00e1fica y de la emocionante experiencia de juego de alto impacto de la ic\u00f3nica franquicia de Naughty Dog.<\/p>\n<p>Descubre la historia perdida con los carism\u00e1ticos, aunque complejos, ladrones, Nathan Drake y Chloe Frazer, mientras viajan por el mundo con un sentido de curiosidad en busca de aventuras extraordinarias y la historia perdida.<\/p>\n<p>UNCHARTED: Colecci\u00f3n Legado de ladrones incluye las aventuras de un solo jugador por todo el mundo aclamadas por la cr\u00edtica de UNCHARTED\u2122 4: El final de un ladr\u00f3n y UNCHARTED\u2122: El legado perdido, remasterizadas en un incre\u00edble detalle para la consola PS5\u2122 con gr\u00e1ficos y una velocidad de cuadros mejorados.<\/p>\n<p><strong>\u00bfQu\u00e9 incluye?<\/strong><\/p>\n<p><em>UNCHARTED: Colecci\u00f3n Legado de ladrones incluye UNCHARTED 4: El final de un ladr\u00f3n y UNCHARTED: El legado perdido, en versi\u00f3n remasterizada para PS5\u2122. Juega como Nathan Drake y Chloe Frazer en sus propias aventuras individuales en las que se ven obligados a enfrentar sus pasados y forjar sus propios legados.<\/em><\/p>\n","protected":false},"excerpt":{"rendered":"<ul>\n<li>Formato Producto F\u00edsico (Juego en Disco o Cartridge seg\u00fan consola)<\/li>\n<li>Fabricante\/Publisher Sony Computer Entertainment<\/li>\n<\/ul>\n","protected":false},"featured_media":8505,"comment_status":"open","ping_status":"closed","template":"","meta":[],"location":[495],"product_cat":[526,519,496],"product_tag":[],"locations":[{"id":495,"name":"PMC","slug":"gymupstore-pmc","quantity":"2"}],"_links":{"self":[{"href":"https:\/\/gymupstore.cl\/index.php\/wp-json\/wp\/v2\/product\/8504"}],"collection":[{"href":"https:\/\/gymupstore.cl\/index.php\/wp-json\/wp\/v2\/product"}],"about":[{"href":"https:\/\/gymupstore.cl\/index.php\/wp-json\/wp\/v2\/types\/product"}],"replies":[{"embeddable":true,"href":"https:\/\/gymupstore.cl\/index.php\/wp-json\/wp\/v2\/comments?post=8504"}],"wp:featuredmedia":[{"embeddable":true,"href":"https:\/\/gymupstore.cl\/index.php\/wp-json\/wp\/v2\/media\/8505"}],"wp:attachment":[{"href":"https:\/\/gymupstore.cl\/index.php\/wp-json\/wp\/v2\/media?parent=8504"}],"wp:term":[{"taxonomy":"location","embeddable":true,"href":"https:\/\/gymupstore.cl\/index.php\/wp-json\/wp\/v2\/location?post=8504"},{"taxonomy":"product_cat","embeddable":true,"href":"https:\/\/gymupstore.cl\/index.php\/wp-json\/wp\/v2\/product_cat?post=8504"},{"taxonomy":"product_tag","embeddable":true,"href":"https:\/\/gymupstore.cl\/index.php\/wp-json\/wp\/v2\/product_tag?post=8504"}],"curies":[{"name":"wp","href":"https:\/\/api.w.org\/{rel}","templated":true}]}}