{"id":8502,"date":"2023-04-04T20:49:00","date_gmt":"2023-04-04T20:49:00","guid":{"rendered":"https:\/\/gymupstore.cl\/?post_type=product&#038;p=8502"},"modified":"2025-01-14T16:32:35","modified_gmt":"2025-01-14T19:32:35","slug":"tormented-souls-ps5","status":"publish","type":"product","link":"https:\/\/gymupstore.cl\/index.php\/producto\/tormented-souls-ps5\/","title":{"rendered":"Tormented Souls | PS5"},"content":{"rendered":"<div class=\"video-shortcode\"><iframe title=\"Tormented Souls - Launch Trailer\" width=\"1325\" height=\"745\" src=\"https:\/\/www.youtube.com\/embed\/QnUyg5gNkrg?feature=oembed\" frameborder=\"0\" allow=\"accelerometer; autoplay; clipboard-write; encrypted-media; gyroscope; picture-in-picture; web-share\" allowfullscreen><\/iframe><\/div>\n<p>Tormented Souls te lleva de vuelta a los juegos cl\u00e1sicos de supervivencia y terror, y est\u00e1 inspirado en las series originales de Resident Evil y Alone in the Dark. Tormented Souls se moderniza para la nueva generaci\u00f3n, dando un soplo de aire fresco a las aventuras de perspectiva fija, en una historia en la que Caroline Walker investiga la misteriosa desaparici\u00f3n de dos mellizas en una mansi\u00f3n convertida en hospital.<\/p>\n<p><strong>El mal acecha en Winterlake<\/strong><br \/>\nAlgo terrible le ocurre a Caroline Walker mientras investiga la desaparici\u00f3n de dos mellizas en Winterlake. Caroline, que despierta en mitad de la noche, desnuda, en una ba\u00f1era y conectada a equipamiento m\u00e9dico en estado decr\u00e9pito, deber\u00e1 luchar por su vida mientras explora los pasillos de una mansi\u00f3n abandonada.<\/p>\n<p><strong>Vuelta a los juegos cl\u00e1sicos de supervivencia y terror<\/strong><br \/>\nTormented Souls se inspira de forma deliberada en los juegos cl\u00e1sicos de supervivencia y terror. Desde Resident Evil y Silent Hill, hasta Alone in the Dark. Tormented Souls es una versi\u00f3n moderna de las aventuras de perspectiva fija, que ofrece unos controles modernizados y una c\u00e1mara m\u00e1s din\u00e1mica, mientras conserva todo lo esencial de estos juegos tan queridos por sus aficionados.<\/p>\n<p><strong>No te descuides<\/strong><br \/>\nVas a necesitar mucho m\u00e1s que una buena punter\u00eda y unos buenos reflejos para salir de esta con vida. Busca en tu entorno para encontrar cualquier cosa que te pueda ayudar. Combina objetos con inteligencia para resolver puzzles y usar todos los recursos disponibles para explorar los secretos de la mansi\u00f3n y sus terrenos.<\/p>\n<p><strong>Rompecabezas endemoniados<\/strong><br \/>\nSaquea recursos y herramientas esenciales, descifra pistas de diarios anta\u00f1o olvidados y comb\u00ednalo todo para resolver rompecabezas endemoniados para revelar los secretos de la mansi\u00f3n convertida en hospital.<\/p>\n<p><strong>Combates letales<\/strong><br \/>\nLas fuerzas oscuras y sus horrores innombrables har\u00e1n todo lo posible para evitar que Caroline descubra la verdad. Usa todo aquello que encuentres para luchar contra estos males que acechan en la oscuridad.<\/p>\n<p><strong>Portales a otra dimensi\u00f3n<\/strong><br \/>\nNada es lo que parece en Winterlake. Y cuando descubras un espejo resplandeciente en un rinc\u00f3n oscuro de la mansi\u00f3n, ver\u00e1s puesto a prueba tu entendimiento de la realidad a niveles desconocidos&#8230;<\/p>\n<p><strong>No est\u00e1s sola en la oscuridad<\/strong><br \/>\nLa mansi\u00f3n puede parecer abandonada, pero, a medida que Caroline investigue sus secretos, las fuerzas oscuras y sus horrores innombrables har\u00e1n todo lo posible para evitar que descubra la verdad. Aseg\u00farate de mantenerte alerta en todo momento, y de usar todo lo que encuentres para luchar contra los terrores invasores de Winterlake.<\/p>\n<p>\u00bfPodr\u00e1 Caroline Walker escapar conociendo la verdad? \u00bfPodr\u00e1 escapar con vida?<\/p>\n","protected":false},"excerpt":{"rendered":"<p>Tormented Souls te lleva de vuelta a los juegos cl\u00e1sicos [&hellip;]<\/p>\n","protected":false},"featured_media":8503,"comment_status":"open","ping_status":"closed","template":"","meta":[],"location":[495],"product_cat":[526,519,496],"product_tag":[],"locations":[{"id":495,"name":"PMC","slug":"gymupstore-pmc","quantity":"2"}],"_links":{"self":[{"href":"https:\/\/gymupstore.cl\/index.php\/wp-json\/wp\/v2\/product\/8502"}],"collection":[{"href":"https:\/\/gymupstore.cl\/index.php\/wp-json\/wp\/v2\/product"}],"about":[{"href":"https:\/\/gymupstore.cl\/index.php\/wp-json\/wp\/v2\/types\/product"}],"replies":[{"embeddable":true,"href":"https:\/\/gymupstore.cl\/index.php\/wp-json\/wp\/v2\/comments?post=8502"}],"wp:featuredmedia":[{"embeddable":true,"href":"https:\/\/gymupstore.cl\/index.php\/wp-json\/wp\/v2\/media\/8503"}],"wp:attachment":[{"href":"https:\/\/gymupstore.cl\/index.php\/wp-json\/wp\/v2\/media?parent=8502"}],"wp:term":[{"taxonomy":"location","embeddable":true,"href":"https:\/\/gymupstore.cl\/index.php\/wp-json\/wp\/v2\/location?post=8502"},{"taxonomy":"product_cat","embeddable":true,"href":"https:\/\/gymupstore.cl\/index.php\/wp-json\/wp\/v2\/product_cat?post=8502"},{"taxonomy":"product_tag","embeddable":true,"href":"https:\/\/gymupstore.cl\/index.php\/wp-json\/wp\/v2\/product_tag?post=8502"}],"curies":[{"name":"wp","href":"https:\/\/api.w.org\/{rel}","templated":true}]}}