{"id":8498,"date":"2023-04-04T20:36:53","date_gmt":"2023-04-04T20:36:53","guid":{"rendered":"https:\/\/gymupstore.cl\/?post_type=product&#038;p=8498"},"modified":"2023-07-04T04:59:25","modified_gmt":"2023-07-04T04:59:25","slug":"ghostrunner-ps5","status":"publish","type":"product","link":"https:\/\/gymupstore.cl\/index.php\/producto\/ghostrunner-ps5\/","title":{"rendered":"Ghostrunner | PS5"},"content":{"rendered":"<div class=\"video-shortcode\"><iframe title=\"Ghostrunner - Launch Trailer | PS4\" width=\"1325\" height=\"745\" src=\"https:\/\/www.youtube.com\/embed\/Vt8yOLn8vmo?feature=oembed\" frameborder=\"0\" allow=\"accelerometer; autoplay; clipboard-write; encrypted-media; gyroscope; picture-in-picture; web-share\" allowfullscreen><\/iframe><\/div>\n<p>Ghostrunner es un juego intenso de acci\u00f3n vertiginosa con perspectiva en primera persona y ambientado en una megaestructura ciberpunk. Sube por la torre Dharma, el \u00faltimo refugio de la humanidad tras un cataclismo devastador. Tendr\u00e1s que llegar a la cima y enfrentarte a la ama de las llaves, una tirana, para vengarte de una vez por todas.<\/p>\n<p>La violencia reina en las calles de la torre. Mara, la ama de las llaves, gobierna con mano de hierro y con desd\u00e9n por las vidas humanas.<\/p>\n<p>Los recursos se diezman, los m\u00e1s fuertes dan caza a los d\u00e9biles y el caos amenaza con devorar el orden por completo. La batalla final se acerca. Ser\u00e1 la \u00faltima oportunidad de arreglar las cosas antes de que la humanidad se extinga para siempre.<\/p>\n<p>Te crearon con un dominio de la espada extraordinario, eres letal aunque te superen en n\u00famero. Rebana a tus enemigos con una katana monomolecular, esquiva balas gracias a unos reflejos sobrehumanos y usa t\u00e9cnicas especiales para sobrevivir.<\/p>\n<p>Los combates son r\u00e1pidos e intensos gracias a unas mec\u00e1nicas que te permiten matar de un golpe. Aprov\u00e9chate de tu movilidad (y de los puntos de control) para v\u00e9rtelas cara a cara con la muerte sin cesar.<\/p>\n<p>Ghostrunner ofrece una experiencia \u00fanica para un solo jugador con combates trepidantes y violentos, adem\u00e1s de una ambientaci\u00f3n que combina la ciencia ficci\u00f3n con t<\/p>\n","protected":false},"excerpt":{"rendered":"<ul>\n<li>JUEGO EUROPEO<\/li>\n<li>COMPATIBLE CON TODAS LAS CONSOLAS PS5 EN CHILE<\/li>\n<\/ul>\n","protected":false},"featured_media":8501,"comment_status":"open","ping_status":"closed","template":"","meta":[],"location":[495],"product_cat":[526,519,496],"product_tag":[],"locations":[{"id":495,"name":"PMC","slug":"gymupstore-pmc","quantity":"1"}],"_links":{"self":[{"href":"https:\/\/gymupstore.cl\/index.php\/wp-json\/wp\/v2\/product\/8498"}],"collection":[{"href":"https:\/\/gymupstore.cl\/index.php\/wp-json\/wp\/v2\/product"}],"about":[{"href":"https:\/\/gymupstore.cl\/index.php\/wp-json\/wp\/v2\/types\/product"}],"replies":[{"embeddable":true,"href":"https:\/\/gymupstore.cl\/index.php\/wp-json\/wp\/v2\/comments?post=8498"}],"wp:featuredmedia":[{"embeddable":true,"href":"https:\/\/gymupstore.cl\/index.php\/wp-json\/wp\/v2\/media\/8501"}],"wp:attachment":[{"href":"https:\/\/gymupstore.cl\/index.php\/wp-json\/wp\/v2\/media?parent=8498"}],"wp:term":[{"taxonomy":"location","embeddable":true,"href":"https:\/\/gymupstore.cl\/index.php\/wp-json\/wp\/v2\/location?post=8498"},{"taxonomy":"product_cat","embeddable":true,"href":"https:\/\/gymupstore.cl\/index.php\/wp-json\/wp\/v2\/product_cat?post=8498"},{"taxonomy":"product_tag","embeddable":true,"href":"https:\/\/gymupstore.cl\/index.php\/wp-json\/wp\/v2\/product_tag?post=8498"}],"curies":[{"name":"wp","href":"https:\/\/api.w.org\/{rel}","templated":true}]}}