{"id":8469,"date":"2023-04-04T03:23:04","date_gmt":"2023-04-04T03:23:04","guid":{"rendered":"https:\/\/gymupstore.cl\/?post_type=product&#038;p=8469"},"modified":"2023-05-18T20:21:04","modified_gmt":"2023-05-18T20:21:04","slug":"fallout-76-steelbook-edition-ps4","status":"publish","type":"product","link":"https:\/\/gymupstore.cl\/index.php\/producto\/fallout-76-steelbook-edition-ps4\/","title":{"rendered":"Fallout 76 Steelbook Edition | PS4"},"content":{"rendered":"<div class=\"video-shortcode\"><iframe title=\"Fallout 76 \u2013 Official Trailer\" width=\"1325\" height=\"745\" src=\"https:\/\/www.youtube.com\/embed\/M9FGaan35s0?feature=oembed\" frameborder=\"0\" allow=\"accelerometer; autoplay; clipboard-write; encrypted-media; gyroscope; picture-in-picture; web-share\" allowfullscreen><\/iframe><\/div>\n<p>Bethesda Game Studios, los galardonados creadores de Skyrim y Fallout 4, os dan la bienvenida a Fallout 76, la precuela online donde cada humano superviviente es una persona real. Trabajad juntos (o no) para sobrevivir.<\/p>\n<p>D\u00eda de la Recuperaci\u00f3n, 2102. Veinticinco a\u00f1os despu\u00e9s de la ca\u00edda de las bombas, saldr\u00e9is junto a los dem\u00e1s compa\u00f1eros moradores del refugio (elegidos de entre lo mejor de la naci\u00f3n) a la Am\u00e9rica posnuclear. Jugad solos o formad equipos mientras explor\u00e1is, hac\u00e9is misiones, constru\u00eds y super\u00e1is las mayores amenazas del yermo.<\/p>\n<p>DE VUELTA A LA SUPERFICIE<br \/>\nEl multijugador por fin llega a los RPG \u00e9picos de mundo abierto de Bethesda Game Studios. Cread un personaje con el sistema S.P.E.C.I.A.L y forjad vuestro propio destino en un nuevo e ind\u00f3mito yermo con cientos de localizaciones. Tanto si viaj\u00e1is solos o con amigos, una aventura de Fallout nueva e inigualable os espera.<\/p>\n<p>LAS MONTA\u00d1AS ESPLENDOROSAS<br \/>\nGr\u00e1ficos, iluminaci\u00f3n y tecnolog\u00eda de paisajes completamente nuevos, dan vida a seis regiones distintas de Virginia Occidental. Desde los bosques de Appalachia hasta las nocivas extensiones carmes\u00edes del pantano de Cranberry, cada regi\u00f3n ofrece sus propios riesgos y recompensas. \u00a1La Am\u00e9rica posnuclear nunca hab\u00eda sido tan hermosa!<\/p>\n<p>UN NUEVO SUE\u00d1O AMERICANO<br \/>\nUtilizad el nuevo Centro ambulante de montaje y planificaci\u00f3n (C.A.M.P.) para construir y crear cualquier cosa. Vuestro C.A.M.P. os proporcionar\u00e1 refugio, suministros y seguridad. Incluso pod\u00e9is instalar una tienda para intercambiar objetos con otros supervivientes. Pero id con cuidado: no todo el mundo querr\u00e1 ser vuestro amigo.<\/p>\n<p>EL PODER DEL \u00c1TOMO<br \/>\nViajad en solitario o con otros supervivientes para desbloquear el acceso al arma suprema: los misiles nucleares. Su poder destructivo tambi\u00e9n crea una zona de alto nivel con recursos poco comunes y de gran valor. \u00bfProteger\u00e9is o desatar\u00e9is el poder del \u00e1tomo? La decisi\u00f3n es vuestra.<\/p>\n","protected":false},"excerpt":{"rendered":"<ul>\n<li>Formato Producto F\u00edsico (Juego en Disco o Cartridge seg\u00fan consola)<\/li>\n<li>Actualizaci\u00f3n a PS5 Juego Compatible con PS5, misma experiencia que al usarlo en PS4.<\/li>\n<li>Desarrollador Bethesda<\/li>\n<li>Publisher Bethesda<\/li>\n<\/ul>\n","protected":false},"featured_media":8470,"comment_status":"open","ping_status":"closed","template":"","meta":[],"location":[495],"product_cat":[526,518,496],"product_tag":[],"locations":[{"id":495,"name":"PMC","slug":"gymupstore-pmc","quantity":"1"}],"_links":{"self":[{"href":"https:\/\/gymupstore.cl\/index.php\/wp-json\/wp\/v2\/product\/8469"}],"collection":[{"href":"https:\/\/gymupstore.cl\/index.php\/wp-json\/wp\/v2\/product"}],"about":[{"href":"https:\/\/gymupstore.cl\/index.php\/wp-json\/wp\/v2\/types\/product"}],"replies":[{"embeddable":true,"href":"https:\/\/gymupstore.cl\/index.php\/wp-json\/wp\/v2\/comments?post=8469"}],"wp:featuredmedia":[{"embeddable":true,"href":"https:\/\/gymupstore.cl\/index.php\/wp-json\/wp\/v2\/media\/8470"}],"wp:attachment":[{"href":"https:\/\/gymupstore.cl\/index.php\/wp-json\/wp\/v2\/media?parent=8469"}],"wp:term":[{"taxonomy":"location","embeddable":true,"href":"https:\/\/gymupstore.cl\/index.php\/wp-json\/wp\/v2\/location?post=8469"},{"taxonomy":"product_cat","embeddable":true,"href":"https:\/\/gymupstore.cl\/index.php\/wp-json\/wp\/v2\/product_cat?post=8469"},{"taxonomy":"product_tag","embeddable":true,"href":"https:\/\/gymupstore.cl\/index.php\/wp-json\/wp\/v2\/product_tag?post=8469"}],"curies":[{"name":"wp","href":"https:\/\/api.w.org\/{rel}","templated":true}]}}