{"id":8467,"date":"2023-04-04T03:18:35","date_gmt":"2023-04-04T03:18:35","guid":{"rendered":"https:\/\/gymupstore.cl\/?post_type=product&#038;p=8467"},"modified":"2023-04-04T03:19:18","modified_gmt":"2023-04-04T03:19:18","slug":"middle-earth-shadow-of-war-ps4","status":"publish","type":"product","link":"https:\/\/gymupstore.cl\/index.php\/producto\/middle-earth-shadow-of-war-ps4\/","title":{"rendered":"Middle-Earth: Shadow Of War | PS4"},"content":{"rendered":"<div class=\"video-shortcode\"><iframe title=\"Middle-earth: Shadow of War - Official Gameplay Walkthrough Video | PS4\" width=\"1325\" height=\"745\" src=\"https:\/\/www.youtube.com\/embed\/o9D7RTPI7yM?feature=oembed\" frameborder=\"0\" allow=\"accelerometer; autoplay; clipboard-write; encrypted-media; gyroscope; picture-in-picture; web-share\" allowfullscreen><\/iframe><\/div>\n<p>En la secuela \u00e9pica del galardonado juego La Tierra Media: Sombras de Mordor, podr\u00e1s traspasar las l\u00edneas enemigas para forjar un ej\u00e9rcito, conquistar fortalezas y dominar Mordor desde dentro. Vive la experiencia de crear historias \u00fanicas y personales con cada enemigo y adepto gracias al galardonado sistema N\u00e9mesis. Enfr\u00e9ntate a Sauron, el poderoso Se\u00f1or Oscuro, y a los Espectros del Anillo en esta nueva historia \u00e9pica de la Tierra Media.<\/p>\n<p><strong>CONQUISTA DESDE DENTRO: PON A MORDOR EN CONTRA DE SAURON<\/strong><br \/>\nTraspasa las l\u00edneas enemigas y utiliza estrategia, ingenio o fuerza bruta para conquistar las fortalezas de Sauron y volverlas contra \u00e9l.<\/p>\n<p><strong>UNA NUEVA FORMA DE DAR VIDA AL MUNDO Y A LA SOCIEDAD ORCA: SISTEMA N\u00c9MESIS MEJORADO<\/strong><br \/>\nTraspasa las l\u00edneas enemigas y utiliza estrategia, ingenio o fuerza bruta para conquistar las fortalezas de Sauron y volverlas contra \u00e9l.<\/p>\n<p><strong>UN MUNDO MEJOR, M\u00c1S EXTENSO Y PERSONAL: UNA HISTORIA \u00c9PICA DE GUERRA Y REDENCI\u00d3N<\/strong><br \/>\nSum\u00e9rgete en la escala \u00e9pica de la Tierra Media, forja un Nuevo Anillo y asedia fortalezas \u00e9picas para enfrentarte al Se\u00f1or Oscuro y a sus Nazg\u00fbl.<\/p>\n","protected":false},"excerpt":{"rendered":"<ul>\n<li>Formato Producto F\u00edsico (Juego en Disco o Cartridge seg\u00fan consola)<\/li>\n<li>Actualizaci\u00f3n a PS5 Al usar este juego en PS5 expermimentar\u00e1s un rendimiento superior en la consola, que puede verse en una mayor tasa de FPS o Rango din\u00e1mico mejorado, o mejores tiempos de carga, dependiendo del juego.<\/li>\n<li>Fabricante\/Publisher Warner Bros. Games<\/li>\n<li>Idioma Audio Ingles\/Espa\u00f1ol<\/li>\n<li>Idioma Subtitulos Ingles\/Espa\u00f1ol<\/li>\n<li>Jugadores Consola 1<\/li>\n<li>Jugadores Online 1<\/li>\n<\/ul>\n","protected":false},"featured_media":8468,"comment_status":"open","ping_status":"closed","template":"","meta":[],"location":[495],"product_cat":[526,518,496],"product_tag":[],"locations":[{"id":495,"name":"PMC","slug":"gymupstore-pmc","quantity":"1"}],"_links":{"self":[{"href":"https:\/\/gymupstore.cl\/index.php\/wp-json\/wp\/v2\/product\/8467"}],"collection":[{"href":"https:\/\/gymupstore.cl\/index.php\/wp-json\/wp\/v2\/product"}],"about":[{"href":"https:\/\/gymupstore.cl\/index.php\/wp-json\/wp\/v2\/types\/product"}],"replies":[{"embeddable":true,"href":"https:\/\/gymupstore.cl\/index.php\/wp-json\/wp\/v2\/comments?post=8467"}],"wp:featuredmedia":[{"embeddable":true,"href":"https:\/\/gymupstore.cl\/index.php\/wp-json\/wp\/v2\/media\/8468"}],"wp:attachment":[{"href":"https:\/\/gymupstore.cl\/index.php\/wp-json\/wp\/v2\/media?parent=8467"}],"wp:term":[{"taxonomy":"location","embeddable":true,"href":"https:\/\/gymupstore.cl\/index.php\/wp-json\/wp\/v2\/location?post=8467"},{"taxonomy":"product_cat","embeddable":true,"href":"https:\/\/gymupstore.cl\/index.php\/wp-json\/wp\/v2\/product_cat?post=8467"},{"taxonomy":"product_tag","embeddable":true,"href":"https:\/\/gymupstore.cl\/index.php\/wp-json\/wp\/v2\/product_tag?post=8467"}],"curies":[{"name":"wp","href":"https:\/\/api.w.org\/{rel}","templated":true}]}}